{"id":22311,"date":"2026-04-20T09:49:40","date_gmt":"2026-04-20T09:49:40","guid":{"rendered":"https:\/\/sezam.svetsajtova.com\/?post_type=product&#038;p=22311"},"modified":"2026-04-21T11:18:49","modified_gmt":"2026-04-21T11:18:49","slug":"investiciono-zlato-heimerlemeule-2-5g","status":"publish","type":"product","link":"https:\/\/sezam.svetsajtova.com\/en\/shop\/investiciono-zlato\/investiciono-zlato-heimerlemeule-2-5g\/","title":{"rendered":"Investiciono zlato Heimerle+Meule 2.5g"},"content":{"rendered":"<p>Zlatna poluga te\u017eine 2,5 grama predstavlja idealan izbor za sve koji \u017eele sigurno i dugoro\u010dno ulaganje u plemenite metale. Proizvedena u Nema\u010dkoj, ova poluga dolazi iz renomirane rafinerije Heimerle + Meule, poznate po vrhunskom kvalitetu i dugoj tradiciji u obradi zlata. Sa \u010disto\u0107om od 999.9 (24 karata), spada u najvi\u0161i standard investicionog zlata, \u0161to garantuje njenu visoku vrednost i likvidnost na tr\u017ei\u0161tu.<\/p>\n<p>Zahvaljuju\u0107i preciznoj izradi i kompaktnim dimenzijama (24 \u00d7 14 \u00d7 0,5 mm), ova zlatna poluga je izuzetno prakti\u010dna za \u010duvanje, ali i kao poklon koji zadr\u017eava trajnu vrednost. Pravougaoni oblik i elegantan dizajn dodatno nagla\u0161avaju njen luksuzni karakter.<\/p>\n<p>Poluga dolazi u originalnom blister pakovanju koje je ujedno i sertifikat autenti\u010dnosti. Ovo pakovanje \u0161titi proizvod od spolja\u0161njih uticaja i omogu\u0107ava jednostavnu verifikaciju porekla i kvaliteta, \u0161to je posebno va\u017eno kod investicionog zlata.<\/p>\n<p>Kupovina ove zlatne poluge predstavlja pametan na\u010din da za\u0161titite svoj kapital od inflacije i ekonomskih oscilacija. Zahvaljuju\u0107i globalnoj prepoznatljivosti i standardizovanoj \u010disto\u0107i, lako se prodaje bilo gde u svetu, \u0161to je \u010dini jednom od najsigurnijih investicija u dana\u0161njem vremenu.<\/p>","protected":false},"excerpt":{"rendered":"<p data-start=\"84\" data-end=\"376\">Heimerle + Meule predstavlja jednu od najuglednijih rafinerija plemenitih metala u Evropi, sa tradicijom koja traje jo\u0161 od 1845. godine. Osnovana u nema\u010dkom gradu Pforzheimu \u2013 poznatom kao centar zlatarstva \u2013 ova kompanija izgradila je reputaciju sinonima za kvalitet, sigurnost i pouzdanost.<\/p>\n<p data-start=\"378\" data-end=\"458\" data-is-last-node=\"\" data-is-only-node=\"\">","protected":false},"featured_media":22346,"comment_status":"open","ping_status":"closed","template":"","meta":{"_acf_changed":false},"product_brand":[],"product_cat":[141,134],"product_tag":[],"class_list":{"0":"post-22311","1":"product","2":"type-product","3":"status-publish","4":"has-post-thumbnail","6":"product_cat-investiciono-zlato","7":"product_cat-zlatne-poluge","9":"first","10":"instock","11":"shipping-taxable","12":"purchasable","13":"product-type-simple"},"acf":[],"_links":{"self":[{"href":"https:\/\/sezam.svetsajtova.com\/en\/wp-json\/wp\/v2\/product\/22311","targetHints":{"allow":["GET"]}}],"collection":[{"href":"https:\/\/sezam.svetsajtova.com\/en\/wp-json\/wp\/v2\/product"}],"about":[{"href":"https:\/\/sezam.svetsajtova.com\/en\/wp-json\/wp\/v2\/types\/product"}],"replies":[{"embeddable":true,"href":"https:\/\/sezam.svetsajtova.com\/en\/wp-json\/wp\/v2\/comments?post=22311"}],"version-history":[{"count":1,"href":"https:\/\/sezam.svetsajtova.com\/en\/wp-json\/wp\/v2\/product\/22311\/revisions"}],"predecessor-version":[{"id":22347,"href":"https:\/\/sezam.svetsajtova.com\/en\/wp-json\/wp\/v2\/product\/22311\/revisions\/22347"}],"wp:featuredmedia":[{"embeddable":true,"href":"https:\/\/sezam.svetsajtova.com\/en\/wp-json\/wp\/v2\/media\/22346"}],"wp:attachment":[{"href":"https:\/\/sezam.svetsajtova.com\/en\/wp-json\/wp\/v2\/media?parent=22311"}],"wp:term":[{"taxonomy":"product_brand","embeddable":true,"href":"https:\/\/sezam.svetsajtova.com\/en\/wp-json\/wp\/v2\/product_brand?post=22311"},{"taxonomy":"product_cat","embeddable":true,"href":"https:\/\/sezam.svetsajtova.com\/en\/wp-json\/wp\/v2\/product_cat?post=22311"},{"taxonomy":"product_tag","embeddable":true,"href":"https:\/\/sezam.svetsajtova.com\/en\/wp-json\/wp\/v2\/product_tag?post=22311"}],"curies":[{"name":"wp","href":"https:\/\/api.w.org\/{rel}","templated":true}]}}