{"id":22305,"date":"2026-04-20T09:49:40","date_gmt":"2026-04-20T09:49:40","guid":{"rendered":"https:\/\/sezam.svetsajtova.com\/?post_type=product&#038;p=22305"},"modified":"2026-04-21T12:32:13","modified_gmt":"2026-04-21T12:32:13","slug":"srebrni-novcic-1-unca-godina-zeca-2023","status":"publish","type":"product","link":"https:\/\/sezam.svetsajtova.com\/en\/shop\/art-srebrnjaci-ekskluzivna-kolekcija\/srebrni-novcic-1-unca-godina-zeca-2023\/","title":{"rendered":"Srebrni nov\u010di\u0107 1 unca \u2013 Godina Zeca 2023"},"content":{"rendered":"<p data-start=\"756\" data-end=\"955\">Srebrni nov\u010di\u0107 <strong data-start=\"771\" data-end=\"835\">BH Mayer \u2013 Lunar Ounce 2023: Godina Zeca (Gold Noir Edition)<\/strong> predstavlja jedan od najtra\u017eenijih Lunar izdanja iz presti\u017ene serije koju izra\u0111uje \u010duvena nema\u010dka kovnica <strong data-start=\"942\" data-end=\"954\">BH Mayer<\/strong>.<\/p>\n<p data-start=\"957\" data-end=\"1242\">Prednja strana (avers) prikazuje mozaik prikaz zeca \u2014 simbola ne\u017enosti, sre\u0107e, blagostanja, intuicije i napretka. \u010citav motiv je izveden u kombinaciji crnog rutenijuma za reljef i sjajne zlatne pozadine za maksimalan vizuelni kontrast. Iznad motiva nalazi se kineski karakter za \u201ezec\u201c.<\/p>\n<p data-start=\"1244\" data-end=\"1430\">Zadnja strana (revers) prikazuje zvani\u010dni grb Republike Ruande na bogatoj zlatnoj pozadini.<br data-start=\"1335\" data-end=\"1338\" \/>Ovaj spoj preciznog reljefa, rutenijuma i pozlate \u010dini nov\u010di\u0107 pravim malim umetni\u010dkim delom.<\/p>\n<h3 data-start=\"1432\" data-end=\"1473\"><strong data-start=\"1436\" data-end=\"1473\">Simbolika Zeca u lunarnom ciklusu<\/strong><\/h3>\n<p data-start=\"1474\" data-end=\"1487\">Zec donosi:<\/p>\n<ul data-start=\"1488\" data-end=\"1609\">\n<li data-start=\"1488\" data-end=\"1513\">\n<p data-start=\"1490\" data-end=\"1513\">smirenost i harmoniju<\/p>\n<\/li>\n<li data-start=\"1514\" data-end=\"1537\">\n<p data-start=\"1516\" data-end=\"1537\">sre\u0107u i blagostanje<\/p>\n<\/li>\n<li data-start=\"1538\" data-end=\"1585\">\n<p data-start=\"1540\" data-end=\"1585\">prosperitet u porodi\u010dnom i poslovnom \u017eivotu<\/p>\n<\/li>\n<li data-start=\"1586\" data-end=\"1609\">\n<p data-start=\"1588\" data-end=\"1609\">za\u0161titu i intuiciju<\/p>\n<\/li>\n<\/ul>\n<p data-start=\"1611\" data-end=\"1712\">Zbog toga se ovaj nov\u010di\u0107 \u010desto kupuje kao <strong data-start=\"1653\" data-end=\"1672\">poklon za sre\u0107u<\/strong>, ali i kao <strong data-start=\"1684\" data-end=\"1711\">kolekcionarsko ulaganje<\/strong>.<\/p>\n<p data-start=\"1714\" data-end=\"1825\">Ograni\u010deno izdanje, vrhunska obrada i pakovanje sa sertifikatom \u010dine ga luksuznim izborom za sve numizmati\u010dare.<\/p>","protected":false},"excerpt":{"rendered":"<p data-start=\"362\" data-end=\"729\">Ekskluzivni srebrni nov\u010di\u0107 <strong data-start=\"389\" data-end=\"432\">BH Mayer Lunar Ounce 2023 \u2013 Godina Zeca<\/strong>, izra\u0111en od \u010distog srebra 999\/1000 i oboga\u0107en elegantnom kombinacijom <strong data-start=\"503\" data-end=\"537\">pozlate i rutenijumskog fini\u0161a<\/strong>. Motiv zeca prikazan je u prepoznatljivom mozaik stilu, dok zlatna podloga daje sna\u017ean luksuzni kontrast. Revers nosi zvani\u010dni ruandski grb. Limitirano i veoma tra\u017eeno kolekcionarsko izdanje.<\/p>","protected":false},"featured_media":22326,"comment_status":"open","ping_status":"closed","template":"","meta":{"_acf_changed":false},"product_brand":[],"product_cat":[151],"product_tag":[],"class_list":{"0":"post-22305","1":"product","2":"type-product","3":"status-publish","4":"has-post-thumbnail","6":"product_cat-art-srebrnjaci-ekskluzivna-kolekcija","8":"first","9":"instock","10":"shipping-taxable","11":"purchasable","12":"product-type-simple"},"acf":[],"_links":{"self":[{"href":"https:\/\/sezam.svetsajtova.com\/en\/wp-json\/wp\/v2\/product\/22305","targetHints":{"allow":["GET"]}}],"collection":[{"href":"https:\/\/sezam.svetsajtova.com\/en\/wp-json\/wp\/v2\/product"}],"about":[{"href":"https:\/\/sezam.svetsajtova.com\/en\/wp-json\/wp\/v2\/types\/product"}],"replies":[{"embeddable":true,"href":"https:\/\/sezam.svetsajtova.com\/en\/wp-json\/wp\/v2\/comments?post=22305"}],"version-history":[{"count":1,"href":"https:\/\/sezam.svetsajtova.com\/en\/wp-json\/wp\/v2\/product\/22305\/revisions"}],"predecessor-version":[{"id":22327,"href":"https:\/\/sezam.svetsajtova.com\/en\/wp-json\/wp\/v2\/product\/22305\/revisions\/22327"}],"wp:featuredmedia":[{"embeddable":true,"href":"https:\/\/sezam.svetsajtova.com\/en\/wp-json\/wp\/v2\/media\/22326"}],"wp:attachment":[{"href":"https:\/\/sezam.svetsajtova.com\/en\/wp-json\/wp\/v2\/media?parent=22305"}],"wp:term":[{"taxonomy":"product_brand","embeddable":true,"href":"https:\/\/sezam.svetsajtova.com\/en\/wp-json\/wp\/v2\/product_brand?post=22305"},{"taxonomy":"product_cat","embeddable":true,"href":"https:\/\/sezam.svetsajtova.com\/en\/wp-json\/wp\/v2\/product_cat?post=22305"},{"taxonomy":"product_tag","embeddable":true,"href":"https:\/\/sezam.svetsajtova.com\/en\/wp-json\/wp\/v2\/product_tag?post=22305"}],"curies":[{"name":"wp","href":"https:\/\/api.w.org\/{rel}","templated":true}]}}