{"id":22221,"date":"2026-04-20T09:49:31","date_gmt":"2026-04-20T09:49:31","guid":{"rendered":"https:\/\/sezam.svetsajtova.com\/?post_type=product&#038;p=22221"},"modified":"2026-04-20T18:46:04","modified_gmt":"2026-04-20T18:46:04","slug":"narukvice-iv","status":"publish","type":"product","link":"https:\/\/sezam.svetsajtova.com\/en\/shop\/narukvice\/narukvice-iv\/","title":{"rendered":"Narukvice IV"},"content":{"rendered":"","protected":false},"excerpt":{"rendered":"<p data-start=\"158\" data-end=\"360\">Narukvice su mnogo vi\u0161e od samog komada nakita \u2014 one su izraz stila, karaktera i emocija koje nosimo sa sobom. Svaka narukvica pri\u010da pri\u010du o trenutku, osobi ili se\u0107anju koje \u017eelimo zauvek da zadr\u017eimo.<\/p>\n<p data-start=\"362\" data-end=\"604\">Bilo da je poklon od voljene osobe, suvenir sa posebnog putovanja ili simbol li\u010dnog uspeha, narukvica uvek ima svoje zna\u010denje. Neka svaki detalj \u2014 perla, privezak ili pleteni motiv \u2014 bude va\u0161 tihi podsetnik na dragocene trenutke i ose\u0107anja.<\/p>\n<p data-start=\"606\" data-end=\"771\">Nosite ih sa ponosom, jer narukvice nisu samo ukras, ve\u0107 nevidljiva nit koja povezuje pro\u0161lost, sada\u0161njost i budu\u0107nost u jedinstvenom sjaju koji pripada samo vama.<\/p>","protected":false},"featured_media":22262,"comment_status":"open","ping_status":"closed","template":"","meta":{"_acf_changed":false},"product_brand":[],"product_cat":[144],"product_tag":[],"class_list":{"0":"post-22221","1":"product","2":"type-product","3":"status-publish","4":"has-post-thumbnail","6":"product_cat-narukvice","8":"first","9":"instock","10":"shipping-taxable","11":"product-type-simple"},"acf":[],"_links":{"self":[{"href":"https:\/\/sezam.svetsajtova.com\/en\/wp-json\/wp\/v2\/product\/22221","targetHints":{"allow":["GET"]}}],"collection":[{"href":"https:\/\/sezam.svetsajtova.com\/en\/wp-json\/wp\/v2\/product"}],"about":[{"href":"https:\/\/sezam.svetsajtova.com\/en\/wp-json\/wp\/v2\/types\/product"}],"replies":[{"embeddable":true,"href":"https:\/\/sezam.svetsajtova.com\/en\/wp-json\/wp\/v2\/comments?post=22221"}],"version-history":[{"count":1,"href":"https:\/\/sezam.svetsajtova.com\/en\/wp-json\/wp\/v2\/product\/22221\/revisions"}],"predecessor-version":[{"id":22263,"href":"https:\/\/sezam.svetsajtova.com\/en\/wp-json\/wp\/v2\/product\/22221\/revisions\/22263"}],"wp:featuredmedia":[{"embeddable":true,"href":"https:\/\/sezam.svetsajtova.com\/en\/wp-json\/wp\/v2\/media\/22262"}],"wp:attachment":[{"href":"https:\/\/sezam.svetsajtova.com\/en\/wp-json\/wp\/v2\/media?parent=22221"}],"wp:term":[{"taxonomy":"product_brand","embeddable":true,"href":"https:\/\/sezam.svetsajtova.com\/en\/wp-json\/wp\/v2\/product_brand?post=22221"},{"taxonomy":"product_cat","embeddable":true,"href":"https:\/\/sezam.svetsajtova.com\/en\/wp-json\/wp\/v2\/product_cat?post=22221"},{"taxonomy":"product_tag","embeddable":true,"href":"https:\/\/sezam.svetsajtova.com\/en\/wp-json\/wp\/v2\/product_tag?post=22221"}],"curies":[{"name":"wp","href":"https:\/\/api.w.org\/{rel}","templated":true}]}}