{"id":21786,"date":"2026-04-20T09:47:56","date_gmt":"2026-04-20T09:47:56","guid":{"rendered":"https:\/\/sezam.svetsajtova.com\/?post_type=product&#038;p=21786"},"modified":"2026-04-21T12:53:42","modified_gmt":"2026-04-21T12:53:42","slug":"zlatna-poluga-10x1-g-argor-heraeus","status":"publish","type":"product","link":"https:\/\/sezam.svetsajtova.com\/en\/shop\/investiciono-zlato\/zlatna-poluga-10x1-g-argor-heraeus\/","title":{"rendered":"Zlatna poluga 10\u00d71 g Argor Heraeus"},"content":{"rendered":"<article class=\"text-token-text-primary w-full focus:outline-none [--shadow-height:45px] has-data-writing-block:pointer-events-none has-data-writing-block:-mt-(--shadow-height) has-data-writing-block:pt-(--shadow-height) [&amp;:has([data-writing-block])&gt;*]:pointer-events-auto [content-visibility:auto] supports-[content-visibility:auto]:[contain-intrinsic-size:auto_100lvh] scroll-mt-[calc(var(--header-height)+min(200px,max(70px,20svh)))]\" dir=\"auto\" tabindex=\"-1\" data-turn-id=\"8dacec09-6848-40b1-858e-2f2f1d76c84a\" data-testid=\"conversation-turn-18\" data-scroll-anchor=\"true\" data-turn=\"assistant\">\n<div class=\"text-base my-auto mx-auto pb-10 [--thread-content-margin:--spacing(4)] thread-sm:[--thread-content-margin:--spacing(6)] thread-lg:[--thread-content-margin:--spacing(16)] px-(--thread-content-margin)\">\n<div class=\"[--thread-content-max-width:40rem] thread-lg:[--thread-content-max-width:48rem] mx-auto max-w-(--thread-content-max-width) flex-1 group\/turn-messages focus-visible:outline-hidden relative flex w-full min-w-0 flex-col agent-turn\" tabindex=\"-1\">\n<div class=\"flex max-w-full flex-col grow\">\n<div class=\"min-h-8 text-message relative flex w-full flex-col items-end gap-2 text-start break-words whitespace-normal [.text-message+&amp;]:mt-1\" dir=\"auto\" data-message-author-role=\"assistant\" data-message-id=\"1925fdb4-745c-43c2-bbbc-2ddecc7e8a12\" data-message-model-slug=\"gpt-5\">\n<div class=\"flex w-full flex-col gap-1 empty:hidden first:pt-[1px]\">\n<div class=\"markdown prose dark:prose-invert w-full break-words dark markdown-new-styling\">\n<p data-start=\"478\" data-end=\"815\">Zlatna poluga Argor-Heraeus 10\u00d71 g Multicard inovativno je re\u0161enje za investitore koji \u017eele ve\u0107u koli\u010dinu zlata u prakti\u010dnom i deljivom formatu. Ovaj proizvod sastoji se od 10 individualnih poluga po 1 gram, koje su povezane u prakti\u010dnoj kartici, ali se po potrebi mogu lako razdvojiti, bez gubitka vrednosti ili o\u0161te\u0107enja.<\/p>\n<p data-start=\"817\" data-end=\"1153\">Svaka poluga izra\u0111ena je od \u010distog zlata fino\u0107e 999,9\/1000 (24 karata), sa zasebnim serijskim brojem i oznakom \u010disto\u0107e. Na aversu svake mini poluge nalazi se logo kovnice Argor-Heraeus, natpisi \u201eSwitzerland\u201c, \u201e1 g Fine Gold 999.9\u201c, kao i serijski broj. Revers je ukra\u0161en za\u0161titnim motivima koji potvr\u0111uju autenti\u010dnost.<\/p>\n<p data-start=\"1155\" data-end=\"1460\">Multicard format nudi investitorima maksimalnu fleksibilnost \u2013 mo\u017ee se \u010duvati kao celina ili koristiti pojedina\u010dno, \u0161to ga \u010dini idealnim za poklone, delimi\u010dne prodaje ili raznovrsne oblike ulaganja. Zahvaljuju\u0107i LBMA sertifikatu, svaka poluga garantuje me\u0111unarodno priznatu \u010disto\u0107u i likvidnost.<\/p>\n<p data-start=\"1462\" data-end=\"1498\">Ovaj proizvod je savr\u0161en izbor za:<\/p>\n<ul data-start=\"1499\" data-end=\"1646\">\n<li data-start=\"1499\" data-end=\"1556\">\n<p data-start=\"1501\" data-end=\"1556\">investitore koji \u017eele lako prenosivo i deljivo zlato,<\/p>\n<\/li>\n<li data-start=\"1557\" data-end=\"1586\">\n<p data-start=\"1559\" data-end=\"1586\">kolekcionare i poklonike,<\/p>\n<\/li>\n<li data-start=\"1587\" data-end=\"1646\">\n<p data-start=\"1589\" data-end=\"1646\">dugoro\u010dna ulaganja sa mogu\u0107no\u0161\u0107u postepenog kori\u0161\u0107enja.<\/p>\n<\/li>\n<\/ul>\n<p data-start=\"1648\" data-end=\"1821\">Kupovinom Argor-Heraeus 10\u00d71 g Multicard ula\u017eete u \u0161vajcarsku tradiciju, pouzdanost i savremeni koncept investicionog zlata koji objedinjuje prakti\u010dnost i presti\u017e.<\/p>\n<\/div>\n<\/div>\n<\/div>\n<\/div>\n<\/div>\n<\/div>\n<\/article>\n","protected":false},"excerpt":{"rendered":"<p data-start=\"37\" data-end=\"437\">Zlatna poluga <strong data-start=\"51\" data-end=\"85\">Argor-Heraeus 10\u00d71 g Multicard<\/strong> predstavlja inovativan i prakti\u010dan na\u010din ulaganja u zlato. Sastoji se od 10 odvojenih poluga po 1 gram, izra\u0111enih od naj\u010distijeg zlata fino\u0107e 999,9\/1000 (24 karata). Poreklom iz presti\u017ene \u0161vajcarske kovnice Argor-Heraeus SA, \u010dlanice LBMA udru\u017eenja, ovaj proizvod nudi savr\u0161en balans izme\u0111u fleksibilnosti, sigurnosti i visokog kvaliteta.<\/p>","protected":false},"featured_media":21876,"comment_status":"open","ping_status":"closed","template":"","meta":{"_acf_changed":false},"product_brand":[],"product_cat":[141],"product_tag":[],"class_list":{"0":"post-21786","1":"product","2":"type-product","3":"status-publish","4":"has-post-thumbnail","6":"product_cat-investiciono-zlato","8":"first","9":"instock","10":"shipping-taxable","11":"purchasable","12":"product-type-simple"},"acf":[],"_links":{"self":[{"href":"https:\/\/sezam.svetsajtova.com\/en\/wp-json\/wp\/v2\/product\/21786","targetHints":{"allow":["GET"]}}],"collection":[{"href":"https:\/\/sezam.svetsajtova.com\/en\/wp-json\/wp\/v2\/product"}],"about":[{"href":"https:\/\/sezam.svetsajtova.com\/en\/wp-json\/wp\/v2\/types\/product"}],"replies":[{"embeddable":true,"href":"https:\/\/sezam.svetsajtova.com\/en\/wp-json\/wp\/v2\/comments?post=21786"}],"version-history":[{"count":1,"href":"https:\/\/sezam.svetsajtova.com\/en\/wp-json\/wp\/v2\/product\/21786\/revisions"}],"predecessor-version":[{"id":21877,"href":"https:\/\/sezam.svetsajtova.com\/en\/wp-json\/wp\/v2\/product\/21786\/revisions\/21877"}],"wp:featuredmedia":[{"embeddable":true,"href":"https:\/\/sezam.svetsajtova.com\/en\/wp-json\/wp\/v2\/media\/21876"}],"wp:attachment":[{"href":"https:\/\/sezam.svetsajtova.com\/en\/wp-json\/wp\/v2\/media?parent=21786"}],"wp:term":[{"taxonomy":"product_brand","embeddable":true,"href":"https:\/\/sezam.svetsajtova.com\/en\/wp-json\/wp\/v2\/product_brand?post=21786"},{"taxonomy":"product_cat","embeddable":true,"href":"https:\/\/sezam.svetsajtova.com\/en\/wp-json\/wp\/v2\/product_cat?post=21786"},{"taxonomy":"product_tag","embeddable":true,"href":"https:\/\/sezam.svetsajtova.com\/en\/wp-json\/wp\/v2\/product_tag?post=21786"}],"curies":[{"name":"wp","href":"https:\/\/api.w.org\/{rel}","templated":true}]}}