{"id":21785,"date":"2026-04-20T09:47:56","date_gmt":"2026-04-20T09:47:56","guid":{"rendered":"https:\/\/sezam.svetsajtova.com\/?post_type=product&#038;p=21785"},"modified":"2026-04-21T11:18:49","modified_gmt":"2026-04-21T11:18:49","slug":"zlatna-poluga-1000g-argor-heraeus","status":"publish","type":"product","link":"https:\/\/sezam.svetsajtova.com\/en\/shop\/investiciono-zlato\/zlatna-poluga-1000g-argor-heraeus\/","title":{"rendered":"Zlatna poluga 1000g \u2013 ARGOR HERAEUS"},"content":{"rendered":"<article class=\"text-token-text-primary w-full focus:outline-none [--shadow-height:45px] has-data-writing-block:pointer-events-none has-data-writing-block:-mt-(--shadow-height) has-data-writing-block:pt-(--shadow-height) [&amp;:has([data-writing-block])&gt;*]:pointer-events-auto [content-visibility:auto] supports-[content-visibility:auto]:[contain-intrinsic-size:auto_100lvh] scroll-mt-[calc(var(--header-height)+min(200px,max(70px,20svh)))]\" dir=\"auto\" tabindex=\"-1\" data-turn-id=\"8dacec09-6848-40b1-858e-2f2f1d76c84a\" data-testid=\"conversation-turn-18\" data-scroll-anchor=\"true\" data-turn=\"assistant\">\n<div class=\"text-base my-auto mx-auto pb-10 [--thread-content-margin:--spacing(4)] thread-sm:[--thread-content-margin:--spacing(6)] thread-lg:[--thread-content-margin:--spacing(16)] px-(--thread-content-margin)\">\n<div class=\"[--thread-content-max-width:40rem] thread-lg:[--thread-content-max-width:48rem] mx-auto max-w-(--thread-content-max-width) flex-1 group\/turn-messages focus-visible:outline-hidden relative flex w-full min-w-0 flex-col agent-turn\" tabindex=\"-1\">\n<div class=\"flex max-w-full flex-col grow\">\n<div class=\"min-h-8 text-message relative flex w-full flex-col items-end gap-2 text-start break-words whitespace-normal [.text-message+&amp;]:mt-1\" dir=\"auto\" data-message-author-role=\"assistant\" data-message-id=\"1925fdb4-745c-43c2-bbbc-2ddecc7e8a12\" data-message-model-slug=\"gpt-5\">\n<div class=\"flex w-full flex-col gap-1 empty:hidden first:pt-[1px]\">\n<div class=\"markdown prose dark:prose-invert w-full break-words dark markdown-new-styling\">\n<p data-start=\"482\" data-end=\"932\">Zlatna poluga Argor-Heraeus 1000 g (1 kilogram) spada u najpresti\u017enija izdanja investicionog zlata na svetu. Proizvodi je Argor-Heraeus SA, poznata \u0161vajcarska kovnica \u010dije poluge odlikuju vrhunska \u010disto\u0107a, precizna izrada i me\u0111unarodna prepoznatljivost. Svaka poluga izra\u0111ena je od \u010distog zlata fino\u0107e 999,9\/1000 (24 karata) i poseduje jedinstveni serijski broj i sertifikat autenti\u010dnosti, \u010dime se potvr\u0111uje njen kvalitet i poreklo.<\/p>\n<p data-start=\"934\" data-end=\"1168\">Na aversu se nalaze ugravirani logo kovnice Argor-Heraeus, natpisi \u201eSwitzerland\u201c, \u201e1 Kilo Fine Gold 999.9\u201c i serijski broj. Revers je jednostavan i elegantan, \u0161to daje poluzi prepoznatljiv izgled luksuza i autenti\u010dnosti.<\/p>\n<p data-start=\"1170\" data-end=\"1440\">Zlatna poluga od 1 kilograma namenjena je iskusnim investitorima i institucijama koje \u017eele da \u010duvaju kapital kroz stabilnu i likvidnu imovinu. Zahvaljuju\u0107i LBMA sertifikatu, Argor-Heraeus poluge su globalno priznate i lako zamenljive u bilo kom delu sveta.<\/p>\n<p data-start=\"1442\" data-end=\"1653\">Ova poluga predstavlja najvi\u0161i nivo ulaganja u fizi\u010dko zlato, pru\u017eaju\u0107i sigurnost, anonimnost i dugoro\u010dnu za\u0161titu kapitala. Idealna je za one koji \u017eele da posed u zlatu pretvore u nasle\u0111e trajne vrednosti.<\/p>\n<p data-start=\"1655\" data-end=\"1814\">Kupovinom Argor-Heraeus 1 kg poluge ula\u017eete u \u0161vajcarski simbol poverenja, tradicije i luksuza \u2014 garanciju zlatnog standarda koja traje generacijama.<\/p>\n<\/div>\n<\/div>\n<\/div>\n<\/div>\n<\/div>\n<\/div>\n<\/article>\n","protected":false},"excerpt":{"rendered":"<p data-start=\"37\" data-end=\"441\">Zlatna poluga <strong data-start=\"51\" data-end=\"82\">Argor-Heraeus 1000 g (1 kg)<\/strong> predstavlja vrhunac investicionog zlata \u2014 simbol sigurnosti, tradicije i presti\u017ea. Izra\u0111ena od naj\u010distijeg zlata fino\u0107e 999,9\/1000 (24 karata), poti\u010de iz renomirane \u0161vajcarske kovnice Argor-Heraeus SA, \u010dlana LBMA udru\u017eenja. Ova poluga namenjena je ozbiljnim investitorima koji \u017eele dugoro\u010dno i stabilno ulaganje u fizi\u010dko zlato vrhunskog kvaliteta.<\/p>","protected":false},"featured_media":21874,"comment_status":"open","ping_status":"closed","template":"","meta":{"_acf_changed":false},"product_brand":[],"product_cat":[141],"product_tag":[],"class_list":{"0":"post-21785","1":"product","2":"type-product","3":"status-publish","4":"has-post-thumbnail","6":"product_cat-investiciono-zlato","8":"first","9":"instock","10":"shipping-taxable","11":"purchasable","12":"product-type-simple"},"acf":[],"_links":{"self":[{"href":"https:\/\/sezam.svetsajtova.com\/en\/wp-json\/wp\/v2\/product\/21785","targetHints":{"allow":["GET"]}}],"collection":[{"href":"https:\/\/sezam.svetsajtova.com\/en\/wp-json\/wp\/v2\/product"}],"about":[{"href":"https:\/\/sezam.svetsajtova.com\/en\/wp-json\/wp\/v2\/types\/product"}],"replies":[{"embeddable":true,"href":"https:\/\/sezam.svetsajtova.com\/en\/wp-json\/wp\/v2\/comments?post=21785"}],"version-history":[{"count":1,"href":"https:\/\/sezam.svetsajtova.com\/en\/wp-json\/wp\/v2\/product\/21785\/revisions"}],"predecessor-version":[{"id":21875,"href":"https:\/\/sezam.svetsajtova.com\/en\/wp-json\/wp\/v2\/product\/21785\/revisions\/21875"}],"wp:featuredmedia":[{"embeddable":true,"href":"https:\/\/sezam.svetsajtova.com\/en\/wp-json\/wp\/v2\/media\/21874"}],"wp:attachment":[{"href":"https:\/\/sezam.svetsajtova.com\/en\/wp-json\/wp\/v2\/media?parent=21785"}],"wp:term":[{"taxonomy":"product_brand","embeddable":true,"href":"https:\/\/sezam.svetsajtova.com\/en\/wp-json\/wp\/v2\/product_brand?post=21785"},{"taxonomy":"product_cat","embeddable":true,"href":"https:\/\/sezam.svetsajtova.com\/en\/wp-json\/wp\/v2\/product_cat?post=21785"},{"taxonomy":"product_tag","embeddable":true,"href":"https:\/\/sezam.svetsajtova.com\/en\/wp-json\/wp\/v2\/product_tag?post=21785"}],"curies":[{"name":"wp","href":"https:\/\/api.w.org\/{rel}","templated":true}]}}