{"id":21784,"date":"2026-04-20T09:47:56","date_gmt":"2026-04-20T09:47:56","guid":{"rendered":"https:\/\/sezam.svetsajtova.com\/?post_type=product&#038;p=21784"},"modified":"2026-04-21T11:18:49","modified_gmt":"2026-04-21T11:18:49","slug":"zlatna-poluga-500g-argor-heraeus","status":"publish","type":"product","link":"https:\/\/sezam.svetsajtova.com\/en\/shop\/investiciono-zlato\/zlatna-poluga-500g-argor-heraeus\/","title":{"rendered":"Zlatna poluga 500g \u2013 ARGOR HERAEUS"},"content":{"rendered":"<article class=\"text-token-text-primary w-full focus:outline-none [--shadow-height:45px] has-data-writing-block:pointer-events-none has-data-writing-block:-mt-(--shadow-height) has-data-writing-block:pt-(--shadow-height) [&amp;:has([data-writing-block])&gt;*]:pointer-events-auto [content-visibility:auto] supports-[content-visibility:auto]:[contain-intrinsic-size:auto_100lvh] scroll-mt-[calc(var(--header-height)+min(200px,max(70px,20svh)))]\" dir=\"auto\" tabindex=\"-1\" data-turn-id=\"8dacec09-6848-40b1-858e-2f2f1d76c84a\" data-testid=\"conversation-turn-18\" data-scroll-anchor=\"true\" data-turn=\"assistant\">\n<div class=\"text-base my-auto mx-auto pb-10 [--thread-content-margin:--spacing(4)] thread-sm:[--thread-content-margin:--spacing(6)] thread-lg:[--thread-content-margin:--spacing(16)] px-(--thread-content-margin)\">\n<div class=\"[--thread-content-max-width:40rem] thread-lg:[--thread-content-max-width:48rem] mx-auto max-w-(--thread-content-max-width) flex-1 group\/turn-messages focus-visible:outline-hidden relative flex w-full min-w-0 flex-col agent-turn\" tabindex=\"-1\">\n<div class=\"flex max-w-full flex-col grow\">\n<div class=\"min-h-8 text-message relative flex w-full flex-col items-end gap-2 text-start break-words whitespace-normal [.text-message+&amp;]:mt-1\" dir=\"auto\" data-message-author-role=\"assistant\" data-message-id=\"1925fdb4-745c-43c2-bbbc-2ddecc7e8a12\" data-message-model-slug=\"gpt-5\">\n<div class=\"flex w-full flex-col gap-1 empty:hidden first:pt-[1px]\">\n<div class=\"markdown prose dark:prose-invert w-full break-words dark markdown-new-styling\">\n<p data-start=\"473\" data-end=\"929\">Zlatna poluga Argor-Heraeus 500 g predstavlja jedno od najcenjenijih izdanja investicionog zlata na svetskom tr\u017ei\u0161tu. Izra\u0111ena je u Argor-Heraeus SA, renomiranoj \u0161vajcarskoj kovnici poznatoj po najvi\u0161im standardima \u010disto\u0107e, preciznosti i kvalitetu. Svaka poluga te\u017ei 500 grama i izra\u0111ena je od \u010distog zlata fino\u0107e 999,9\/1000 (24 karata), sa jedinstvenim serijskim brojem i sertifikatom autenti\u010dnosti koji garantuju poreklo i kvalitet.<\/p>\n<p data-start=\"931\" data-end=\"1179\">Na aversu se nalazi logo kovnice Argor-Heraeus, oznaka zemlje porekla \u201eSwitzerland\u201c, natpisi \u201e500 g Fine Gold 999.9\u201c i serijski broj. Revers krasi minimalisti\u010dki za\u0161titni dezen koji potvr\u0111uje autenti\u010dnost i dodaje estetsku eleganciju.<\/p>\n<p data-start=\"1181\" data-end=\"1471\">Zlatna poluga od 500 g namenjena je investitorima koji \u017eele da za\u0161tite kapital kroz ulaganje u fizi\u010dko zlato visoke vrednosti. Nudi izuzetnu \u010disto\u0107u, jednostavno skladi\u0161tenje i globalnu likvidnost, budu\u0107i da se Argor-Heraeus poluge trguju \u0161irom sveta uz potpunu LBMA verifikaciju.<\/p>\n<p data-start=\"1473\" data-end=\"1540\">Ova poluga predstavlja dugoro\u010dnu sigurnost i idealan je izbor za:<\/p>\n<ul data-start=\"1541\" data-end=\"1680\">\n<li data-start=\"1541\" data-end=\"1586\">\n<p data-start=\"1543\" data-end=\"1586\">profesionalne investitore i kolekcionare,<\/p>\n<\/li>\n<li data-start=\"1587\" data-end=\"1641\">\n<p data-start=\"1589\" data-end=\"1641\">korporativna ulaganja i diversifikaciju portfelja,<\/p>\n<\/li>\n<li data-start=\"1642\" data-end=\"1680\">\n<p data-start=\"1644\" data-end=\"1680\">\u010duvanje vrednosti kroz generacije.<\/p>\n<\/li>\n<\/ul>\n<p data-start=\"1682\" data-end=\"1845\">Kupovinom Argor-Heraeus 500 g poluge ula\u017eete u zlatni standard kvaliteta i sigurnosti, prepoznatljiv \u0161irom sveta kao simbol poverenja i trajne vrednosti.<\/p>\n<\/div>\n<\/div>\n<\/div>\n<\/div>\n<\/div>\n<\/div>\n<\/article>\n","protected":false},"excerpt":{"rendered":"<p><iframe style=\"border: none; overflow: hidden; width: 100%; height: 54px;\" src=\"https:\/\/zlatarasezam.com\/500gr.php\" scrolling=\"no\"><\/iframe><\/p>\n<p data-start=\"37\" data-end=\"432\">Zlatna poluga <strong data-start=\"51\" data-end=\"74\">Argor-Heraeus 500 g<\/strong> sinonim je za vrhunsku \u0161vajcarsku izradu i najvi\u0161i stepen investicione sigurnosti. Proizvedena od naj\u010distijeg zlata fino\u0107e 999,9\/1000 (24 karata), dolazi iz presti\u017ene kovnice Argor-Heraeus SA, \u010dlana LBMA udru\u017eenja. Ova poluga je izbor profesionalnih investitora koji tra\u017ee stabilnost, \u010disto\u0107u i trajnu vrednost u fizi\u010dkom zlatu svetskog standarda.<\/p>","protected":false},"featured_media":21872,"comment_status":"open","ping_status":"closed","template":"","meta":{"_acf_changed":false},"product_brand":[],"product_cat":[141],"product_tag":[],"class_list":{"0":"post-21784","1":"product","2":"type-product","3":"status-publish","4":"has-post-thumbnail","6":"product_cat-investiciono-zlato","8":"first","9":"instock","10":"shipping-taxable","11":"purchasable","12":"product-type-simple"},"acf":[],"_links":{"self":[{"href":"https:\/\/sezam.svetsajtova.com\/en\/wp-json\/wp\/v2\/product\/21784","targetHints":{"allow":["GET"]}}],"collection":[{"href":"https:\/\/sezam.svetsajtova.com\/en\/wp-json\/wp\/v2\/product"}],"about":[{"href":"https:\/\/sezam.svetsajtova.com\/en\/wp-json\/wp\/v2\/types\/product"}],"replies":[{"embeddable":true,"href":"https:\/\/sezam.svetsajtova.com\/en\/wp-json\/wp\/v2\/comments?post=21784"}],"version-history":[{"count":1,"href":"https:\/\/sezam.svetsajtova.com\/en\/wp-json\/wp\/v2\/product\/21784\/revisions"}],"predecessor-version":[{"id":21873,"href":"https:\/\/sezam.svetsajtova.com\/en\/wp-json\/wp\/v2\/product\/21784\/revisions\/21873"}],"wp:featuredmedia":[{"embeddable":true,"href":"https:\/\/sezam.svetsajtova.com\/en\/wp-json\/wp\/v2\/media\/21872"}],"wp:attachment":[{"href":"https:\/\/sezam.svetsajtova.com\/en\/wp-json\/wp\/v2\/media?parent=21784"}],"wp:term":[{"taxonomy":"product_brand","embeddable":true,"href":"https:\/\/sezam.svetsajtova.com\/en\/wp-json\/wp\/v2\/product_brand?post=21784"},{"taxonomy":"product_cat","embeddable":true,"href":"https:\/\/sezam.svetsajtova.com\/en\/wp-json\/wp\/v2\/product_cat?post=21784"},{"taxonomy":"product_tag","embeddable":true,"href":"https:\/\/sezam.svetsajtova.com\/en\/wp-json\/wp\/v2\/product_tag?post=21784"}],"curies":[{"name":"wp","href":"https:\/\/api.w.org\/{rel}","templated":true}]}}