{"id":21783,"date":"2026-04-20T09:47:56","date_gmt":"2026-04-20T09:47:56","guid":{"rendered":"https:\/\/sezam.svetsajtova.com\/?post_type=product&#038;p=21783"},"modified":"2026-04-21T11:18:49","modified_gmt":"2026-04-21T11:18:49","slug":"zlatna-poluga-250g-argor-heraeus","status":"publish","type":"product","link":"https:\/\/sezam.svetsajtova.com\/en\/shop\/investiciono-zlato\/zlatna-poluga-250g-argor-heraeus\/","title":{"rendered":"Zlatna poluga 250g \u2013 ARGOR HERAEUS"},"content":{"rendered":"<article class=\"text-token-text-primary w-full focus:outline-none [--shadow-height:45px] has-data-writing-block:pointer-events-none has-data-writing-block:-mt-(--shadow-height) has-data-writing-block:pt-(--shadow-height) [&amp;:has([data-writing-block])&gt;*]:pointer-events-auto [content-visibility:auto] supports-[content-visibility:auto]:[contain-intrinsic-size:auto_100lvh] scroll-mt-[calc(var(--header-height)+min(200px,max(70px,20svh)))]\" dir=\"auto\" tabindex=\"-1\" data-turn-id=\"8dacec09-6848-40b1-858e-2f2f1d76c84a\" data-testid=\"conversation-turn-18\" data-scroll-anchor=\"true\" data-turn=\"assistant\">\n<div class=\"text-base my-auto mx-auto pb-10 [--thread-content-margin:--spacing(4)] thread-sm:[--thread-content-margin:--spacing(6)] thread-lg:[--thread-content-margin:--spacing(16)] px-(--thread-content-margin)\">\n<div class=\"[--thread-content-max-width:40rem] thread-lg:[--thread-content-max-width:48rem] mx-auto max-w-(--thread-content-max-width) flex-1 group\/turn-messages focus-visible:outline-hidden relative flex w-full min-w-0 flex-col agent-turn\" tabindex=\"-1\">\n<div class=\"flex max-w-full flex-col grow\">\n<div class=\"min-h-8 text-message relative flex w-full flex-col items-end gap-2 text-start break-words whitespace-normal [.text-message+&amp;]:mt-1\" dir=\"auto\" data-message-author-role=\"assistant\" data-message-id=\"1925fdb4-745c-43c2-bbbc-2ddecc7e8a12\" data-message-model-slug=\"gpt-5\">\n<div class=\"flex w-full flex-col gap-1 empty:hidden first:pt-[1px]\">\n<div class=\"markdown prose dark:prose-invert w-full break-words dark markdown-new-styling\">\n<p data-start=\"466\" data-end=\"843\">Zlatna poluga Argor-Heraeus 250 g izra\u0111ena je u presti\u017enoj \u0161vajcarskoj kovnici Argor-Heraeus SA, svetski priznatoj po kvalitetu, preciznosti i tehnolo\u0161koj izvrsnosti. Svaka poluga sadr\u017ei 250 grama \u010distog zlata fino\u0107e 999,9\/1000 (24 karata) i isporu\u010duje se sa sertifikatom autenti\u010dnosti i jedinstvenim serijskim brojem, koji garantuju njeno poreklo i kvalitet.<\/p>\n<p data-start=\"845\" data-end=\"1128\">Na aversu je ugraviran prepoznatljiv logo kovnice Argor-Heraeus, oznaka zemlje porekla \u201eSwitzerland\u201c, natpisi \u201e250 g Fine Gold 999.9\u201c, kao i serijski broj poluge. Revers krasi jednostavan i elegantan za\u0161titni dezen koji potvr\u0111uje originalnost i visok stepen sigurnosti.<\/p>\n<p data-start=\"1130\" data-end=\"1419\">Zlatna poluga od 250 grama namenjena je ozbiljnim investitorima koji tra\u017ee stabilno dugoro\u010dno ulaganje u fizi\u010dko zlato, sa maksimalnom \u010disto\u0107om i me\u0111unarodnim priznanjem. Zbog svog formata, ova poluga nudi odli\u010dan balans izme\u0111u vrednosti, prakti\u010dnosti skladi\u0161tenja i likvidnosti.<\/p>\n<p data-start=\"1421\" data-end=\"1610\">Zahvaljuju\u0107i LBMA sertifikatu, poluge Argor-Heraeus se lako prodaju i prepoznaju \u0161irom sveta, a njihova \u010disto\u0107a i preciznost izrade garantuju trajnu vrednost i sigurnost kapitala.<\/p>\n<p data-start=\"1612\" data-end=\"1742\">Kupovinom zlatne poluge Argor-Heraeus 250 g, ula\u017eete u \u0161vajcarski standard poverenja i kvalitet koji traje generacijama.<\/p>\n<\/div>\n<\/div>\n<\/div>\n<\/div>\n<\/div>\n<\/div>\n<\/article>\n","protected":false},"excerpt":{"rendered":"<p data-start=\"37\" data-end=\"425\">Zlatna poluga <strong data-start=\"51\" data-end=\"74\">Argor-Heraeus 250 g<\/strong> spaja \u0161vajcarsku tradiciju, izuzetnu \u010disto\u0107u i vrhunski kvalitet izrade. Proizvedena od naj\u010distijeg zlata fino\u0107e 999,9\/1000 (24 karata), dolazi iz \u010duvene kovnice Argor-Heraeus SA, \u010dlana LBMA udru\u017eenja. Ova poluga predstavlja pouzdanu i presti\u017enu investiciju za iskusne investitore koji \u017eele stabilnost i dugoro\u010dnu vrednost u fizi\u010dkom zlatu.<\/p>","protected":false},"featured_media":21870,"comment_status":"open","ping_status":"closed","template":"","meta":{"_acf_changed":false},"product_brand":[],"product_cat":[141],"product_tag":[],"class_list":{"0":"post-21783","1":"product","2":"type-product","3":"status-publish","4":"has-post-thumbnail","6":"product_cat-investiciono-zlato","8":"first","9":"instock","10":"shipping-taxable","11":"purchasable","12":"product-type-simple"},"acf":[],"_links":{"self":[{"href":"https:\/\/sezam.svetsajtova.com\/en\/wp-json\/wp\/v2\/product\/21783","targetHints":{"allow":["GET"]}}],"collection":[{"href":"https:\/\/sezam.svetsajtova.com\/en\/wp-json\/wp\/v2\/product"}],"about":[{"href":"https:\/\/sezam.svetsajtova.com\/en\/wp-json\/wp\/v2\/types\/product"}],"replies":[{"embeddable":true,"href":"https:\/\/sezam.svetsajtova.com\/en\/wp-json\/wp\/v2\/comments?post=21783"}],"version-history":[{"count":1,"href":"https:\/\/sezam.svetsajtova.com\/en\/wp-json\/wp\/v2\/product\/21783\/revisions"}],"predecessor-version":[{"id":21871,"href":"https:\/\/sezam.svetsajtova.com\/en\/wp-json\/wp\/v2\/product\/21783\/revisions\/21871"}],"wp:featuredmedia":[{"embeddable":true,"href":"https:\/\/sezam.svetsajtova.com\/en\/wp-json\/wp\/v2\/media\/21870"}],"wp:attachment":[{"href":"https:\/\/sezam.svetsajtova.com\/en\/wp-json\/wp\/v2\/media?parent=21783"}],"wp:term":[{"taxonomy":"product_brand","embeddable":true,"href":"https:\/\/sezam.svetsajtova.com\/en\/wp-json\/wp\/v2\/product_brand?post=21783"},{"taxonomy":"product_cat","embeddable":true,"href":"https:\/\/sezam.svetsajtova.com\/en\/wp-json\/wp\/v2\/product_cat?post=21783"},{"taxonomy":"product_tag","embeddable":true,"href":"https:\/\/sezam.svetsajtova.com\/en\/wp-json\/wp\/v2\/product_tag?post=21783"}],"curies":[{"name":"wp","href":"https:\/\/api.w.org\/{rel}","templated":true}]}}