{"id":21782,"date":"2026-04-20T09:47:55","date_gmt":"2026-04-20T09:47:55","guid":{"rendered":"https:\/\/sezam.svetsajtova.com\/?post_type=product&#038;p=21782"},"modified":"2026-04-21T11:18:49","modified_gmt":"2026-04-21T11:18:49","slug":"zlatna-poluga-100g-argor-heraeus","status":"publish","type":"product","link":"https:\/\/sezam.svetsajtova.com\/en\/shop\/investiciono-zlato\/zlatna-poluga-100g-argor-heraeus\/","title":{"rendered":"Zlatna poluga 100g \u2013 ARGOR HERAEUS"},"content":{"rendered":"<article class=\"text-token-text-primary w-full focus:outline-none [--shadow-height:45px] has-data-writing-block:pointer-events-none has-data-writing-block:-mt-(--shadow-height) has-data-writing-block:pt-(--shadow-height) [&amp;:has([data-writing-block])&gt;*]:pointer-events-auto [content-visibility:auto] supports-[content-visibility:auto]:[contain-intrinsic-size:auto_100lvh] scroll-mt-[calc(var(--header-height)+min(200px,max(70px,20svh)))]\" dir=\"auto\" tabindex=\"-1\" data-turn-id=\"8dacec09-6848-40b1-858e-2f2f1d76c84a\" data-testid=\"conversation-turn-18\" data-scroll-anchor=\"true\" data-turn=\"assistant\">\n<div class=\"text-base my-auto mx-auto pb-10 [--thread-content-margin:--spacing(4)] thread-sm:[--thread-content-margin:--spacing(6)] thread-lg:[--thread-content-margin:--spacing(16)] px-(--thread-content-margin)\">\n<div class=\"[--thread-content-max-width:40rem] thread-lg:[--thread-content-max-width:48rem] mx-auto max-w-(--thread-content-max-width) flex-1 group\/turn-messages focus-visible:outline-hidden relative flex w-full min-w-0 flex-col agent-turn\" tabindex=\"-1\">\n<div class=\"flex max-w-full flex-col grow\">\n<div class=\"min-h-8 text-message relative flex w-full flex-col items-end gap-2 text-start break-words whitespace-normal [.text-message+&amp;]:mt-1\" dir=\"auto\" data-message-author-role=\"assistant\" data-message-id=\"1925fdb4-745c-43c2-bbbc-2ddecc7e8a12\" data-message-model-slug=\"gpt-5\">\n<div class=\"flex w-full flex-col gap-1 empty:hidden first:pt-[1px]\">\n<div class=\"markdown prose dark:prose-invert w-full break-words dark markdown-new-styling\">\n<p data-start=\"470\" data-end=\"858\">Zlatna poluga Argor-Heraeus 100 g proizvodi se u poznatoj \u0161vajcarskoj kovnici Argor-Heraeus SA, jednom od najuglednijih svetskih proizvo\u0111a\u010da investicionog zlata. Svaka poluga sadr\u017ei 100 grama \u010distog zlata fino\u0107e 999,9\/1000 (24 karata) i dolazi u originalnom pakovanju sa sertifikatom autenti\u010dnosti i jedinstvenim serijskim brojem, koji garantuje njen kvalitet i poreklo.<\/p>\n<p data-start=\"860\" data-end=\"1133\">Na aversu poluge nalazi se logo kovnice Argor-Heraeus, oznaka zemlje porekla \u201eSwitzerland\u201c, natpisi \u201e100 g Fine Gold 999.9\u201c i serijski broj, dok revers krasi prepoznatljiv za\u0161titni dezen koji potvr\u0111uje autenti\u010dnost i pru\u017ea dodatnu sigurnost od falsifikovanja.<\/p>\n<p data-start=\"1135\" data-end=\"1452\">Zlatna poluga od 100 g ubraja se u najpopularniji izbor me\u0111u investitorima srednjeg i ve\u0107eg portfelja, jer predstavlja optimalan odnos izme\u0111u vrednosti i prakti\u010dnosti \u010duvanja. Zbog visokog kvaliteta izrade, globalne prepoznatljivosti i LBMA sertifikata, lako se trguje na svetskom tr\u017ei\u0161tu plemenitih metala.<\/p>\n<p data-start=\"1454\" data-end=\"1481\">Ova poluga je idealna za:<\/p>\n<ul data-start=\"1482\" data-end=\"1649\">\n<li data-start=\"1482\" data-end=\"1524\">\n<p data-start=\"1484\" data-end=\"1524\">dugoro\u010dne investicije u fizi\u010dko zlato,<\/p>\n<\/li>\n<li data-start=\"1525\" data-end=\"1575\">\n<p data-start=\"1527\" data-end=\"1575\">za\u0161titu kapitala od inflacije i nestabilnosti,<\/p>\n<\/li>\n<li data-start=\"1576\" data-end=\"1649\">\n<p data-start=\"1578\" data-end=\"1649\">kolekcionare i investitore koji cene \u0161vajcarski kvalitet i sigurnost.<\/p>\n<\/li>\n<\/ul>\n<p data-start=\"1651\" data-end=\"1775\">Kupovinom poluge Argor-Heraeus 100 g, ula\u017eete u \u010distu vrednost, stabilnost i globalno priznati standard kvaliteta.<\/p>\n<\/div>\n<\/div>\n<\/div>\n<\/div>\n<\/div>\n<\/div>\n<\/article>\n","protected":false},"excerpt":{"rendered":"<p><iframe style=\"border: none; overflow: hidden; width: 100%; height: 54px;\" src=\"https:\/\/zlatarasezam.com\/100gr.php\" scrolling=\"no\"><\/iframe><\/p>\n<p data-start=\"37\" data-end=\"429\">Zlatna poluga <strong data-start=\"51\" data-end=\"74\">Argor-Heraeus 100 g<\/strong> predstavlja savr\u0161en spoj \u0161vajcarskog kvaliteta, sigurnosti i presti\u017ea. Izra\u0111ena od naj\u010distijeg zlata fino\u0107e 999,9\/1000 (24 karata), poti\u010de iz renomirane kovnice Argor-Heraeus SA, \u010dlana LBMA udru\u017eenja. Ova poluga je idealna za ozbiljne investitore koji \u017eele stabilno i dugoro\u010dno ulaganje u fizi\u010dko zlato sa garantovanim poreklom i autenti\u010dno\u0161\u0107u.<\/p>","protected":false},"featured_media":21867,"comment_status":"open","ping_status":"closed","template":"","meta":{"_acf_changed":false},"product_brand":[],"product_cat":[141,134],"product_tag":[],"class_list":{"0":"post-21782","1":"product","2":"type-product","3":"status-publish","4":"has-post-thumbnail","6":"product_cat-investiciono-zlato","7":"product_cat-zlatne-poluge","9":"first","10":"instock","11":"shipping-taxable","12":"purchasable","13":"product-type-simple"},"acf":[],"_links":{"self":[{"href":"https:\/\/sezam.svetsajtova.com\/en\/wp-json\/wp\/v2\/product\/21782","targetHints":{"allow":["GET"]}}],"collection":[{"href":"https:\/\/sezam.svetsajtova.com\/en\/wp-json\/wp\/v2\/product"}],"about":[{"href":"https:\/\/sezam.svetsajtova.com\/en\/wp-json\/wp\/v2\/types\/product"}],"replies":[{"embeddable":true,"href":"https:\/\/sezam.svetsajtova.com\/en\/wp-json\/wp\/v2\/comments?post=21782"}],"version-history":[{"count":1,"href":"https:\/\/sezam.svetsajtova.com\/en\/wp-json\/wp\/v2\/product\/21782\/revisions"}],"predecessor-version":[{"id":21868,"href":"https:\/\/sezam.svetsajtova.com\/en\/wp-json\/wp\/v2\/product\/21782\/revisions\/21868"}],"wp:featuredmedia":[{"embeddable":true,"href":"https:\/\/sezam.svetsajtova.com\/en\/wp-json\/wp\/v2\/media\/21867"}],"wp:attachment":[{"href":"https:\/\/sezam.svetsajtova.com\/en\/wp-json\/wp\/v2\/media?parent=21782"}],"wp:term":[{"taxonomy":"product_brand","embeddable":true,"href":"https:\/\/sezam.svetsajtova.com\/en\/wp-json\/wp\/v2\/product_brand?post=21782"},{"taxonomy":"product_cat","embeddable":true,"href":"https:\/\/sezam.svetsajtova.com\/en\/wp-json\/wp\/v2\/product_cat?post=21782"},{"taxonomy":"product_tag","embeddable":true,"href":"https:\/\/sezam.svetsajtova.com\/en\/wp-json\/wp\/v2\/product_tag?post=21782"}],"curies":[{"name":"wp","href":"https:\/\/api.w.org\/{rel}","templated":true}]}}