{"id":21781,"date":"2026-04-20T09:47:55","date_gmt":"2026-04-20T09:47:55","guid":{"rendered":"https:\/\/sezam.svetsajtova.com\/?post_type=product&#038;p=21781"},"modified":"2026-04-21T11:18:49","modified_gmt":"2026-04-21T11:18:49","slug":"zlatna-poluga-50g-argor-heraeus","status":"publish","type":"product","link":"https:\/\/sezam.svetsajtova.com\/en\/shop\/investiciono-zlato\/zlatna-poluga-50g-argor-heraeus\/","title":{"rendered":"Zlatna poluga 50g \u2013 ARGOR HERAEUS"},"content":{"rendered":"<article class=\"text-token-text-primary w-full focus:outline-none [--shadow-height:45px] has-data-writing-block:pointer-events-none has-data-writing-block:-mt-(--shadow-height) has-data-writing-block:pt-(--shadow-height) [&amp;:has([data-writing-block])&gt;*]:pointer-events-auto [content-visibility:auto] supports-[content-visibility:auto]:[contain-intrinsic-size:auto_100lvh] scroll-mt-[calc(var(--header-height)+min(200px,max(70px,20svh)))]\" dir=\"auto\" tabindex=\"-1\" data-turn-id=\"8dacec09-6848-40b1-858e-2f2f1d76c84a\" data-testid=\"conversation-turn-18\" data-scroll-anchor=\"true\" data-turn=\"assistant\">\n<div class=\"text-base my-auto mx-auto pb-10 [--thread-content-margin:--spacing(4)] thread-sm:[--thread-content-margin:--spacing(6)] thread-lg:[--thread-content-margin:--spacing(16)] px-(--thread-content-margin)\">\n<div class=\"[--thread-content-max-width:40rem] thread-lg:[--thread-content-max-width:48rem] mx-auto max-w-(--thread-content-max-width) flex-1 group\/turn-messages focus-visible:outline-hidden relative flex w-full min-w-0 flex-col agent-turn\" tabindex=\"-1\">\n<div class=\"flex max-w-full flex-col grow\">\n<div class=\"min-h-8 text-message relative flex w-full flex-col items-end gap-2 text-start break-words whitespace-normal [.text-message+&amp;]:mt-1\" dir=\"auto\" data-message-author-role=\"assistant\" data-message-id=\"1925fdb4-745c-43c2-bbbc-2ddecc7e8a12\" data-message-model-slug=\"gpt-5\">\n<div class=\"flex w-full flex-col gap-1 empty:hidden first:pt-[1px]\">\n<div class=\"markdown prose dark:prose-invert w-full break-words dark markdown-new-styling\">\n<p data-start=\"480\" data-end=\"900\">Zlatna poluga Argor-Heraeus 50 g izra\u0111ena je u presti\u017enoj \u0161vajcarskoj kovnici Argor-Heraeus SA, koja je sinonim za najvi\u0161i standard kvaliteta u svetu plemenitih metala. Svaka poluga sadr\u017ei 50 grama \u010distog zlata fino\u0107e 999,9\/1000 (24 karata) i dolazi u originalnom blister pakovanju sa sertifikatom autenti\u010dnosti i jedinstvenim serijskim brojem, \u0161to garantuje maksimalnu sigurnost i proverljivo poreklo.<\/p>\n<p data-start=\"902\" data-end=\"1151\">Na aversu poluge ugravirani su logo kovnice Argor-Heraeus, oznaka zemlje porekla \u201eSwitzerland\u201c, natpisi \u201e50 g Fine Gold 999.9\u201c i serijski broj, dok revers ima elegantan za\u0161titni dezen koji potvr\u0111uje originalnost i spre\u010dava falsifikate.<\/p>\n<p data-start=\"1153\" data-end=\"1510\">Zlatne poluge Argor-Heraeus u\u017eivaju poverenje investitora \u0161irom sveta zahvaljuju\u0107i LBMA sertifikatu koji potvr\u0111uje najvi\u0161i nivo \u010disto\u0107e i standarde proizvodnje. Poluga od 50 grama savr\u0161ena je za investitore koji \u017eele da diverzifikuju svoj portfolio i poseduju fizi\u010dku imovinu visoke vrednosti, lako \u010duvanu i zamenljivu na me\u0111unarodnom tr\u017ei\u0161tu.<\/p>\n<p data-start=\"1512\" data-end=\"1539\">Ova poluga je idealna za:<\/p>\n<ul data-start=\"1540\" data-end=\"1666\">\n<li data-start=\"1540\" data-end=\"1585\">\n<p data-start=\"1542\" data-end=\"1585\">dugoro\u010dne investicije i za\u0161titu kapitala,<\/p>\n<\/li>\n<li data-start=\"1586\" data-end=\"1626\">\n<p data-start=\"1588\" data-end=\"1626\">ozbiljne kolekcionare i investitore,<\/p>\n<\/li>\n<li data-start=\"1627\" data-end=\"1666\">\n<p data-start=\"1629\" data-end=\"1666\">poklon trajne vrednosti i presti\u017ea.<\/p>\n<\/li>\n<\/ul>\n<p data-start=\"1668\" data-end=\"1794\">Kupovinom zlatne poluge Argor-Heraeus 50 g, ula\u017eete u zlatni standard \u0161vajcarskog kvaliteta, poverenja i sigurnosti.<\/p>\n<\/div>\n<\/div>\n<\/div>\n<\/div>\n<\/div>\n<\/div>\n<\/article>\n","protected":false},"excerpt":{"rendered":"<p>&nbsp;<\/p>\n<p data-start=\"37\" data-end=\"439\">Zlatna poluga <strong data-start=\"51\" data-end=\"73\">Argor-Heraeus 50 g<\/strong> predstavlja simbol \u0161vajcarske tradicije, preciznosti i investicione sigurnosti. Izra\u0111ena od naj\u010distijeg zlata fino\u0107e 999,9\/1000 (24 karata), poti\u010de iz renomirane kovnice Argor-Heraeus SA, \u010dlana LBMA udru\u017eenja. Ova poluga je savr\u0161en izbor za ozbiljne investitore koji tra\u017ee dugoro\u010dno, pouzdano i lako prenosivo ulaganje u fizi\u010dko zlato vrhunskog kvaliteta.<\/p>","protected":false},"featured_media":21864,"comment_status":"open","ping_status":"closed","template":"","meta":{"_acf_changed":false},"product_brand":[],"product_cat":[141,134],"product_tag":[],"class_list":{"0":"post-21781","1":"product","2":"type-product","3":"status-publish","4":"has-post-thumbnail","6":"product_cat-investiciono-zlato","7":"product_cat-zlatne-poluge","9":"first","10":"instock","11":"shipping-taxable","12":"purchasable","13":"product-type-simple"},"acf":[],"_links":{"self":[{"href":"https:\/\/sezam.svetsajtova.com\/en\/wp-json\/wp\/v2\/product\/21781","targetHints":{"allow":["GET"]}}],"collection":[{"href":"https:\/\/sezam.svetsajtova.com\/en\/wp-json\/wp\/v2\/product"}],"about":[{"href":"https:\/\/sezam.svetsajtova.com\/en\/wp-json\/wp\/v2\/types\/product"}],"replies":[{"embeddable":true,"href":"https:\/\/sezam.svetsajtova.com\/en\/wp-json\/wp\/v2\/comments?post=21781"}],"version-history":[{"count":1,"href":"https:\/\/sezam.svetsajtova.com\/en\/wp-json\/wp\/v2\/product\/21781\/revisions"}],"predecessor-version":[{"id":21865,"href":"https:\/\/sezam.svetsajtova.com\/en\/wp-json\/wp\/v2\/product\/21781\/revisions\/21865"}],"wp:featuredmedia":[{"embeddable":true,"href":"https:\/\/sezam.svetsajtova.com\/en\/wp-json\/wp\/v2\/media\/21864"}],"wp:attachment":[{"href":"https:\/\/sezam.svetsajtova.com\/en\/wp-json\/wp\/v2\/media?parent=21781"}],"wp:term":[{"taxonomy":"product_brand","embeddable":true,"href":"https:\/\/sezam.svetsajtova.com\/en\/wp-json\/wp\/v2\/product_brand?post=21781"},{"taxonomy":"product_cat","embeddable":true,"href":"https:\/\/sezam.svetsajtova.com\/en\/wp-json\/wp\/v2\/product_cat?post=21781"},{"taxonomy":"product_tag","embeddable":true,"href":"https:\/\/sezam.svetsajtova.com\/en\/wp-json\/wp\/v2\/product_tag?post=21781"}],"curies":[{"name":"wp","href":"https:\/\/api.w.org\/{rel}","templated":true}]}}