{"id":21780,"date":"2026-04-20T09:47:55","date_gmt":"2026-04-20T09:47:55","guid":{"rendered":"https:\/\/sezam.svetsajtova.com\/?post_type=product&#038;p=21780"},"modified":"2026-04-21T11:18:49","modified_gmt":"2026-04-21T11:18:49","slug":"zlatna-poluga-1-unca-argor-heraeus","status":"publish","type":"product","link":"https:\/\/sezam.svetsajtova.com\/en\/shop\/investiciono-zlato\/zlatna-poluga-1-unca-argor-heraeus\/","title":{"rendered":"Zlatna poluga 1 unca \u2013 ARGOR HERAEUS"},"content":{"rendered":"<article class=\"text-token-text-primary w-full focus:outline-none [--shadow-height:45px] has-data-writing-block:pointer-events-none has-data-writing-block:-mt-(--shadow-height) has-data-writing-block:pt-(--shadow-height) [&amp;:has([data-writing-block])&gt;*]:pointer-events-auto [content-visibility:auto] supports-[content-visibility:auto]:[contain-intrinsic-size:auto_100lvh] scroll-mt-[calc(var(--header-height)+min(200px,max(70px,20svh)))]\" dir=\"auto\" tabindex=\"-1\" data-turn-id=\"8dacec09-6848-40b1-858e-2f2f1d76c84a\" data-testid=\"conversation-turn-18\" data-scroll-anchor=\"true\" data-turn=\"assistant\">\n<div class=\"text-base my-auto mx-auto pb-10 [--thread-content-margin:--spacing(4)] thread-sm:[--thread-content-margin:--spacing(6)] thread-lg:[--thread-content-margin:--spacing(16)] px-(--thread-content-margin)\">\n<div class=\"[--thread-content-max-width:40rem] thread-lg:[--thread-content-max-width:48rem] mx-auto max-w-(--thread-content-max-width) flex-1 group\/turn-messages focus-visible:outline-hidden relative flex w-full min-w-0 flex-col agent-turn\" tabindex=\"-1\">\n<div class=\"flex max-w-full flex-col grow\">\n<div class=\"min-h-8 text-message relative flex w-full flex-col items-end gap-2 text-start break-words whitespace-normal [.text-message+&amp;]:mt-1\" dir=\"auto\" data-message-author-role=\"assistant\" data-message-id=\"1925fdb4-745c-43c2-bbbc-2ddecc7e8a12\" data-message-model-slug=\"gpt-5\">\n<div class=\"flex w-full flex-col gap-1 empty:hidden first:pt-[1px]\">\n<div class=\"markdown prose dark:prose-invert w-full break-words dark markdown-new-styling\">\n<p data-start=\"501\" data-end=\"899\"><strong data-start=\"501\" data-end=\"551\">Zlatna poluga Argor-Heraeus 1 unca (31,1035 g)<\/strong> poti\u010de iz renomirane \u0161vajcarske kovnice Argor-Heraeus SA, jednog od vode\u0107ih svetskih proizvo\u0111a\u010da investicionog zlata. Svaka poluga izra\u0111ena je od \u010distog zlata fino\u0107e 999,9\/1000 (24 karata) i dolazi u originalnom blister pakovanju sa sertifikatom autenti\u010dnosti i jedinstvenim serijskim brojem, koji garantuje njeno poreklo i kvalitet.<\/p>\n<p data-start=\"901\" data-end=\"1152\">Na aversu se nalazi logo Argor-Heraeus, oznaka zemlje porekla \u201eSwitzerland\u201c, natpisi \u201e1 oz Fine Gold 999.9\u201c i serijski broj, dok revers sadr\u017ei za\u0161titni uzorak sa diskretnim linijama i gravurama koji potvr\u0111uju originalnost i autenti\u010dnost.<\/p>\n<p data-start=\"1154\" data-end=\"1416\">Zlatna poluga od 1 unce (31,1 g) predstavlja me\u0111unarodni standard investicionog zlata i najpopularniji format me\u0111u ozbiljnim investitorima. Zbog optimalne veli\u010dine i visoke \u010disto\u0107e, lako se trguje i \u010duva, a njena vrednost direktno prati svetsku cenu zlata.<\/p>\n<p data-start=\"1418\" data-end=\"1445\">Ova poluga je idealna za:<\/p>\n<ul data-start=\"1446\" data-end=\"1579\">\n<li data-start=\"1446\" data-end=\"1482\">\n<p data-start=\"1448\" data-end=\"1482\">dugoro\u010dne i sigurne investicije,<\/p>\n<\/li>\n<li data-start=\"1483\" data-end=\"1517\">\n<p data-start=\"1485\" data-end=\"1517\">za\u0161titu kapitala od inflacije,<\/p>\n<\/li>\n<li data-start=\"1518\" data-end=\"1579\">\n<p data-start=\"1520\" data-end=\"1579\">kolekcionare i ljubitelje \u0161vajcarske zlatarske tradicije.<\/p>\n<\/li>\n<\/ul>\n<p data-start=\"1581\" data-end=\"1745\">Kupovinom poluge Argor-Heraeus 1 unca, ula\u017eete u garantovani kvalitet, sigurnost i globalnu prepoznatljivost, uz potpunu verifikaciju porekla i vrednosti.<\/p>\n<\/div>\n<\/div>\n<\/div>\n<\/div>\n<\/div>\n<\/div>\n<\/article>\n","protected":false},"excerpt":{"rendered":"<p><iframe style=\"border: none; overflow: hidden; width: 100%; height: 54px;\" src=\"https:\/\/zlatarasezam.com\/1oz.php\" scrolling=\"no\"><\/iframe><\/p>\n<p data-start=\"37\" data-end=\"460\">Zlatna poluga <strong data-start=\"51\" data-end=\"84\">Argor-Heraeus 1 unca (31,1 g)<\/strong> jedno je od najtra\u017eenijih izdanja investicionog zlata na svetskom tr\u017ei\u0161tu. Izra\u0111ena od naj\u010distijeg zlata fino\u0107e 999,9\/1000 (24 karata), poti\u010de iz presti\u017ene \u0161vajcarske kovnice Argor-Heraeus SA, \u010dlana LBMA udru\u017eenja. Ova poluga kombinuje izuzetnu \u010disto\u0107u, vrhunsku izradu i visok stepen sigurnosti, \u0161to je \u010dini idealnim izborom za ozbiljne investitore i kolekcionare.<\/p>","protected":false},"featured_media":21861,"comment_status":"open","ping_status":"closed","template":"","meta":{"_acf_changed":false},"product_brand":[],"product_cat":[141,134],"product_tag":[],"class_list":{"0":"post-21780","1":"product","2":"type-product","3":"status-publish","4":"has-post-thumbnail","6":"product_cat-investiciono-zlato","7":"product_cat-zlatne-poluge","9":"first","10":"instock","11":"shipping-taxable","12":"purchasable","13":"product-type-simple"},"acf":[],"_links":{"self":[{"href":"https:\/\/sezam.svetsajtova.com\/en\/wp-json\/wp\/v2\/product\/21780","targetHints":{"allow":["GET"]}}],"collection":[{"href":"https:\/\/sezam.svetsajtova.com\/en\/wp-json\/wp\/v2\/product"}],"about":[{"href":"https:\/\/sezam.svetsajtova.com\/en\/wp-json\/wp\/v2\/types\/product"}],"replies":[{"embeddable":true,"href":"https:\/\/sezam.svetsajtova.com\/en\/wp-json\/wp\/v2\/comments?post=21780"}],"version-history":[{"count":1,"href":"https:\/\/sezam.svetsajtova.com\/en\/wp-json\/wp\/v2\/product\/21780\/revisions"}],"predecessor-version":[{"id":21862,"href":"https:\/\/sezam.svetsajtova.com\/en\/wp-json\/wp\/v2\/product\/21780\/revisions\/21862"}],"wp:featuredmedia":[{"embeddable":true,"href":"https:\/\/sezam.svetsajtova.com\/en\/wp-json\/wp\/v2\/media\/21861"}],"wp:attachment":[{"href":"https:\/\/sezam.svetsajtova.com\/en\/wp-json\/wp\/v2\/media?parent=21780"}],"wp:term":[{"taxonomy":"product_brand","embeddable":true,"href":"https:\/\/sezam.svetsajtova.com\/en\/wp-json\/wp\/v2\/product_brand?post=21780"},{"taxonomy":"product_cat","embeddable":true,"href":"https:\/\/sezam.svetsajtova.com\/en\/wp-json\/wp\/v2\/product_cat?post=21780"},{"taxonomy":"product_tag","embeddable":true,"href":"https:\/\/sezam.svetsajtova.com\/en\/wp-json\/wp\/v2\/product_tag?post=21780"}],"curies":[{"name":"wp","href":"https:\/\/api.w.org\/{rel}","templated":true}]}}