{"id":21779,"date":"2026-04-20T09:47:55","date_gmt":"2026-04-20T09:47:55","guid":{"rendered":"https:\/\/sezam.svetsajtova.com\/?post_type=product&#038;p=21779"},"modified":"2026-04-21T11:18:49","modified_gmt":"2026-04-21T11:18:49","slug":"zlatna-poluga-20g-argor-heraeus","status":"publish","type":"product","link":"https:\/\/sezam.svetsajtova.com\/en\/shop\/investiciono-zlato\/zlatna-poluga-20g-argor-heraeus\/","title":{"rendered":"Zlatna poluga 20g \u2013 ARGOR HERAEUS"},"content":{"rendered":"<article class=\"text-token-text-primary w-full focus:outline-none [--shadow-height:45px] has-data-writing-block:pointer-events-none has-data-writing-block:-mt-(--shadow-height) has-data-writing-block:pt-(--shadow-height) [&amp;:has([data-writing-block])&gt;*]:pointer-events-auto [content-visibility:auto] supports-[content-visibility:auto]:[contain-intrinsic-size:auto_100lvh] scroll-mt-[calc(var(--header-height)+min(200px,max(70px,20svh)))]\" dir=\"auto\" tabindex=\"-1\" data-turn-id=\"8dacec09-6848-40b1-858e-2f2f1d76c84a\" data-testid=\"conversation-turn-18\" data-scroll-anchor=\"true\" data-turn=\"assistant\">\n<div class=\"text-base my-auto mx-auto pb-10 [--thread-content-margin:--spacing(4)] thread-sm:[--thread-content-margin:--spacing(6)] thread-lg:[--thread-content-margin:--spacing(16)] px-(--thread-content-margin)\">\n<div class=\"[--thread-content-max-width:40rem] thread-lg:[--thread-content-max-width:48rem] mx-auto max-w-(--thread-content-max-width) flex-1 group\/turn-messages focus-visible:outline-hidden relative flex w-full min-w-0 flex-col agent-turn\" tabindex=\"-1\">\n<div class=\"flex max-w-full flex-col grow\">\n<div class=\"min-h-8 text-message relative flex w-full flex-col items-end gap-2 text-start break-words whitespace-normal [.text-message+&amp;]:mt-1\" dir=\"auto\" data-message-author-role=\"assistant\" data-message-id=\"1925fdb4-745c-43c2-bbbc-2ddecc7e8a12\" data-message-model-slug=\"gpt-5\">\n<div class=\"flex w-full flex-col gap-1 empty:hidden first:pt-[1px]\">\n<div class=\"markdown prose dark:prose-invert w-full break-words dark markdown-new-styling\">\n<blockquote>\n<p data-start=\"492\" data-end=\"845\">Zlatna poluga Argor-Heraeus 20 g izra\u0111ena je u poznatoj \u0161vajcarskoj kovnici Argor-Heraeus SA, jednom od najuglednijih svetskih proizvo\u0111a\u010da investicionog zlata. Svaka poluga sadr\u017ei 20 grama \u010distog zlata fino\u0107e 999,9\/1000 (24 karata) i dolazi u originalnom blister pakovanju sa sertifikatom autenti\u010dnosti i jedinstvenim serijskim brojem.<\/p>\n<\/blockquote>\n<p data-start=\"847\" data-end=\"1103\">Na aversu se nalazi logo Argor-Heraeus kovnice, oznaka zemlje porekla \u201eSwitzerland\u201c, natpisi \u201e20 g Fine Gold 999.9\u201c, kao i serijski broj poluge. Revers je ukra\u0161en diskretnim za\u0161titnim dezenom koji potvr\u0111uje autenti\u010dnost i \u0161titi od falsifikovanja.<\/p>\n<p data-start=\"1105\" data-end=\"1473\">Zlatne poluge Argor-Heraeus poznate su po vrhunskom stepenu preciznosti, \u010distoj zavr\u0161noj obradi i besprekornom kvalitetu koji ih svrstava me\u0111u najtra\u017eenije investicione poluge u svetu. Te\u017eina od 20 grama idealna je za investitore koji tra\u017ee optimalnu kombinaciju likvidnosti i vrednosti, jer se lako \u010duva i prodaje, a nudi zna\u010dajnu koli\u010dinu \u010distog zlata.<\/p>\n<p data-start=\"1475\" data-end=\"1508\">Ova poluga je savr\u0161en izbor za:<\/p>\n<ul data-start=\"1509\" data-end=\"1653\">\n<li data-start=\"1509\" data-end=\"1548\">\n<p data-start=\"1511\" data-end=\"1548\">sigurno dugoro\u010dno ulaganje u zlato,<\/p>\n<\/li>\n<li data-start=\"1549\" data-end=\"1577\">\n<p data-start=\"1551\" data-end=\"1577\">poklon trajne vrednosti,<\/p>\n<\/li>\n<li data-start=\"1578\" data-end=\"1653\">\n<p data-start=\"1580\" data-end=\"1653\">kolekcionare i investitore koji cene \u0161vajcarsku izradu i LBMA standard.<\/p>\n<\/li>\n<\/ul>\n<p data-start=\"1655\" data-end=\"1815\">Kupovinom zlatne poluge Argor-Heraeus 20 g ula\u017eete u \u0161vajcarski standard kvaliteta, poverenje i tradiciju \u2013 simbol sigurnosti koji traje generacijama.<\/p>\n<\/div>\n<\/div>\n<\/div>\n<\/div>\n<\/div>\n<\/div>\n<\/article>\n","protected":false},"excerpt":{"rendered":"<p><iframe style=\"border: none; overflow: hidden; width: 100%; height: 54px;\" src=\"https:\/\/zlatarasezam.com\/20gr.php\" scrolling=\"no\"><\/iframe><\/p>\n<p data-start=\"37\" data-end=\"451\">Zlatna poluga <strong data-start=\"51\" data-end=\"73\">Argor-Heraeus 20 g<\/strong> spaja \u0161vajcarski kvalitet, vrhunsku izradu i sigurnost ulaganja. Proizvedena od naj\u010distijeg zlata fino\u0107e 999,9\/1000 (24 karata), dolazi iz presti\u017ene kovnice Argor-Heraeus SA, \u010dlana LBMA udru\u017eenja. Poluga od 20 grama idealan je izbor za ozbiljnije investitore koji \u017eele pouzdano i lako prenosivo ulaganje u fizi\u010dko zlato, uz garanciju autenti\u010dnosti i trajne vrednosti.<\/p>","protected":false},"featured_media":21856,"comment_status":"open","ping_status":"closed","template":"","meta":{"_acf_changed":false},"product_brand":[],"product_cat":[141,134],"product_tag":[],"class_list":{"0":"post-21779","1":"product","2":"type-product","3":"status-publish","4":"has-post-thumbnail","6":"product_cat-investiciono-zlato","7":"product_cat-zlatne-poluge","9":"first","10":"instock","11":"shipping-taxable","12":"purchasable","13":"product-type-simple"},"acf":[],"_links":{"self":[{"href":"https:\/\/sezam.svetsajtova.com\/en\/wp-json\/wp\/v2\/product\/21779","targetHints":{"allow":["GET"]}}],"collection":[{"href":"https:\/\/sezam.svetsajtova.com\/en\/wp-json\/wp\/v2\/product"}],"about":[{"href":"https:\/\/sezam.svetsajtova.com\/en\/wp-json\/wp\/v2\/types\/product"}],"replies":[{"embeddable":true,"href":"https:\/\/sezam.svetsajtova.com\/en\/wp-json\/wp\/v2\/comments?post=21779"}],"version-history":[{"count":1,"href":"https:\/\/sezam.svetsajtova.com\/en\/wp-json\/wp\/v2\/product\/21779\/revisions"}],"predecessor-version":[{"id":21859,"href":"https:\/\/sezam.svetsajtova.com\/en\/wp-json\/wp\/v2\/product\/21779\/revisions\/21859"}],"wp:featuredmedia":[{"embeddable":true,"href":"https:\/\/sezam.svetsajtova.com\/en\/wp-json\/wp\/v2\/media\/21856"}],"wp:attachment":[{"href":"https:\/\/sezam.svetsajtova.com\/en\/wp-json\/wp\/v2\/media?parent=21779"}],"wp:term":[{"taxonomy":"product_brand","embeddable":true,"href":"https:\/\/sezam.svetsajtova.com\/en\/wp-json\/wp\/v2\/product_brand?post=21779"},{"taxonomy":"product_cat","embeddable":true,"href":"https:\/\/sezam.svetsajtova.com\/en\/wp-json\/wp\/v2\/product_cat?post=21779"},{"taxonomy":"product_tag","embeddable":true,"href":"https:\/\/sezam.svetsajtova.com\/en\/wp-json\/wp\/v2\/product_tag?post=21779"}],"curies":[{"name":"wp","href":"https:\/\/api.w.org\/{rel}","templated":true}]}}