{"id":21778,"date":"2026-04-20T09:47:55","date_gmt":"2026-04-20T09:47:55","guid":{"rendered":"https:\/\/sezam.svetsajtova.com\/?post_type=product&#038;p=21778"},"modified":"2026-04-21T11:28:58","modified_gmt":"2026-04-21T11:28:58","slug":"zlatna-poluga-10g-argor-heraeus","status":"publish","type":"product","link":"https:\/\/sezam.svetsajtova.com\/en\/shop\/investiciono-zlato\/zlatna-poluga-10g-argor-heraeus\/","title":{"rendered":"Zlatna poluga 10g \u2013 ARGOR HERAEUS"},"content":{"rendered":"<article class=\"text-token-text-primary w-full focus:outline-none [--shadow-height:45px] has-data-writing-block:pointer-events-none has-data-writing-block:-mt-(--shadow-height) has-data-writing-block:pt-(--shadow-height) [&amp;:has([data-writing-block])&gt;*]:pointer-events-auto [content-visibility:auto] supports-[content-visibility:auto]:[contain-intrinsic-size:auto_100lvh] scroll-mt-[calc(var(--header-height)+min(200px,max(70px,20svh)))]\" dir=\"auto\" tabindex=\"-1\" data-turn-id=\"8dacec09-6848-40b1-858e-2f2f1d76c84a\" data-testid=\"conversation-turn-18\" data-scroll-anchor=\"true\" data-turn=\"assistant\">\n<div class=\"text-base my-auto mx-auto pb-10 [--thread-content-margin:--spacing(4)] thread-sm:[--thread-content-margin:--spacing(6)] thread-lg:[--thread-content-margin:--spacing(16)] px-(--thread-content-margin)\">\n<div class=\"[--thread-content-max-width:40rem] thread-lg:[--thread-content-max-width:48rem] mx-auto max-w-(--thread-content-max-width) flex-1 group\/turn-messages focus-visible:outline-hidden relative flex w-full min-w-0 flex-col agent-turn\" tabindex=\"-1\">\n<div class=\"flex max-w-full flex-col grow\">\n<div class=\"min-h-8 text-message relative flex w-full flex-col items-end gap-2 text-start break-words whitespace-normal [.text-message+&amp;]:mt-1\" dir=\"auto\" data-message-author-role=\"assistant\" data-message-id=\"1925fdb4-745c-43c2-bbbc-2ddecc7e8a12\" data-message-model-slug=\"gpt-5\">\n<div class=\"flex w-full flex-col gap-1 empty:hidden first:pt-[1px]\">\n<div class=\"markdown prose dark:prose-invert w-full break-words dark markdown-new-styling\">\n<p data-start=\"488\" data-end=\"850\">Zlatna poluga Argor-Heraeus 10 g izra\u0111uje se u poznatoj \u0161vajcarskoj kovnici Argor-Heraeus SA, koja va\u017ei za jednog od globalnih lidera u proizvodnji investicionog zlata. Svaka poluga sadr\u017ei 10 grama \u010distog zlata fino\u0107e 999,9\/1000 (24 karata) i dolazi u originalnom blister pakovanju sa sertifikatom autenti\u010dnosti i jedinstvenim serijskim brojem.<\/p>\n<p data-start=\"852\" data-end=\"1136\">Na aversu poluge nalazi se prepoznatljiv logo kovnice Argor-Heraeus, oznaka zemlje porekla \u201eSwitzerland\u201c, natpisi \u201e10 g Fine Gold 999.9\u201c, kao i serijski broj. Revers sadr\u017ei elegantan za\u0161titni dezen koji potvr\u0111uje autenti\u010dnost i pru\u017ea dodatnu sigurnost od falsifikovanja.<\/p>\n<p data-start=\"1138\" data-end=\"1420\">Poluge od 10 grama \u010desto su izbor iskusnih investitora jer nude odli\u010dan odnos izme\u0111u veli\u010dine i vrednosti, jednostavne su za skladi\u0161tenje, a lako se prodaju \u0161irom sveta. Zahvaljuju\u0107i LBMA sertifikatu, garantovana im je me\u0111unarodna prepoznatljivost i maksimalna likvidnost.<\/p>\n<p data-start=\"1422\" data-end=\"1449\">Ova poluga je idealna za:<\/p>\n<ul data-start=\"1450\" data-end=\"1572\">\n<li data-start=\"1450\" data-end=\"1492\">\n<p data-start=\"1452\" data-end=\"1492\">dugoro\u010dne investicije u fizi\u010dko zlato,<\/p>\n<\/li>\n<li data-start=\"1493\" data-end=\"1532\">\n<p data-start=\"1495\" data-end=\"1532\">sigurno \u010duvanje vrednosti kapitala,<\/p>\n<\/li>\n<li data-start=\"1533\" data-end=\"1572\">\n<p data-start=\"1535\" data-end=\"1572\">poklon trajne vrednosti i presti\u017ea.<\/p>\n<\/li>\n<\/ul>\n<p data-start=\"1574\" data-end=\"1728\">Kupovinom zlatne poluge Argor-Heraeus 10 g, ula\u017eete u \u0161vajcarski kvalitet i globalni standard sigurnosti, simbol trajne vrednosti i pouzdanosti.<\/p>\n<\/div>\n<\/div>\n<\/div>\n<\/div>\n<\/div>\n<\/div>\n<\/article>\n","protected":false},"excerpt":{"rendered":"<p><iframe style=\"border: none; overflow: hidden; width: 100%; height: 54px;\" src=\"https:\/\/zlatarasezam.com\/10gr.php\" scrolling=\"no\"><\/iframe><\/p>\n<p data-start=\"37\" data-end=\"447\">Zlatna poluga <strong data-start=\"51\" data-end=\"73\">Argor-Heraeus 10 g<\/strong> predstavlja savr\u0161en spoj \u0161vajcarske preciznosti, sigurnosti i investicione vrednosti. Izra\u0111ena od naj\u010distijeg zlata fino\u0107e 999,9\/1000 (24 karata), dolazi iz presti\u017ene kovnice Argor-Heraeus SA, \u010dlana LBMA udru\u017eenja. Ova poluga se isti\u010de vrhunskim kvalitetom izrade i sertifikovanim poreklom, \u0161to je \u010dini jednim od najpouzdanijih izbora za ulaganje u fizi\u010dko zlato.<\/p>","protected":false},"featured_media":21856,"comment_status":"open","ping_status":"closed","template":"","meta":{"_acf_changed":false},"product_brand":[],"product_cat":[141,134],"product_tag":[],"class_list":{"0":"post-21778","1":"product","2":"type-product","3":"status-publish","4":"has-post-thumbnail","6":"product_cat-investiciono-zlato","7":"product_cat-zlatne-poluge","9":"first","10":"instock","11":"shipping-taxable","12":"purchasable","13":"product-type-simple"},"acf":[],"_links":{"self":[{"href":"https:\/\/sezam.svetsajtova.com\/en\/wp-json\/wp\/v2\/product\/21778","targetHints":{"allow":["GET"]}}],"collection":[{"href":"https:\/\/sezam.svetsajtova.com\/en\/wp-json\/wp\/v2\/product"}],"about":[{"href":"https:\/\/sezam.svetsajtova.com\/en\/wp-json\/wp\/v2\/types\/product"}],"replies":[{"embeddable":true,"href":"https:\/\/sezam.svetsajtova.com\/en\/wp-json\/wp\/v2\/comments?post=21778"}],"version-history":[{"count":1,"href":"https:\/\/sezam.svetsajtova.com\/en\/wp-json\/wp\/v2\/product\/21778\/revisions"}],"predecessor-version":[{"id":21857,"href":"https:\/\/sezam.svetsajtova.com\/en\/wp-json\/wp\/v2\/product\/21778\/revisions\/21857"}],"wp:featuredmedia":[{"embeddable":true,"href":"https:\/\/sezam.svetsajtova.com\/en\/wp-json\/wp\/v2\/media\/21856"}],"wp:attachment":[{"href":"https:\/\/sezam.svetsajtova.com\/en\/wp-json\/wp\/v2\/media?parent=21778"}],"wp:term":[{"taxonomy":"product_brand","embeddable":true,"href":"https:\/\/sezam.svetsajtova.com\/en\/wp-json\/wp\/v2\/product_brand?post=21778"},{"taxonomy":"product_cat","embeddable":true,"href":"https:\/\/sezam.svetsajtova.com\/en\/wp-json\/wp\/v2\/product_cat?post=21778"},{"taxonomy":"product_tag","embeddable":true,"href":"https:\/\/sezam.svetsajtova.com\/en\/wp-json\/wp\/v2\/product_tag?post=21778"}],"curies":[{"name":"wp","href":"https:\/\/api.w.org\/{rel}","templated":true}]}}