{"id":21777,"date":"2026-04-20T09:47:55","date_gmt":"2026-04-20T09:47:55","guid":{"rendered":"https:\/\/sezam.svetsajtova.com\/?post_type=product&#038;p=21777"},"modified":"2026-04-21T12:53:42","modified_gmt":"2026-04-21T12:53:42","slug":"zlatna-poluga-5g-argor-heraeus","status":"publish","type":"product","link":"https:\/\/sezam.svetsajtova.com\/en\/shop\/investiciono-zlato\/zlatna-poluga-5g-argor-heraeus\/","title":{"rendered":"Zlatna poluga 5g \u2013 ARGOR HERAEUS"},"content":{"rendered":"<article class=\"text-token-text-primary w-full focus:outline-none [--shadow-height:45px] has-data-writing-block:pointer-events-none has-data-writing-block:-mt-(--shadow-height) has-data-writing-block:pt-(--shadow-height) [&amp;:has([data-writing-block])&gt;*]:pointer-events-auto [content-visibility:auto] supports-[content-visibility:auto]:[contain-intrinsic-size:auto_100lvh] scroll-mt-[calc(var(--header-height)+min(200px,max(70px,20svh)))]\" dir=\"auto\" tabindex=\"-1\" data-turn-id=\"8dacec09-6848-40b1-858e-2f2f1d76c84a\" data-testid=\"conversation-turn-18\" data-scroll-anchor=\"true\" data-turn=\"assistant\">\n<div class=\"text-base my-auto mx-auto pb-10 [--thread-content-margin:--spacing(4)] thread-sm:[--thread-content-margin:--spacing(6)] thread-lg:[--thread-content-margin:--spacing(16)] px-(--thread-content-margin)\">\n<div class=\"[--thread-content-max-width:40rem] thread-lg:[--thread-content-max-width:48rem] mx-auto max-w-(--thread-content-max-width) flex-1 group\/turn-messages focus-visible:outline-hidden relative flex w-full min-w-0 flex-col agent-turn\" tabindex=\"-1\">\n<div class=\"flex max-w-full flex-col grow\">\n<div class=\"min-h-8 text-message relative flex w-full flex-col items-end gap-2 text-start break-words whitespace-normal [.text-message+&amp;]:mt-1\" dir=\"auto\" data-message-author-role=\"assistant\" data-message-id=\"1925fdb4-745c-43c2-bbbc-2ddecc7e8a12\" data-message-model-slug=\"gpt-5\">\n<div class=\"flex w-full flex-col gap-1 empty:hidden first:pt-[1px]\">\n<div class=\"markdown prose dark:prose-invert w-full break-words dark markdown-new-styling\">\n<p data-start=\"488\" data-end=\"878\">Zlatna poluga Argor-Heraeus 5 g proizvodi se u \u010duvenoj \u0161vajcarskoj kovnici Argor-Heraeus SA, jednoj od najpoznatijih i najuglednijih kovnica zlata u svetu. Svaka poluga izra\u0111ena je od \u010distog zlata fino\u0107e 999,9\/1000 (24 karata) i dolazi zapakovana u originalno blister pakovanje sa sertifikatom i jedinstvenim serijskim brojem, \u0161to garantuje njenu autenti\u010dnost i sigurnost.<\/p>\n<p data-start=\"880\" data-end=\"1118\">Na aversu se nalazi logo Argor-Heraeus kovnice, oznaka zemlje porekla \u201eSwitzerland\u201c, natpisi \u201e5 g Fine Gold 999.9\u201c i serijski broj. Revers poluge krasi elegantan za\u0161titni dezen koji potvr\u0111uje originalnost i spre\u010dava falsifikate.<\/p>\n<p data-start=\"1120\" data-end=\"1429\">Zlatne poluge Argor-Heraeus prepoznate su \u0161irom sveta zbog izuzetnog kvaliteta izrade, visokog stepena sigurnosti i jednostavne me\u0111unarodne prodaje. Poluga od 5 grama nudi savr\u0161en balans izme\u0111u pristupa\u010dnosti i investicione vrednosti \u2013 dovoljno kompaktna za \u010duvanje, a istovremeno zna\u010dajna kao ulaganje.<\/p>\n<p data-start=\"1431\" data-end=\"1464\">Ova poluga je idealan izbor za:<\/p>\n<ul data-start=\"1465\" data-end=\"1594\">\n<li data-start=\"1465\" data-end=\"1502\">\n<p data-start=\"1467\" data-end=\"1502\">dugoro\u010dno ulaganje u \u010disto zlato,<\/p>\n<\/li>\n<li data-start=\"1503\" data-end=\"1531\">\n<p data-start=\"1505\" data-end=\"1531\">poklon visokog presti\u017ea,<\/p>\n<\/li>\n<li data-start=\"1532\" data-end=\"1594\">\n<p data-start=\"1534\" data-end=\"1594\">kolekcionare koji cene \u0161vajcarsku preciznost i pouzdanost.<\/p>\n<\/li>\n<\/ul>\n<p data-start=\"1596\" data-end=\"1727\">Kupovinom zlatne poluge Argor-Heraeus ula\u017eete u zlatni standard sigurnosti i kvaliteta \u2013 simbol poverenja i trajne vrednosti.<\/p>\n<\/div>\n<\/div>\n<\/div>\n<\/div>\n<\/div>\n<\/div>\n<\/article>\n","protected":false},"excerpt":{"rendered":"<p><iframe style=\"border: none; overflow: hidden; width: 100%; height: 54px;\" src=\"https:\/\/zlatarasezam.com\/5gr.php\" scrolling=\"no\"><\/iframe><\/p>\n<p data-start=\"37\" data-end=\"447\">Zlatna poluga <strong data-start=\"51\" data-end=\"72\">Argor-Heraeus 5 g<\/strong> simbol je \u0161vajcarskog kvaliteta, sigurnosti i presti\u017ea. Izra\u0111ena od naj\u010distijeg zlata fino\u0107e 999,9\/1000 (24 karata), poti\u010de iz renomirane kovnice Argor-Heraeus SA, \u010dlana LBMA udru\u017eenja. Sa savr\u0161enom zavr\u0161nom obradom i sertifikatom autenti\u010dnosti, ova poluga je odli\u010dan izbor za investitore, kolekcionare i sve koji \u017eele sigurno i elegantno ulaganje u fizi\u010dko zlato.<\/p>","protected":false},"featured_media":21853,"comment_status":"open","ping_status":"closed","template":"","meta":{"_acf_changed":false},"product_brand":[],"product_cat":[141,134],"product_tag":[],"class_list":{"0":"post-21777","1":"product","2":"type-product","3":"status-publish","4":"has-post-thumbnail","6":"product_cat-investiciono-zlato","7":"product_cat-zlatne-poluge","9":"first","10":"instock","11":"shipping-taxable","12":"purchasable","13":"product-type-simple"},"acf":[],"_links":{"self":[{"href":"https:\/\/sezam.svetsajtova.com\/en\/wp-json\/wp\/v2\/product\/21777","targetHints":{"allow":["GET"]}}],"collection":[{"href":"https:\/\/sezam.svetsajtova.com\/en\/wp-json\/wp\/v2\/product"}],"about":[{"href":"https:\/\/sezam.svetsajtova.com\/en\/wp-json\/wp\/v2\/types\/product"}],"replies":[{"embeddable":true,"href":"https:\/\/sezam.svetsajtova.com\/en\/wp-json\/wp\/v2\/comments?post=21777"}],"version-history":[{"count":1,"href":"https:\/\/sezam.svetsajtova.com\/en\/wp-json\/wp\/v2\/product\/21777\/revisions"}],"predecessor-version":[{"id":21854,"href":"https:\/\/sezam.svetsajtova.com\/en\/wp-json\/wp\/v2\/product\/21777\/revisions\/21854"}],"wp:featuredmedia":[{"embeddable":true,"href":"https:\/\/sezam.svetsajtova.com\/en\/wp-json\/wp\/v2\/media\/21853"}],"wp:attachment":[{"href":"https:\/\/sezam.svetsajtova.com\/en\/wp-json\/wp\/v2\/media?parent=21777"}],"wp:term":[{"taxonomy":"product_brand","embeddable":true,"href":"https:\/\/sezam.svetsajtova.com\/en\/wp-json\/wp\/v2\/product_brand?post=21777"},{"taxonomy":"product_cat","embeddable":true,"href":"https:\/\/sezam.svetsajtova.com\/en\/wp-json\/wp\/v2\/product_cat?post=21777"},{"taxonomy":"product_tag","embeddable":true,"href":"https:\/\/sezam.svetsajtova.com\/en\/wp-json\/wp\/v2\/product_tag?post=21777"}],"curies":[{"name":"wp","href":"https:\/\/api.w.org\/{rel}","templated":true}]}}