{"id":21776,"date":"2026-04-20T09:47:55","date_gmt":"2026-04-20T09:47:55","guid":{"rendered":"https:\/\/sezam.svetsajtova.com\/?post_type=product&#038;p=21776"},"modified":"2026-04-21T11:40:08","modified_gmt":"2026-04-21T11:40:08","slug":"zlatna-poluga-2g-argor-heraeus","status":"publish","type":"product","link":"https:\/\/sezam.svetsajtova.com\/en\/shop\/investiciono-zlato\/zlatna-poluga-2g-argor-heraeus\/","title":{"rendered":"Zlatna poluga 2g \u2013 ARGOR HERAEUS"},"content":{"rendered":"<article class=\"text-token-text-primary w-full focus:outline-none [--shadow-height:45px] has-data-writing-block:pointer-events-none has-data-writing-block:-mt-(--shadow-height) has-data-writing-block:pt-(--shadow-height) [&amp;:has([data-writing-block])&gt;*]:pointer-events-auto [content-visibility:auto] supports-[content-visibility:auto]:[contain-intrinsic-size:auto_100lvh] scroll-mt-[calc(var(--header-height)+min(200px,max(70px,20svh)))]\" dir=\"auto\" tabindex=\"-1\" data-turn-id=\"8dacec09-6848-40b1-858e-2f2f1d76c84a\" data-testid=\"conversation-turn-18\" data-scroll-anchor=\"true\" data-turn=\"assistant\">\n<div class=\"text-base my-auto mx-auto pb-10 [--thread-content-margin:--spacing(4)] thread-sm:[--thread-content-margin:--spacing(6)] thread-lg:[--thread-content-margin:--spacing(16)] px-(--thread-content-margin)\">\n<div class=\"[--thread-content-max-width:40rem] thread-lg:[--thread-content-max-width:48rem] mx-auto max-w-(--thread-content-max-width) flex-1 group\/turn-messages focus-visible:outline-hidden relative flex w-full min-w-0 flex-col agent-turn\" tabindex=\"-1\">\n<div class=\"flex max-w-full flex-col grow\">\n<div class=\"min-h-8 text-message relative flex w-full flex-col items-end gap-2 text-start break-words whitespace-normal [.text-message+&amp;]:mt-1\" dir=\"auto\" data-message-author-role=\"assistant\" data-message-id=\"1925fdb4-745c-43c2-bbbc-2ddecc7e8a12\" data-message-model-slug=\"gpt-5\">\n<div class=\"flex w-full flex-col gap-1 empty:hidden first:pt-[1px]\">\n<div class=\"markdown prose dark:prose-invert w-full break-words dark markdown-new-styling\">\n<p data-start=\"486\" data-end=\"849\"><strong data-start=\"486\" data-end=\"521\">Zlatna poluga Argor-Heraeus 2 g<\/strong> izra\u0111ena je u \u010duvenoj \u0161vajcarskoj kovnici Argor-Heraeus SA, poznatoj po vrhunskom standardu kvaliteta i tradiciji dugoj vi\u0161e od pola veka. Svaka poluga sadr\u017ei 2 grama \u010distog zlata fino\u0107e 999,9\/1000 (24 karata) i dolazi u originalnom blister pakovanju sa sertifikatom autenti\u010dnosti i jedinstvenim serijskim brojem.<\/p>\n<p data-start=\"851\" data-end=\"1205\">Na aversu se nalazi logo kovnice, natpisi \u201eSwitzerland\u201c, \u201e2 g Fine Gold 999.9\u201c, i oznaka serijskog broja, dok revers sadr\u017ei prepoznatljiv za\u0161titni dezen koji garantuje originalnost. Poluge Argor-Heraeus poznate su po savr\u0161enoj zavr\u0161noj obradi i visokom stepenu sigurnosti, \u0161to ih \u010dini jednim od najpouzdanijih izbora za investitore \u0161irom sveta.<\/p>\n<p data-start=\"1207\" data-end=\"1277\">Zahvaljuju\u0107i optimalnoj te\u017eini od 2 grama, ova poluga idealna je za:<\/p>\n<ul data-start=\"1278\" data-end=\"1417\">\n<li data-start=\"1278\" data-end=\"1320\">\n<p data-start=\"1280\" data-end=\"1320\">poklon sa simbolikom trajne vrednosti,<\/p>\n<\/li>\n<li data-start=\"1321\" data-end=\"1352\">\n<p data-start=\"1323\" data-end=\"1352\">sigurno dugoro\u010dno ulaganje,<\/p>\n<\/li>\n<li data-start=\"1353\" data-end=\"1417\">\n<p data-start=\"1355\" data-end=\"1417\">kolekcionare koji \u017eele \u0161vajcarski kvalitet u manjem formatu.<\/p>\n<\/li>\n<\/ul>\n<p data-start=\"1419\" data-end=\"1550\">Kupovinom Argor-Heraeus poluge ula\u017eete u garantovano \u010disto zlato, me\u0111unarodno priznato i lako zamenljivo na svetskom tr\u017ei\u0161tu.<\/p>\n<\/div>\n<\/div>\n<\/div>\n<\/div>\n<\/div>\n<\/div>\n<\/article>\n","protected":false},"excerpt":{"rendered":"<p><iframe style=\"border: none; overflow: hidden; width: 100%; height: 54px;\" src=\"https:\/\/zlatarasezam.com\/2gr.php\" scrolling=\"no\"><\/iframe><\/p>\n<p data-start=\"37\" data-end=\"445\">Zlatna poluga <strong data-start=\"51\" data-end=\"72\">Argor-Heraeus 2 g<\/strong> spoj je \u0161vajcarske preciznosti, sigurnosti i luksuznog izgleda. Izra\u0111ena od naj\u010distijeg zlata fino\u0107e 999,9\/1000 (24 karata), poti\u010de iz presti\u017ene kovnice Argor-Heraeus SA, svetski priznate po kvalitetu i LBMA sertifikatu. Zahvaljuju\u0107i prakti\u010dnoj veli\u010dini, poluga od 2 grama savr\u0161en je izbor za poklon, dugoro\u010dno ulaganje ili po\u010detak kolekcije investicionog zlata.<\/p>","protected":false},"featured_media":21850,"comment_status":"open","ping_status":"closed","template":"","meta":{"_acf_changed":false},"product_brand":[],"product_cat":[141,134],"product_tag":[],"class_list":{"0":"post-21776","1":"product","2":"type-product","3":"status-publish","4":"has-post-thumbnail","6":"product_cat-investiciono-zlato","7":"product_cat-zlatne-poluge","9":"first","10":"instock","11":"shipping-taxable","12":"purchasable","13":"product-type-simple"},"acf":[],"_links":{"self":[{"href":"https:\/\/sezam.svetsajtova.com\/en\/wp-json\/wp\/v2\/product\/21776","targetHints":{"allow":["GET"]}}],"collection":[{"href":"https:\/\/sezam.svetsajtova.com\/en\/wp-json\/wp\/v2\/product"}],"about":[{"href":"https:\/\/sezam.svetsajtova.com\/en\/wp-json\/wp\/v2\/types\/product"}],"replies":[{"embeddable":true,"href":"https:\/\/sezam.svetsajtova.com\/en\/wp-json\/wp\/v2\/comments?post=21776"}],"version-history":[{"count":1,"href":"https:\/\/sezam.svetsajtova.com\/en\/wp-json\/wp\/v2\/product\/21776\/revisions"}],"predecessor-version":[{"id":21851,"href":"https:\/\/sezam.svetsajtova.com\/en\/wp-json\/wp\/v2\/product\/21776\/revisions\/21851"}],"wp:featuredmedia":[{"embeddable":true,"href":"https:\/\/sezam.svetsajtova.com\/en\/wp-json\/wp\/v2\/media\/21850"}],"wp:attachment":[{"href":"https:\/\/sezam.svetsajtova.com\/en\/wp-json\/wp\/v2\/media?parent=21776"}],"wp:term":[{"taxonomy":"product_brand","embeddable":true,"href":"https:\/\/sezam.svetsajtova.com\/en\/wp-json\/wp\/v2\/product_brand?post=21776"},{"taxonomy":"product_cat","embeddable":true,"href":"https:\/\/sezam.svetsajtova.com\/en\/wp-json\/wp\/v2\/product_cat?post=21776"},{"taxonomy":"product_tag","embeddable":true,"href":"https:\/\/sezam.svetsajtova.com\/en\/wp-json\/wp\/v2\/product_tag?post=21776"}],"curies":[{"name":"wp","href":"https:\/\/api.w.org\/{rel}","templated":true}]}}