{"id":21774,"date":"2026-04-20T09:47:55","date_gmt":"2026-04-20T09:47:55","guid":{"rendered":"https:\/\/sezam.svetsajtova.com\/?post_type=product&#038;p=21774"},"modified":"2026-04-21T12:53:42","modified_gmt":"2026-04-21T12:53:42","slug":"zlatna-poluga-0-5-igr","status":"publish","type":"product","link":"https:\/\/sezam.svetsajtova.com\/en\/shop\/investiciono-zlato\/zlatna-poluga-0-5-igr\/","title":{"rendered":"Zlatna poluga 0.5 \u2013 IGR"},"content":{"rendered":"<article class=\"text-token-text-primary w-full focus:outline-none [--shadow-height:45px] has-data-writing-block:pointer-events-none has-data-writing-block:-mt-(--shadow-height) has-data-writing-block:pt-(--shadow-height) [&amp;:has([data-writing-block])&gt;*]:pointer-events-auto [content-visibility:auto] supports-[content-visibility:auto]:[contain-intrinsic-size:auto_100lvh] scroll-mt-[calc(var(--header-height)+min(200px,max(70px,20svh)))]\" dir=\"auto\" tabindex=\"-1\" data-turn-id=\"8dacec09-6848-40b1-858e-2f2f1d76c84a\" data-testid=\"conversation-turn-18\" data-scroll-anchor=\"true\" data-turn=\"assistant\">\n<div class=\"text-base my-auto mx-auto pb-10 [--thread-content-margin:--spacing(4)] thread-sm:[--thread-content-margin:--spacing(6)] thread-lg:[--thread-content-margin:--spacing(16)] px-(--thread-content-margin)\">\n<div class=\"[--thread-content-max-width:40rem] thread-lg:[--thread-content-max-width:48rem] mx-auto max-w-(--thread-content-max-width) flex-1 group\/turn-messages focus-visible:outline-hidden relative flex w-full min-w-0 flex-col agent-turn\" tabindex=\"-1\">\n<div class=\"flex max-w-full flex-col grow\">\n<div class=\"min-h-8 text-message relative flex w-full flex-col items-end gap-2 text-start break-words whitespace-normal [.text-message+&amp;]:mt-1\" dir=\"auto\" data-message-author-role=\"assistant\" data-message-id=\"1925fdb4-745c-43c2-bbbc-2ddecc7e8a12\" data-message-model-slug=\"gpt-5\">\n<div class=\"flex w-full flex-col gap-1 empty:hidden first:pt-[1px]\">\n<div class=\"markdown prose dark:prose-invert w-full break-words dark markdown-new-styling\">\n<p data-start=\"527\" data-end=\"857\"><strong data-start=\"527\" data-end=\"554\">Zlatna poluga IGR 0.5 g<\/strong> poti\u010de iz <strong data-start=\"565\" data-end=\"591\">Istanbul Gold Refinery<\/strong>, jedne od vode\u0107ih svetskih kovnica zlata sa presti\u017enim <strong data-start=\"647\" data-end=\"668\">LBMA sertifikatom<\/strong>. Svaka poluga izra\u0111ena je od <strong data-start=\"698\" data-end=\"744\">\u010distog zlata fino\u0107e 999,9\/1000 (24 karata)<\/strong> i zapakovana u originalno blister pakovanje sa sertifikatom autenti\u010dnosti i jedinstvenim serijskim brojem.<\/p>\n<p data-start=\"859\" data-end=\"1017\">Na aversu se nalazi logo IGR kovnice, oznaka te\u017eine i \u010disto\u0107e, dok je revers ukra\u0161en za\u0161titnim motivima i hologramskim detaljima radi autenti\u010dnosti.<\/p>\n<p data-start=\"1019\" data-end=\"1260\">Zbog svoje male mase i izuzetnog kvaliteta, ova poluga je idealna za poklone, kolekcionare ili po\u010detnike u investiranju u fizi\u010dko zlato. Iako minijaturna, poseduje sve karakteristike i sigurnosne standarde velikih investicionih poluga.<\/p>\n<p data-start=\"1262\" data-end=\"1418\">Kupovinom IGR poluge dobijate spoj kvaliteta, poverenja i me\u0111unarodne prepoznatljivosti, \u0161to je \u010dini pouzdanim izborom za dugoro\u010dno \u010duvanje vrednosti.<\/p>\n<\/div>\n<\/div>\n<\/div>\n<\/div>\n<\/div>\n<\/div>\n<\/article>\n","protected":false},"excerpt":{"rendered":"<p data-start=\"108\" data-end=\"486\">Zlatna poluga <strong data-start=\"122\" data-end=\"135\">IGR 0.5 g<\/strong> idealan je izbor za po\u010detnike u investiranju u plemenite metale. Izra\u0111ena od naj\u010distijeg zlata fino\u0107e <strong data-start=\"238\" data-end=\"264\">999,9\/1000 (24 karata)<\/strong>, dolazi iz \u010duvene kovnice <strong data-start=\"291\" data-end=\"323\">Istanbul Gold Refinery (IGR)<\/strong>, poznate po vrhunskom kvalitetu i LBMA sertifikatu. Zahvaljuju\u0107i svom kompaktnom formatu, savr\u0161ena je kao poklon, suvenir ili simbol sigurne i trajne vrednosti.<\/p>","protected":false},"featured_media":21845,"comment_status":"open","ping_status":"closed","template":"","meta":{"_acf_changed":false},"product_brand":[],"product_cat":[141,134],"product_tag":[],"class_list":{"0":"post-21774","1":"product","2":"type-product","3":"status-publish","4":"has-post-thumbnail","6":"product_cat-investiciono-zlato","7":"product_cat-zlatne-poluge","9":"first","10":"instock","11":"shipping-taxable","12":"purchasable","13":"product-type-simple"},"acf":[],"_links":{"self":[{"href":"https:\/\/sezam.svetsajtova.com\/en\/wp-json\/wp\/v2\/product\/21774","targetHints":{"allow":["GET"]}}],"collection":[{"href":"https:\/\/sezam.svetsajtova.com\/en\/wp-json\/wp\/v2\/product"}],"about":[{"href":"https:\/\/sezam.svetsajtova.com\/en\/wp-json\/wp\/v2\/types\/product"}],"replies":[{"embeddable":true,"href":"https:\/\/sezam.svetsajtova.com\/en\/wp-json\/wp\/v2\/comments?post=21774"}],"version-history":[{"count":1,"href":"https:\/\/sezam.svetsajtova.com\/en\/wp-json\/wp\/v2\/product\/21774\/revisions"}],"predecessor-version":[{"id":21846,"href":"https:\/\/sezam.svetsajtova.com\/en\/wp-json\/wp\/v2\/product\/21774\/revisions\/21846"}],"wp:featuredmedia":[{"embeddable":true,"href":"https:\/\/sezam.svetsajtova.com\/en\/wp-json\/wp\/v2\/media\/21845"}],"wp:attachment":[{"href":"https:\/\/sezam.svetsajtova.com\/en\/wp-json\/wp\/v2\/media?parent=21774"}],"wp:term":[{"taxonomy":"product_brand","embeddable":true,"href":"https:\/\/sezam.svetsajtova.com\/en\/wp-json\/wp\/v2\/product_brand?post=21774"},{"taxonomy":"product_cat","embeddable":true,"href":"https:\/\/sezam.svetsajtova.com\/en\/wp-json\/wp\/v2\/product_cat?post=21774"},{"taxonomy":"product_tag","embeddable":true,"href":"https:\/\/sezam.svetsajtova.com\/en\/wp-json\/wp\/v2\/product_tag?post=21774"}],"curies":[{"name":"wp","href":"https:\/\/api.w.org\/{rel}","templated":true}]}}