{"id":21773,"date":"2026-04-20T09:47:55","date_gmt":"2026-04-20T09:47:55","guid":{"rendered":"https:\/\/sezam.svetsajtova.com\/?post_type=product&#038;p=21773"},"modified":"2026-04-21T12:53:42","modified_gmt":"2026-04-21T12:53:42","slug":"zlatnik-napoleon-iii-finoca-900","status":"publish","type":"product","link":"https:\/\/sezam.svetsajtova.com\/en\/shop\/investicioni-dukati\/zlatnik-napoleon-iii-finoca-900\/","title":{"rendered":"Zlatnik Napoleon III Fino\u0107a 900"},"content":{"rendered":"<article class=\"text-token-text-primary w-full focus:outline-none [--shadow-height:45px] has-data-writing-block:pointer-events-none has-data-writing-block:-mt-(--shadow-height) has-data-writing-block:pt-(--shadow-height) [&amp;:has([data-writing-block])&gt;*]:pointer-events-auto [content-visibility:auto] supports-[content-visibility:auto]:[contain-intrinsic-size:auto_100lvh] scroll-mt-[calc(var(--header-height)+min(200px,max(70px,20svh)))]\" dir=\"auto\" tabindex=\"-1\" data-turn-id=\"8dacec09-6848-40b1-858e-2f2f1d76c84a\" data-testid=\"conversation-turn-18\" data-scroll-anchor=\"true\" data-turn=\"assistant\">\n<div class=\"text-base my-auto mx-auto pb-10 [--thread-content-margin:--spacing(4)] thread-sm:[--thread-content-margin:--spacing(6)] thread-lg:[--thread-content-margin:--spacing(16)] px-(--thread-content-margin)\">\n<div class=\"[--thread-content-max-width:40rem] thread-lg:[--thread-content-max-width:48rem] mx-auto max-w-(--thread-content-max-width) flex-1 group\/turn-messages focus-visible:outline-hidden relative flex w-full min-w-0 flex-col agent-turn\" tabindex=\"-1\">\n<div class=\"flex max-w-full flex-col grow\">\n<div class=\"min-h-8 text-message relative flex w-full flex-col items-end gap-2 text-start break-words whitespace-normal [.text-message+&amp;]:mt-1\" dir=\"auto\" data-message-author-role=\"assistant\" data-message-id=\"1925fdb4-745c-43c2-bbbc-2ddecc7e8a12\" data-message-model-slug=\"gpt-5\">\n<div class=\"flex w-full flex-col gap-1 empty:hidden first:pt-[1px]\">\n<div class=\"markdown prose dark:prose-invert w-full break-words dark markdown-new-styling\">\n<p data-start=\"436\" data-end=\"759\">Zlatnik Napoleon III deo je klasi\u010dne francuske serije dukata nominale 20 franaka, koji su kovani izme\u0111u 1852. i 1870. godine tokom vladavine Napoleona III, poslednjeg cara Francuske. Ovaj zlatnik ima izuzetno umetni\u010dki izra\u0111en portret Napoleona III, koji odra\u017eava veli\u010dinu i presti\u017e Drugog francuskog carstva.<\/p>\n<p data-start=\"761\" data-end=\"1005\">Na aversu se nalazi profil cara Napoleona III sa natpisom \u201eNAPOLEON III EMPEREUR\u201c, dok revers prikazuje dr\u017eavni grb Francuske sa krunom i dvoglavim orlom, okru\u017een natpisom \u201eEMPIRE FRAN\u00c7AIS\u201c, uz vrednost 20 FRANCS i godinu kovanja.<\/p>\n<p data-start=\"1007\" data-end=\"1222\">Zlatnik je izra\u0111en od 90% \u010distog zlata (fino\u0107a 900\/1000), ukupne mase 6,45 g, \u0161to odgovara 5,81 g \u010distog zlata. Pre\u010dnik mu je 21 mm, a kovao se u vi\u0161e francuskih kovnica, uklju\u010duju\u0107i Pariz i Bordo.<\/p>\n<p data-start=\"1224\" data-end=\"1530\">Napoleon III zlatnik danas va\u017ei za klasik evropskog investicionog zlata, cenjen zbog svoje lepote, istorijskog zna\u010daja i pouzdane likvidnosti na svetskom tr\u017ei\u0161tu. Osim investicione vrednosti, on je i izuzetno tra\u017een kolekcionarski komad koji nosi duh jednog od najva\u017enijih perioda francuske istorije.<\/p>\n<p data-start=\"1532\" data-end=\"1673\">Kupovinom ovog zlatnika ula\u017eete u plemeniti metal sa istorijom i du\u0161om, koji ve\u0107 vi\u0161e od jednog veka zadr\u017eava svoju vrednost i presti\u017e.<\/p>\n<\/div>\n<\/div>\n<\/div>\n<\/div>\n<\/div>\n<\/div>\n<\/article>\n","protected":false},"excerpt":{"rendered":"<p data-start=\"37\" data-end=\"395\">Zlatnik <strong data-start=\"45\" data-end=\"61\">Napoleon III<\/strong> izra\u0111en od zlata fino\u0107e 900\/1000 (21,6 karata) spada me\u0111u najpoznatije i najcenjenije francuske dukate iz 19. veka. Sa prepoznatljivim likom cara Napoleona III, ovaj zlatnik simbolizuje mo\u0107, tradiciju i stabilnost Francuske carevine. Njegova istorijska vrednost i \u010disto zlato \u010dine ga odli\u010dnim izborom za investitore i kolekcionare.<\/p>","protected":false},"featured_media":21843,"comment_status":"open","ping_status":"closed","template":"","meta":{"_acf_changed":false},"product_brand":[],"product_cat":[140,141],"product_tag":[],"class_list":{"0":"post-21773","1":"product","2":"type-product","3":"status-publish","4":"has-post-thumbnail","6":"product_cat-investicioni-dukati","7":"product_cat-investiciono-zlato","9":"first","10":"instock","11":"shipping-taxable","12":"purchasable","13":"product-type-simple"},"acf":[],"_links":{"self":[{"href":"https:\/\/sezam.svetsajtova.com\/en\/wp-json\/wp\/v2\/product\/21773","targetHints":{"allow":["GET"]}}],"collection":[{"href":"https:\/\/sezam.svetsajtova.com\/en\/wp-json\/wp\/v2\/product"}],"about":[{"href":"https:\/\/sezam.svetsajtova.com\/en\/wp-json\/wp\/v2\/types\/product"}],"replies":[{"embeddable":true,"href":"https:\/\/sezam.svetsajtova.com\/en\/wp-json\/wp\/v2\/comments?post=21773"}],"version-history":[{"count":1,"href":"https:\/\/sezam.svetsajtova.com\/en\/wp-json\/wp\/v2\/product\/21773\/revisions"}],"predecessor-version":[{"id":21844,"href":"https:\/\/sezam.svetsajtova.com\/en\/wp-json\/wp\/v2\/product\/21773\/revisions\/21844"}],"wp:featuredmedia":[{"embeddable":true,"href":"https:\/\/sezam.svetsajtova.com\/en\/wp-json\/wp\/v2\/media\/21843"}],"wp:attachment":[{"href":"https:\/\/sezam.svetsajtova.com\/en\/wp-json\/wp\/v2\/media?parent=21773"}],"wp:term":[{"taxonomy":"product_brand","embeddable":true,"href":"https:\/\/sezam.svetsajtova.com\/en\/wp-json\/wp\/v2\/product_brand?post=21773"},{"taxonomy":"product_cat","embeddable":true,"href":"https:\/\/sezam.svetsajtova.com\/en\/wp-json\/wp\/v2\/product_cat?post=21773"},{"taxonomy":"product_tag","embeddable":true,"href":"https:\/\/sezam.svetsajtova.com\/en\/wp-json\/wp\/v2\/product_tag?post=21773"}],"curies":[{"name":"wp","href":"https:\/\/api.w.org\/{rel}","templated":true}]}}