{"id":21770,"date":"2026-04-20T09:47:55","date_gmt":"2026-04-20T09:47:55","guid":{"rendered":"https:\/\/sezam.svetsajtova.com\/?post_type=product&#038;p=21770"},"modified":"2026-04-21T11:28:58","modified_gmt":"2026-04-21T11:28:58","slug":"zlatni-dukat-beli-andjeo-103-gr-cena-po-gramu","status":"publish","type":"product","link":"https:\/\/sezam.svetsajtova.com\/en\/shop\/investicioni-dukati\/zlatni-dukat-beli-andjeo-103-gr-cena-po-gramu\/","title":{"rendered":"Zlatni dukat \u2013 Beli An\u0111eo 1,03 gr <br><span style=\"color:#c28c46;\">Cena po gramu:<\/span>"},"content":{"rendered":"<article class=\"text-token-text-primary w-full focus:outline-none [--shadow-height:45px] has-data-writing-block:pointer-events-none has-data-writing-block:-mt-(--shadow-height) has-data-writing-block:pt-(--shadow-height) [&amp;:has([data-writing-block])&gt;*]:pointer-events-auto [content-visibility:auto] supports-[content-visibility:auto]:[contain-intrinsic-size:auto_100lvh] scroll-mt-[calc(var(--header-height)+min(200px,max(70px,20svh)))]\" dir=\"auto\" tabindex=\"-1\" data-turn-id=\"8dacec09-6848-40b1-858e-2f2f1d76c84a\" data-testid=\"conversation-turn-18\" data-scroll-anchor=\"true\" data-turn=\"assistant\">\n<div class=\"text-base my-auto mx-auto pb-10 [--thread-content-margin:--spacing(4)] thread-sm:[--thread-content-margin:--spacing(6)] thread-lg:[--thread-content-margin:--spacing(16)] px-(--thread-content-margin)\">\n<div class=\"[--thread-content-max-width:40rem] thread-lg:[--thread-content-max-width:48rem] mx-auto max-w-(--thread-content-max-width) flex-1 group\/turn-messages focus-visible:outline-hidden relative flex w-full min-w-0 flex-col agent-turn\" tabindex=\"-1\">\n<div class=\"flex max-w-full flex-col grow\">\n<div class=\"min-h-8 text-message relative flex w-full flex-col items-end gap-2 text-start break-words whitespace-normal [.text-message+&amp;]:mt-1\" dir=\"auto\" data-message-author-role=\"assistant\" data-message-id=\"1925fdb4-745c-43c2-bbbc-2ddecc7e8a12\" data-message-model-slug=\"gpt-5\">\n<div class=\"flex w-full flex-col gap-1 empty:hidden first:pt-[1px]\">\n<div class=\"markdown prose dark:prose-invert w-full break-words dark markdown-new-styling\">\n<p data-start=\"480\" data-end=\"881\"><strong data-start=\"480\" data-end=\"509\">Zlatni dukat \u201eBeli An\u0111eo\u201c<\/strong> izra\u0111en je u \u010dast jedne od najpoznatijih i najlep\u0161ih srpskih fresaka \u2013 <strong data-start=\"581\" data-end=\"619\">Belog An\u0111ela iz manastira Mile\u0161eva<\/strong>, koja datira iz 13. veka i va\u017ei za simbol duhovnosti, mira i humanosti. Ovaj dukat je pa\u017eljivo izra\u0111en od <strong data-start=\"726\" data-end=\"770\">\u010distog zlata fino\u0107e 999\/1000 (24 karata)<\/strong>, sa te\u017einom od <strong data-start=\"786\" data-end=\"800\">1,03 grama<\/strong>, \u0161to ga \u010dini malim, ali izuzetno vrednim primerkom doma\u0107e zlatarske tradicije.<\/p>\n<p data-start=\"883\" data-end=\"1119\">Na <strong data-start=\"886\" data-end=\"896\">aversu<\/strong> dukata nalazi se prikaz freske Belog An\u0111ela, dok <strong data-start=\"946\" data-end=\"956\">revers<\/strong> sadr\u017ei natpise o nominali, te\u017eini i \u010disto\u0107i zlata. Svaki primerak prolazi strogu kontrolu kvaliteta i dolazi u za\u0161titnoj kapsuli, uz sertifikat o autenti\u010dnosti.<\/p>\n<p data-start=\"1121\" data-end=\"1340\">Zbog svoje simbolike i prefinjenog dizajna, \u201eBeli An\u0111eo\u201c je savr\u0161en poklon za posebne prilike \u2013 kr\u0161tenja, ven\u010danja, godi\u0161njice, ro\u0111enja deteta \u2013 ali i atraktivno ulaganje za kolekcionare i ljubitelje umetni\u010dkog zlata.<\/p>\n<p data-start=\"1342\" data-end=\"1499\">Zlatni dukat \u201eBeli An\u0111eo\u201c spaja <strong data-start=\"1374\" data-end=\"1408\">duhovnu i materijalnu vrednost<\/strong>, predstavljaju\u0107i trajni simbol mira, dobrote i vere koji \u010duva svoj sjaj kroz generacije.<\/p>\n<\/div>\n<\/div>\n<\/div>\n<\/div>\n<\/div>\n<\/div>\n<\/article>\n","protected":false},"excerpt":{"rendered":"<p data-start=\"37\" data-end=\"439\">Zlatni dukat \u201eBeli An\u0111eo\u201c od 1,03 grama spaja duhovnost, tradiciju i umetni\u010dku vrednost u jednom prefinjenom komadu zlata. Izra\u0111en od visokokvalitetnog zlata fino\u0107e 999\/1000, ovaj dukat prikazuje \u010duvenu fresku Belog An\u0111ela iz manastira Mile\u0161eva \u2013 jedno od najpoznatijih dela srpske i svetske sakralne umetnosti. Idealan je kao simbol vere, \u010disto\u0107e i trajne vrednosti, bilo kao poklon ili investicija.<\/p>","protected":false},"featured_media":21822,"comment_status":"open","ping_status":"closed","template":"","meta":{"_acf_changed":false},"product_brand":[],"product_cat":[140,141],"product_tag":[],"class_list":{"0":"post-21770","1":"product","2":"type-product","3":"status-publish","4":"has-post-thumbnail","6":"product_cat-investicioni-dukati","7":"product_cat-investiciono-zlato","9":"first","10":"instock","11":"shipping-taxable","12":"purchasable","13":"product-type-simple"},"acf":[],"_links":{"self":[{"href":"https:\/\/sezam.svetsajtova.com\/en\/wp-json\/wp\/v2\/product\/21770","targetHints":{"allow":["GET"]}}],"collection":[{"href":"https:\/\/sezam.svetsajtova.com\/en\/wp-json\/wp\/v2\/product"}],"about":[{"href":"https:\/\/sezam.svetsajtova.com\/en\/wp-json\/wp\/v2\/types\/product"}],"replies":[{"embeddable":true,"href":"https:\/\/sezam.svetsajtova.com\/en\/wp-json\/wp\/v2\/comments?post=21770"}],"version-history":[{"count":1,"href":"https:\/\/sezam.svetsajtova.com\/en\/wp-json\/wp\/v2\/product\/21770\/revisions"}],"predecessor-version":[{"id":21823,"href":"https:\/\/sezam.svetsajtova.com\/en\/wp-json\/wp\/v2\/product\/21770\/revisions\/21823"}],"wp:featuredmedia":[{"embeddable":true,"href":"https:\/\/sezam.svetsajtova.com\/en\/wp-json\/wp\/v2\/media\/21822"}],"wp:attachment":[{"href":"https:\/\/sezam.svetsajtova.com\/en\/wp-json\/wp\/v2\/media?parent=21770"}],"wp:term":[{"taxonomy":"product_brand","embeddable":true,"href":"https:\/\/sezam.svetsajtova.com\/en\/wp-json\/wp\/v2\/product_brand?post=21770"},{"taxonomy":"product_cat","embeddable":true,"href":"https:\/\/sezam.svetsajtova.com\/en\/wp-json\/wp\/v2\/product_cat?post=21770"},{"taxonomy":"product_tag","embeddable":true,"href":"https:\/\/sezam.svetsajtova.com\/en\/wp-json\/wp\/v2\/product_tag?post=21770"}],"curies":[{"name":"wp","href":"https:\/\/api.w.org\/{rel}","templated":true}]}}