{"id":21767,"date":"2026-04-20T09:47:55","date_gmt":"2026-04-20T09:47:55","guid":{"rendered":"https:\/\/sezam.svetsajtova.com\/?post_type=product&#038;p=21767"},"modified":"2026-04-20T09:48:12","modified_gmt":"2026-04-20T09:48:12","slug":"francuski-zlatni-dukat-20-franaka-napoleon-iii","status":"publish","type":"product","link":"https:\/\/sezam.svetsajtova.com\/en\/shop\/investicioni-dukati\/francuski-zlatni-dukat-20-franaka-napoleon-iii\/","title":{"rendered":"Francuski zlatni dukat 20 Franaka Napoleon III"},"content":{"rendered":"<article class=\"text-token-text-primary w-full focus:outline-none [--shadow-height:45px] has-data-writing-block:pointer-events-none has-data-writing-block:-mt-(--shadow-height) has-data-writing-block:pt-(--shadow-height) [&amp;:has([data-writing-block])&gt;*]:pointer-events-auto [content-visibility:auto] supports-[content-visibility:auto]:[contain-intrinsic-size:auto_100lvh] scroll-mt-[calc(var(--header-height)+min(200px,max(70px,20svh)))]\" dir=\"auto\" tabindex=\"-1\" data-turn-id=\"8dacec09-6848-40b1-858e-2f2f1d76c84a\" data-testid=\"conversation-turn-18\" data-scroll-anchor=\"true\" data-turn=\"assistant\">\n<div class=\"text-base my-auto mx-auto pb-10 [--thread-content-margin:--spacing(4)] thread-sm:[--thread-content-margin:--spacing(6)] thread-lg:[--thread-content-margin:--spacing(16)] px-(--thread-content-margin)\">\n<div class=\"[--thread-content-max-width:40rem] thread-lg:[--thread-content-max-width:48rem] mx-auto max-w-(--thread-content-max-width) flex-1 group\/turn-messages focus-visible:outline-hidden relative flex w-full min-w-0 flex-col agent-turn\" tabindex=\"-1\">\n<div class=\"flex max-w-full flex-col grow\">\n<div class=\"min-h-8 text-message relative flex w-full flex-col items-end gap-2 text-start break-words whitespace-normal [.text-message+&amp;]:mt-1\" dir=\"auto\" data-message-author-role=\"assistant\" data-message-id=\"1925fdb4-745c-43c2-bbbc-2ddecc7e8a12\" data-message-model-slug=\"gpt-5\">\n<div class=\"flex w-full flex-col gap-1 empty:hidden first:pt-[1px]\">\n<div class=\"markdown prose dark:prose-invert w-full break-words dark markdown-new-styling\">\n<p data-start=\"433\" data-end=\"775\">Francuski zlatni dukat <strong data-start=\"456\" data-end=\"483\">20 Franaka Napoleon III<\/strong> spada u najpoznatije i najcenjenije zlatnike Evrope iz 19. veka. Kovao se izme\u0111u <strong data-start=\"565\" data-end=\"589\">1852. i 1870. godine<\/strong>, tokom vladavine <strong data-start=\"607\" data-end=\"624\">Napoleona III<\/strong>, poslednjeg cara Francuske. Ovaj zlatnik odlikuje izuzetna izrada, bogat istorijski zna\u010daj i stalna potra\u017enja na svetskom tr\u017ei\u0161tu plemenitih metala.<\/p>\n<p data-start=\"777\" data-end=\"1149\">Na <strong data-start=\"780\" data-end=\"790\">aversu<\/strong> se nalazi realisti\u010dan portret Napoleona III sa natpisom \u201eNAPOLEON III EMPEREUR\u201c. <strong data-start=\"872\" data-end=\"882\">Revers<\/strong> zlatnika prikazuje grb Drugog francuskog carstva \u2013 dvoglavog orla sa krunom i natpisom \u201eEMPIRE FRAN\u00c7AIS\u201c, uz vrednost od \u201e20 FR\u201c i godinu kovanja. Postoje dve glavne varijante: sa natpisom \u201eLAUREE\u201c (sa vencem oko glave) i bez venca, u zavisnosti od godine izdanja.<\/p>\n<p data-start=\"1151\" data-end=\"1430\">Zlatnik je izra\u0111en od <strong data-start=\"1173\" data-end=\"1211\">90% \u010distog zlata (fino\u0107a 900\/1000)<\/strong>, ukupne mase <strong data-start=\"1225\" data-end=\"1235\">6,45 g<\/strong>, sa sadr\u017eajem \u010distog zlata od <strong data-start=\"1266\" data-end=\"1275\">5,8 g<\/strong>. Pre\u010dnik mu je <strong data-start=\"1291\" data-end=\"1300\">21 mm<\/strong>, a kovao se u vi\u0161e francuskih kovnica \u2013 naj\u010de\u0161\u0107e u Parizu, Bordou i Marseju, \u0161to je ozna\u010deno malim slovom ispod godine kovanja.<\/p>\n<p data-start=\"1432\" data-end=\"1622\">Zahvaljuju\u0107i svojoj istorijskoj vrednosti, preciznom dizajnu i me\u0111unarodnom priznanju, Napoleon III dukat jedan je od najtra\u017eenijih francuskih zlatnika me\u0111u investitorima i kolekcionarima.<\/p>\n<p data-start=\"1624\" data-end=\"1653\">Ovaj zlatnik je idealan za:<\/p>\n<ul data-start=\"1654\" data-end=\"1803\">\n<li data-start=\"1654\" data-end=\"1693\">\n<p data-start=\"1656\" data-end=\"1693\">dugoro\u010dno ulaganje u fizi\u010dko zlato,<\/p>\n<\/li>\n<li data-start=\"1694\" data-end=\"1750\">\n<p data-start=\"1696\" data-end=\"1750\">kolekcionare koji cene evropsku istoriju i umetnost,<\/p>\n<\/li>\n<li data-start=\"1751\" data-end=\"1803\">\n<p data-start=\"1753\" data-end=\"1803\">poklon koji simbolizuje snagu i trajnu vrednost.<\/p>\n<\/li>\n<\/ul>\n<p data-start=\"1805\" data-end=\"1932\" data-is-last-node=\"\" data-is-only-node=\"\">Kupovinom Napoleon III dukata sti\u010dete deo francuske istorije i zlatnik koji vekovima zadr\u017eava svoj sjaj, vrednost i reputaciju.<\/p>\n<\/div>\n<\/div>\n<\/div>\n<\/div>\n<\/div>\n<\/div>\n<\/article>\n","protected":false},"excerpt":{"rendered":"<p data-start=\"37\" data-end=\"392\">Francuski zlatni dukat od 20 franaka sa likom Napoleona III jedan je od najpoznatijih i najlep\u0161ih evropskih zlatnika 19. veka. Izra\u0111en od 90% \u010distog zlata, ovaj istorijski nov\u010di\u0107 simbolizuje mo\u0107, eleganciju i tradiciju Francuske carevine. Zahvaljuju\u0107i bogatoj istoriji i visokoj \u010disto\u0107i, predstavlja savr\u0161en spoj kolekcionarske i investicione vrednosti.<\/p>","protected":false},"featured_media":21815,"comment_status":"open","ping_status":"closed","template":"","meta":{"_acf_changed":false},"product_brand":[],"product_cat":[140,141],"product_tag":[],"class_list":{"0":"post-21767","1":"product","2":"type-product","3":"status-publish","4":"has-post-thumbnail","6":"product_cat-investicioni-dukati","7":"product_cat-investiciono-zlato","9":"first","10":"instock","11":"shipping-taxable","12":"product-type-simple"},"acf":[],"_links":{"self":[{"href":"https:\/\/sezam.svetsajtova.com\/en\/wp-json\/wp\/v2\/product\/21767","targetHints":{"allow":["GET"]}}],"collection":[{"href":"https:\/\/sezam.svetsajtova.com\/en\/wp-json\/wp\/v2\/product"}],"about":[{"href":"https:\/\/sezam.svetsajtova.com\/en\/wp-json\/wp\/v2\/types\/product"}],"replies":[{"embeddable":true,"href":"https:\/\/sezam.svetsajtova.com\/en\/wp-json\/wp\/v2\/comments?post=21767"}],"version-history":[{"count":1,"href":"https:\/\/sezam.svetsajtova.com\/en\/wp-json\/wp\/v2\/product\/21767\/revisions"}],"predecessor-version":[{"id":21816,"href":"https:\/\/sezam.svetsajtova.com\/en\/wp-json\/wp\/v2\/product\/21767\/revisions\/21816"}],"wp:featuredmedia":[{"embeddable":true,"href":"https:\/\/sezam.svetsajtova.com\/en\/wp-json\/wp\/v2\/media\/21815"}],"wp:attachment":[{"href":"https:\/\/sezam.svetsajtova.com\/en\/wp-json\/wp\/v2\/media?parent=21767"}],"wp:term":[{"taxonomy":"product_brand","embeddable":true,"href":"https:\/\/sezam.svetsajtova.com\/en\/wp-json\/wp\/v2\/product_brand?post=21767"},{"taxonomy":"product_cat","embeddable":true,"href":"https:\/\/sezam.svetsajtova.com\/en\/wp-json\/wp\/v2\/product_cat?post=21767"},{"taxonomy":"product_tag","embeddable":true,"href":"https:\/\/sezam.svetsajtova.com\/en\/wp-json\/wp\/v2\/product_tag?post=21767"}],"curies":[{"name":"wp","href":"https:\/\/api.w.org\/{rel}","templated":true}]}}