{"id":21766,"date":"2026-04-20T09:47:55","date_gmt":"2026-04-20T09:47:55","guid":{"rendered":"https:\/\/sezam.svetsajtova.com\/?post_type=product&#038;p=21766"},"modified":"2026-04-21T11:18:49","modified_gmt":"2026-04-21T11:18:49","slug":"dukat-wiener-philharmoniker-1-4-unce","status":"publish","type":"product","link":"https:\/\/sezam.svetsajtova.com\/en\/shop\/investicioni-dukati\/dukat-wiener-philharmoniker-1-4-unce\/","title":{"rendered":"Dukat Wiener Philharmoniker 1\/4 unce"},"content":{"rendered":"<article class=\"text-token-text-primary w-full focus:outline-none [--shadow-height:45px] has-data-writing-block:pointer-events-none has-data-writing-block:-mt-(--shadow-height) has-data-writing-block:pt-(--shadow-height) [&amp;:has([data-writing-block])&gt;*]:pointer-events-auto [content-visibility:auto] supports-[content-visibility:auto]:[contain-intrinsic-size:auto_100lvh] scroll-mt-[calc(var(--header-height)+min(200px,max(70px,20svh)))]\" dir=\"auto\" tabindex=\"-1\" data-turn-id=\"8dacec09-6848-40b1-858e-2f2f1d76c84a\" data-testid=\"conversation-turn-18\" data-scroll-anchor=\"true\" data-turn=\"assistant\">\n<div class=\"text-base my-auto mx-auto pb-10 [--thread-content-margin:--spacing(4)] thread-sm:[--thread-content-margin:--spacing(6)] thread-lg:[--thread-content-margin:--spacing(16)] px-(--thread-content-margin)\">\n<div class=\"[--thread-content-max-width:40rem] thread-lg:[--thread-content-max-width:48rem] mx-auto max-w-(--thread-content-max-width) flex-1 group\/turn-messages focus-visible:outline-hidden relative flex w-full min-w-0 flex-col agent-turn\" tabindex=\"-1\">\n<div class=\"flex max-w-full flex-col grow\">\n<div class=\"min-h-8 text-message relative flex w-full flex-col items-end gap-2 text-start break-words whitespace-normal [.text-message+&amp;]:mt-1\" dir=\"auto\" data-message-author-role=\"assistant\" data-message-id=\"1925fdb4-745c-43c2-bbbc-2ddecc7e8a12\" data-message-model-slug=\"gpt-5\">\n<div class=\"flex w-full flex-col gap-1 empty:hidden first:pt-[1px]\">\n<div class=\"markdown prose dark:prose-invert w-full break-words dark markdown-new-styling\">\n<p data-start=\"481\" data-end=\"806\">Zlatnik Wiener Philharmoniker 1\/4 unce pripada presti\u017enoj seriji austrijskih investicionih zlatnika koje proizvodi Be\u010dka kovnica (M\u00fcnze \u00d6sterreich), jedna od najpoznatijih kovnica na svetu. Serija je predstavljena 1989. godine i posve\u0107ena Be\u010dkom filharmonijskom orkestru \u2013 simbolu austrijske kulture, umetnosti i tradicije.<\/p>\n<p data-start=\"808\" data-end=\"1140\">Na aversu se nalazi prikaz muzi\u010dkih instrumenata Be\u010dke filharmonije \u2013 violon\u010delo, violine, harfa, fagot i rog \u2013 uz natpis \u201eWIENER PHILHARMONIKER\u201c. Revers zlatnika prikazuje poznatu veliku orgulju iz Zlatne dvorane be\u010dkog Musikvereina, sa natpisima \u201eREPUBLIK \u00d6STERREICH\u201c, \u201e1\/4 UNZE GOLD 999.9\u201c, kao i nominalnu vrednost od 25 evra.<\/p>\n<p data-start=\"1142\" data-end=\"1395\">Zlatnik je izra\u0111en od najfinijeg zlata \u010disto\u0107e 999,9\/1000 (24 karata), mase 7,7758 g i pre\u010dnika 22 mm. Njegov dizajn potpisuje austrijski umetnik Thomas Pesendorfer, a kombinacija muzike i zlata daje ovom zlatniku poseban kulturni i simboli\u010dki zna\u010daj.<\/p>\n<p data-start=\"1397\" data-end=\"1623\">Zahvaljuju\u0107i svojoj veli\u010dini i visokom sadr\u017eaju zlata, Wiener Philharmoniker 1\/4 unce savr\u0161en je izbor za investitore koji \u017eele balans izme\u0111u fleksibilnosti i vrednosti, kao i za kolekcionare i ljubitelje klasi\u010dne umetnosti.<\/p>\n<p data-start=\"1625\" data-end=\"1765\" data-is-last-node=\"\" data-is-only-node=\"\">Kupovinom ovog dukata birate spoj presti\u017ea, sigurnosti i lepote \u2013 simbol austrijske tradicije koji zadr\u017eava trajnu vrednost kroz generacije.<\/p>\n<\/div>\n<\/div>\n<\/div>\n<\/div>\n<\/div>\n<\/div>\n<\/article>\n","protected":false},"excerpt":{"rendered":"<p data-start=\"37\" data-end=\"440\">Zlatnik Wiener Philharmoniker 1\/4 unce spaja austrijsku tradiciju, umetnost i sigurnost ulaganja. Kovan od \u010distog zlata fino\u0107e 999,9\/1000 (24 karata), ovaj elegantni zlatnik sadr\u017ei motive Be\u010dke filharmonije i izra\u0111uje se u \u010duvenoj Be\u010dkoj kovnici. Idealan je izbor za one koji tra\u017ee zlatnik vrhunskog kvaliteta i me\u0111unarodne reputacije, u formatu koji nudi odli\u010dan odnos izme\u0111u te\u017eine i pristupa\u010dnosti.<\/p>","protected":false},"featured_media":21812,"comment_status":"open","ping_status":"closed","template":"","meta":{"_acf_changed":false},"product_brand":[],"product_cat":[140,141],"product_tag":[],"class_list":{"0":"post-21766","1":"product","2":"type-product","3":"status-publish","4":"has-post-thumbnail","6":"product_cat-investicioni-dukati","7":"product_cat-investiciono-zlato","9":"first","10":"instock","11":"shipping-taxable","12":"purchasable","13":"product-type-simple"},"acf":[],"_links":{"self":[{"href":"https:\/\/sezam.svetsajtova.com\/en\/wp-json\/wp\/v2\/product\/21766","targetHints":{"allow":["GET"]}}],"collection":[{"href":"https:\/\/sezam.svetsajtova.com\/en\/wp-json\/wp\/v2\/product"}],"about":[{"href":"https:\/\/sezam.svetsajtova.com\/en\/wp-json\/wp\/v2\/types\/product"}],"replies":[{"embeddable":true,"href":"https:\/\/sezam.svetsajtova.com\/en\/wp-json\/wp\/v2\/comments?post=21766"}],"version-history":[{"count":1,"href":"https:\/\/sezam.svetsajtova.com\/en\/wp-json\/wp\/v2\/product\/21766\/revisions"}],"predecessor-version":[{"id":21813,"href":"https:\/\/sezam.svetsajtova.com\/en\/wp-json\/wp\/v2\/product\/21766\/revisions\/21813"}],"wp:featuredmedia":[{"embeddable":true,"href":"https:\/\/sezam.svetsajtova.com\/en\/wp-json\/wp\/v2\/media\/21812"}],"wp:attachment":[{"href":"https:\/\/sezam.svetsajtova.com\/en\/wp-json\/wp\/v2\/media?parent=21766"}],"wp:term":[{"taxonomy":"product_brand","embeddable":true,"href":"https:\/\/sezam.svetsajtova.com\/en\/wp-json\/wp\/v2\/product_brand?post=21766"},{"taxonomy":"product_cat","embeddable":true,"href":"https:\/\/sezam.svetsajtova.com\/en\/wp-json\/wp\/v2\/product_cat?post=21766"},{"taxonomy":"product_tag","embeddable":true,"href":"https:\/\/sezam.svetsajtova.com\/en\/wp-json\/wp\/v2\/product_tag?post=21766"}],"curies":[{"name":"wp","href":"https:\/\/api.w.org\/{rel}","templated":true}]}}