{"id":21765,"date":"2026-04-20T09:47:55","date_gmt":"2026-04-20T09:47:55","guid":{"rendered":"https:\/\/sezam.svetsajtova.com\/?post_type=product&#038;p=21765"},"modified":"2026-04-21T11:18:49","modified_gmt":"2026-04-21T11:18:49","slug":"dukat-wiener-philharmoniker-1-25-unce","status":"publish","type":"product","link":"https:\/\/sezam.svetsajtova.com\/en\/shop\/investicioni-dukati\/dukat-wiener-philharmoniker-1-25-unce\/","title":{"rendered":"Dukat Wiener Philharmoniker 1\/25 unce"},"content":{"rendered":"<article class=\"text-token-text-primary w-full focus:outline-none [--shadow-height:45px] has-data-writing-block:pointer-events-none has-data-writing-block:-mt-(--shadow-height) has-data-writing-block:pt-(--shadow-height) [&amp;:has([data-writing-block])&gt;*]:pointer-events-auto [content-visibility:auto] supports-[content-visibility:auto]:[contain-intrinsic-size:auto_100lvh] scroll-mt-[calc(var(--header-height)+min(200px,max(70px,20svh)))]\" dir=\"auto\" tabindex=\"-1\" data-turn-id=\"8dacec09-6848-40b1-858e-2f2f1d76c84a\" data-testid=\"conversation-turn-18\" data-scroll-anchor=\"true\" data-turn=\"assistant\">\n<div class=\"text-base my-auto mx-auto pb-10 [--thread-content-margin:--spacing(4)] thread-sm:[--thread-content-margin:--spacing(6)] thread-lg:[--thread-content-margin:--spacing(16)] px-(--thread-content-margin)\">\n<div class=\"[--thread-content-max-width:40rem] thread-lg:[--thread-content-max-width:48rem] mx-auto max-w-(--thread-content-max-width) flex-1 group\/turn-messages focus-visible:outline-hidden relative flex w-full min-w-0 flex-col agent-turn\" tabindex=\"-1\">\n<div class=\"flex max-w-full flex-col grow\">\n<div class=\"min-h-8 text-message relative flex w-full flex-col items-end gap-2 text-start break-words whitespace-normal [.text-message+&amp;]:mt-1\" dir=\"auto\" data-message-author-role=\"assistant\" data-message-id=\"1925fdb4-745c-43c2-bbbc-2ddecc7e8a12\" data-message-model-slug=\"gpt-5\">\n<div class=\"flex w-full flex-col gap-1 empty:hidden first:pt-[1px]\">\n<div class=\"markdown prose dark:prose-invert w-full break-words dark markdown-new-styling\">\n<p data-start=\"511\" data-end=\"938\">Zlatnik Wiener Philharmoniker 1\/25 unce deo je svetski poznate serije zlatnika koje izra\u0111uje Be\u010dka kovnica (M\u00fcnze \u00d6sterreich), jedna od najuglednijih kovnica na svetu. Serija je posve\u0107ena Be\u010dkom filharmonijskom orkestru \u2013 simbolu austrijske kulture i muzi\u010dke izvrsnosti. Izdanje od 1\/25 unce predstavljeno je 2014. godine, kao najlak\u0161e i najpristupa\u010dnije izdanje namenjeno kolekcionarima i po\u010detnicima u investiranju u zlato.<\/p>\n<p data-start=\"940\" data-end=\"1281\">Na aversu zlatnika prikazani su muzi\u010dki instrumenti Be\u010dke filharmonije \u2013 violon\u010delo, violine, harfa, fagot i rog \u2013 uz natpis \u201eWIENER PHILHARMONIKER\u201c. Revers zlatnika prikazuje \u010duvenu orgulju iz Zlatne dvorane be\u010dkog Musikvereina, sa natpisima \u201eREPUBLIK \u00d6STERREICH\u201c, \u201e1\/25 UNZE GOLD 999.9\u201c, godinom kovanja i nominalnom vredno\u0161\u0107u od 4 evra.<\/p>\n<p data-start=\"1283\" data-end=\"1532\">Zlatnik Wiener Philharmoniker 1\/25 unce izra\u0111en je od \u010distog zlata fino\u0107e 999,9\/1000 (24 karata), te\u017ei 1,244 grama i ima pre\u010dnik od 13 mm. Uprkos svojim malim dimenzijama, poseduje identi\u010dan dizajn, kvalitet i reputaciju kao i ve\u0107a izdanja serije.<\/p>\n<p data-start=\"1534\" data-end=\"1618\">Zahvaljuju\u0107i svom elegantnom izgledu i dostupnoj ceni, ovaj zlatnik savr\u0161en je za:<\/p>\n<ul data-start=\"1619\" data-end=\"1781\">\n<li data-start=\"1619\" data-end=\"1667\">\n<p data-start=\"1621\" data-end=\"1667\">poklon posebne simbolike i trajne vrednosti,<\/p>\n<\/li>\n<li data-start=\"1668\" data-end=\"1713\">\n<p data-start=\"1670\" data-end=\"1713\">po\u010detak investicionog portfolija u zlatu,<\/p>\n<\/li>\n<li data-start=\"1714\" data-end=\"1781\">\n<p data-start=\"1716\" data-end=\"1781\">kolekcionare koji \u017eele kompletirati celu Philharmoniker seriju.<\/p>\n<\/li>\n<\/ul>\n<p data-start=\"1783\" data-end=\"1935\" data-is-last-node=\"\" data-is-only-node=\"\">Wiener Philharmoniker 1\/25 unce spaja austrijsku muzi\u010dku tradiciju, vrhunsku izradu i \u010disto zlato \u2013 mali po dimenziji, ali veliki po zna\u010daju i presti\u017eu.<\/p>\n<\/div>\n<\/div>\n<\/div>\n<\/div>\n<div class=\"z-0 flex min-h-[46px] justify-start\"><\/div>\n<div class=\"mt-3 w-full empty:hidden\">\n<div class=\"text-center\"><\/div>\n<\/div>\n<\/div>\n<\/div>\n<\/article>\n<div class=\"pointer-events-none h-px w-px\" aria-hidden=\"true\" data-edge=\"true\"><\/div>\n","protected":false},"excerpt":{"rendered":"<p data-start=\"37\" data-end=\"470\">Zlatnik Wiener Philharmoniker 1\/25 unce najmanje je i najpristupa\u010dnije izdanje slavne austrijske serije investicionih zlatnika. Izra\u0111en od najfinijeg zlata \u010disto\u0107e 999,9\/1000 (24 karata), ovaj minijaturni zlatnik kombinuje eleganciju, tradiciju i sigurnost ulaganja. Savr\u0161en je izbor za kolekcionare, poklonike umetnosti i sve koji \u017eele zapo\u010deti ulaganje u fizi\u010dko zlato sa malim, ali vrednim komadom austrijske kovni\u010dke tradicije.<\/p>","protected":false},"featured_media":21809,"comment_status":"open","ping_status":"closed","template":"","meta":{"_acf_changed":false},"product_brand":[],"product_cat":[140,141],"product_tag":[],"class_list":{"0":"post-21765","1":"product","2":"type-product","3":"status-publish","4":"has-post-thumbnail","6":"product_cat-investicioni-dukati","7":"product_cat-investiciono-zlato","9":"first","10":"instock","11":"shipping-taxable","12":"purchasable","13":"product-type-simple"},"acf":[],"_links":{"self":[{"href":"https:\/\/sezam.svetsajtova.com\/en\/wp-json\/wp\/v2\/product\/21765","targetHints":{"allow":["GET"]}}],"collection":[{"href":"https:\/\/sezam.svetsajtova.com\/en\/wp-json\/wp\/v2\/product"}],"about":[{"href":"https:\/\/sezam.svetsajtova.com\/en\/wp-json\/wp\/v2\/types\/product"}],"replies":[{"embeddable":true,"href":"https:\/\/sezam.svetsajtova.com\/en\/wp-json\/wp\/v2\/comments?post=21765"}],"version-history":[{"count":1,"href":"https:\/\/sezam.svetsajtova.com\/en\/wp-json\/wp\/v2\/product\/21765\/revisions"}],"predecessor-version":[{"id":21810,"href":"https:\/\/sezam.svetsajtova.com\/en\/wp-json\/wp\/v2\/product\/21765\/revisions\/21810"}],"wp:featuredmedia":[{"embeddable":true,"href":"https:\/\/sezam.svetsajtova.com\/en\/wp-json\/wp\/v2\/media\/21809"}],"wp:attachment":[{"href":"https:\/\/sezam.svetsajtova.com\/en\/wp-json\/wp\/v2\/media?parent=21765"}],"wp:term":[{"taxonomy":"product_brand","embeddable":true,"href":"https:\/\/sezam.svetsajtova.com\/en\/wp-json\/wp\/v2\/product_brand?post=21765"},{"taxonomy":"product_cat","embeddable":true,"href":"https:\/\/sezam.svetsajtova.com\/en\/wp-json\/wp\/v2\/product_cat?post=21765"},{"taxonomy":"product_tag","embeddable":true,"href":"https:\/\/sezam.svetsajtova.com\/en\/wp-json\/wp\/v2\/product_tag?post=21765"}],"curies":[{"name":"wp","href":"https:\/\/api.w.org\/{rel}","templated":true}]}}