{"id":21064,"date":"2025-10-28T18:19:50","date_gmt":"2025-10-28T18:19:50","guid":{"rendered":"https:\/\/sezam.svetsajtova.com\/?post_type=product&#038;p=21064"},"modified":"2025-10-28T18:20:30","modified_gmt":"2025-10-28T18:20:30","slug":"zlatni-gram-klasicna-bela-kartica","status":"publish","type":"product","link":"https:\/\/sezam.svetsajtova.com\/en\/shop\/zlato-za-poklon\/zlatni-gram-klasicna-bela-kartica\/","title":{"rendered":"Zlatni gram \u2013 klasi\u010dna bela kartica"},"content":{"rendered":"<p data-start=\"120\" data-end=\"429\">\u201eZlatni gram \u2013 bela kartica\u201c predstavlja savr\u0161en spoj jednostavnosti i trajne vrednosti. Dizajnirana u minimalisti\u010dkom stilu, ova elegantna bela kartica nagla\u0161ava luksuz i \u010disto\u0107u samog zlata. U njenom sredi\u0161tu nalazi se zlatna poluga od 1 grama \u010disto\u0107e 999,9, sigurno ugra\u0111ena i za\u0161ti\u0107ena.<\/p>\n<p data-start=\"431\" data-end=\"696\">Ovaj proizvod je univerzalni izbor za sve prilike \u2013 bilo da poklanjate dragoj osobi za ro\u0111enje deteta, kr\u0161tenje, ro\u0111endan, godi\u0161njicu ili kao znak zahvalnosti. Njegov neutralan dizajn omogu\u0107ava da bude podjednako prikladan i za mu\u0161karce i za \u017eene, decu i odrasle.<\/p>\n<p data-start=\"698\" data-end=\"970\">Zlato je kroz vekove ostalo simbol stabilnosti, sigurnosti i prosperiteta, pa poklanjanje \u201eZlatnog grama\u201c ima i emotivnu i prakti\u010dnu vrednost. Kartica ne zahteva dodatno pakovanje, ve\u0107 je sama po sebi elegantan i reprezentativan poklon koji ostaje uspomena za ceo \u017eivot.<\/p>","protected":false},"excerpt":{"rendered":"<p data-start=\"740\" data-end=\"971\">Minimalisti\u010dki dizajnirana bela kartica sa slikom zlatnih poluga. U prozor\u010di\u0107u se nalazi 1g investicionog zlata \u010disto\u0107e 999,9. Univerzalni izbor za sve prilike.<br data-start=\"910\" data-end=\"913\" \/><strong data-start=\"913\" data-end=\"933\">Naziv proizvoda:<\/strong> <em data-start=\"934\" data-end=\"971\">Zlatni gram \u2013 bela kartica 1g zlato<\/em><\/p>","protected":false},"featured_media":21101,"comment_status":"closed","ping_status":"closed","template":"","meta":{"_acf_changed":false},"product_brand":[],"product_cat":[145],"product_tag":[],"class_list":{"0":"post-21064","1":"product","2":"type-product","3":"status-publish","4":"has-post-thumbnail","6":"product_cat-zlato-za-poklon","8":"first","9":"instock","10":"shipping-taxable","11":"purchasable","12":"product-type-simple"},"acf":[],"_links":{"self":[{"href":"https:\/\/sezam.svetsajtova.com\/en\/wp-json\/wp\/v2\/product\/21064","targetHints":{"allow":["GET"]}}],"collection":[{"href":"https:\/\/sezam.svetsajtova.com\/en\/wp-json\/wp\/v2\/product"}],"about":[{"href":"https:\/\/sezam.svetsajtova.com\/en\/wp-json\/wp\/v2\/types\/product"}],"replies":[{"embeddable":true,"href":"https:\/\/sezam.svetsajtova.com\/en\/wp-json\/wp\/v2\/comments?post=21064"}],"version-history":[{"count":0,"href":"https:\/\/sezam.svetsajtova.com\/en\/wp-json\/wp\/v2\/product\/21064\/revisions"}],"wp:featuredmedia":[{"embeddable":true,"href":"https:\/\/sezam.svetsajtova.com\/en\/wp-json\/wp\/v2\/media\/21101"}],"wp:attachment":[{"href":"https:\/\/sezam.svetsajtova.com\/en\/wp-json\/wp\/v2\/media?parent=21064"}],"wp:term":[{"taxonomy":"product_brand","embeddable":true,"href":"https:\/\/sezam.svetsajtova.com\/en\/wp-json\/wp\/v2\/product_brand?post=21064"},{"taxonomy":"product_cat","embeddable":true,"href":"https:\/\/sezam.svetsajtova.com\/en\/wp-json\/wp\/v2\/product_cat?post=21064"},{"taxonomy":"product_tag","embeddable":true,"href":"https:\/\/sezam.svetsajtova.com\/en\/wp-json\/wp\/v2\/product_tag?post=21064"}],"curies":[{"name":"wp","href":"https:\/\/api.w.org\/{rel}","templated":true}]}}