{"id":21062,"date":"2025-10-28T18:19:49","date_gmt":"2025-10-28T18:19:49","guid":{"rendered":"https:\/\/sezam.svetsajtova.com\/?post_type=product&#038;p=21062"},"modified":"2025-10-28T18:20:28","modified_gmt":"2025-10-28T18:20:28","slug":"moj-prvi-gram-kartica-sa-motivom-rode-1g-zlato","status":"publish","type":"product","link":"https:\/\/sezam.svetsajtova.com\/en\/shop\/zlato-za-poklon\/moj-prvi-gram-kartica-sa-motivom-rode-1g-zlato\/","title":{"rendered":"Moj prvi gram \u2013 kartica sa motivom rode (1g zlato)"},"content":{"rendered":"<p data-start=\"137\" data-end=\"458\">Simbolika dolaska na svet preto\u010dena je u jedan poseban poklon. Kartica \u201eMoj prvi gram\u201c sa motivom rode koja nosi bebu osmi\u0161ljena je da zauvek sa\u010duva uspomenu na prve trenutke \u017eivota. U sebi sadr\u017ei zlatnu polugu od 1 grama \u010disto\u0107e 999,9, pa\u017eljivo ugra\u0111enu u prozirni otvor i za\u0161ti\u0107enu od o\u0161te\u0107enja.<\/p>\n<p data-start=\"460\" data-end=\"756\">Ovaj poklon je savr\u0161en izbor za ro\u0111enje deteta, kr\u0161tenje ili prvi ro\u0111endan. Roda kao univerzalni simbol ra\u0111anja i novog po\u010detka daje mu dodatnu emotivnu vrednost, dok zlato predstavlja sigurnost i trajnost. Na taj na\u010din, dariva se i ljubav i materijalna vrednost koja nikada ne gubi na zna\u010daju.<\/p>\n<p data-start=\"758\" data-end=\"995\">Kartica svojim veselim i ne\u017enim dizajnom odgovara i za de\u010dake i za devoj\u010dice, pa je odli\u010dan izbor za sve prilike. Roditelji, kumovi i najbli\u017ei ovom poklonu pridaju posebno zna\u010denje jer on ostaje dragocena uspomena koja traje ceo \u017eivot.<\/p>","protected":false},"excerpt":{"rendered":"<p data-start=\"98\" data-end=\"388\">Jednostavnost i elegancija u spoju sa trajnom vredno\u0161\u0107u. Bela kartica \u201eZlatni gram\u201c donosi \u010dist i minimalisti\u010dki dizajn sa zlatnom polugom od 1g \u010disto\u0107e 999,9 ugra\u0111enom u prozor\u010di\u0107. Idealan je izbor za sve prilike \u2013 ro\u0111enja, kr\u0161tenja, ro\u0111endane ili kao li\u010dni znak pa\u017enje.<\/p>\n<p data-start=\"390\" data-end=\"610\">","protected":false},"featured_media":21097,"comment_status":"closed","ping_status":"closed","template":"","meta":{"_acf_changed":false},"product_brand":[],"product_cat":[145],"product_tag":[],"class_list":{"0":"post-21062","1":"product","2":"type-product","3":"status-publish","4":"has-post-thumbnail","6":"product_cat-zlato-za-poklon","8":"first","9":"instock","10":"shipping-taxable","11":"purchasable","12":"product-type-simple"},"acf":[],"_links":{"self":[{"href":"https:\/\/sezam.svetsajtova.com\/en\/wp-json\/wp\/v2\/product\/21062","targetHints":{"allow":["GET"]}}],"collection":[{"href":"https:\/\/sezam.svetsajtova.com\/en\/wp-json\/wp\/v2\/product"}],"about":[{"href":"https:\/\/sezam.svetsajtova.com\/en\/wp-json\/wp\/v2\/types\/product"}],"replies":[{"embeddable":true,"href":"https:\/\/sezam.svetsajtova.com\/en\/wp-json\/wp\/v2\/comments?post=21062"}],"version-history":[{"count":0,"href":"https:\/\/sezam.svetsajtova.com\/en\/wp-json\/wp\/v2\/product\/21062\/revisions"}],"wp:featuredmedia":[{"embeddable":true,"href":"https:\/\/sezam.svetsajtova.com\/en\/wp-json\/wp\/v2\/media\/21097"}],"wp:attachment":[{"href":"https:\/\/sezam.svetsajtova.com\/en\/wp-json\/wp\/v2\/media?parent=21062"}],"wp:term":[{"taxonomy":"product_brand","embeddable":true,"href":"https:\/\/sezam.svetsajtova.com\/en\/wp-json\/wp\/v2\/product_brand?post=21062"},{"taxonomy":"product_cat","embeddable":true,"href":"https:\/\/sezam.svetsajtova.com\/en\/wp-json\/wp\/v2\/product_cat?post=21062"},{"taxonomy":"product_tag","embeddable":true,"href":"https:\/\/sezam.svetsajtova.com\/en\/wp-json\/wp\/v2\/product_tag?post=21062"}],"curies":[{"name":"wp","href":"https:\/\/api.w.org\/{rel}","templated":true}]}}