{"id":21061,"date":"2025-10-28T18:19:49","date_gmt":"2025-10-28T18:19:49","guid":{"rendered":"https:\/\/sezam.svetsajtova.com\/?post_type=product&#038;p=21061"},"modified":"2025-10-28T18:20:27","modified_gmt":"2025-10-28T18:20:27","slug":"moj-prvi-gram-roze-kartica-za-devojcicu","status":"publish","type":"product","link":"https:\/\/sezam.svetsajtova.com\/en\/shop\/zlato-za-poklon\/moj-prvi-gram-roze-kartica-za-devojcicu\/","title":{"rendered":"Moj prvi gram \u2013 roze kartica za devoj\u010dicu"},"content":{"rendered":"<p data-start=\"139\" data-end=\"467\">Poseban poklon koji zauvek \u010duva uspomenu na prve dane \u017eivota. \u201eMoj prvi gram\u201c u roze varijanti namenjen je devoj\u010dicama i predstavlja savr\u0161enu kombinaciju ne\u017enosti i trajne vrednosti. U samoj kartici nalazi se zlatna poluga od 1 grama \u010disto\u0107e 999,9, pa\u017eljivo za\u0161ti\u0107ena i prezentovana u elegantnom dizajnu.<\/p>\n<p data-start=\"469\" data-end=\"760\">Roze boja kartice, zvezdice i motiv uspavane bebe daju ovom poklonu poseban emotivni ton, \u010dine\u0107i ga idealnim izborom za darivanje povodom ro\u0111enja, kr\u0161tenja ili prvog ro\u0111endana. Roditelji, kumovi, bake i deke ga rado biraju jer poklanjaju ne samo uspomenu, ve\u0107 i vrednost koja traje zauvek.<\/p>\n<p data-start=\"762\" data-end=\"995\">Zlato je vekovima simbol sigurnosti i ljubavi, pa ovakav dar ima i prakti\u010dnu i sentimentalnu vrednost. Svaka devoj\u010dica \u0107e uz svoj \u201eprvi gram\u201c poneti deo tradicije, topline i pa\u017enje koji ostaju trajno zabele\u017eeni u njenom odrastanju.<\/p>","protected":false},"excerpt":{"rendered":"<p>Roze kartica sa motivom uspavane bebe i zlatnim zvezdicama. U prozirnom prozoru nalazi se zlatna poluga od 1g \u010disto\u0107e 999,9. Namenjena kao poseban poklon za ro\u0111enje devoj\u010dice i njen prvi gram zlata.<br data-start=\"345\" data-end=\"348\" \/><strong data-start=\"348\" data-end=\"368\">Naziv proizvoda:<\/strong> <em data-start=\"369\" data-end=\"419\">Moj prvi gram \u2013 roze kartica za devoj\u010dice 1g zlato<\/em><\/p>","protected":false},"featured_media":21095,"comment_status":"closed","ping_status":"closed","template":"","meta":{"_acf_changed":false},"product_brand":[],"product_cat":[145],"product_tag":[],"class_list":{"0":"post-21061","1":"product","2":"type-product","3":"status-publish","4":"has-post-thumbnail","6":"product_cat-zlato-za-poklon","8":"first","9":"instock","10":"shipping-taxable","11":"purchasable","12":"product-type-simple"},"acf":[],"_links":{"self":[{"href":"https:\/\/sezam.svetsajtova.com\/en\/wp-json\/wp\/v2\/product\/21061","targetHints":{"allow":["GET"]}}],"collection":[{"href":"https:\/\/sezam.svetsajtova.com\/en\/wp-json\/wp\/v2\/product"}],"about":[{"href":"https:\/\/sezam.svetsajtova.com\/en\/wp-json\/wp\/v2\/types\/product"}],"replies":[{"embeddable":true,"href":"https:\/\/sezam.svetsajtova.com\/en\/wp-json\/wp\/v2\/comments?post=21061"}],"version-history":[{"count":0,"href":"https:\/\/sezam.svetsajtova.com\/en\/wp-json\/wp\/v2\/product\/21061\/revisions"}],"wp:featuredmedia":[{"embeddable":true,"href":"https:\/\/sezam.svetsajtova.com\/en\/wp-json\/wp\/v2\/media\/21095"}],"wp:attachment":[{"href":"https:\/\/sezam.svetsajtova.com\/en\/wp-json\/wp\/v2\/media?parent=21061"}],"wp:term":[{"taxonomy":"product_brand","embeddable":true,"href":"https:\/\/sezam.svetsajtova.com\/en\/wp-json\/wp\/v2\/product_brand?post=21061"},{"taxonomy":"product_cat","embeddable":true,"href":"https:\/\/sezam.svetsajtova.com\/en\/wp-json\/wp\/v2\/product_cat?post=21061"},{"taxonomy":"product_tag","embeddable":true,"href":"https:\/\/sezam.svetsajtova.com\/en\/wp-json\/wp\/v2\/product_tag?post=21061"}],"curies":[{"name":"wp","href":"https:\/\/api.w.org\/{rel}","templated":true}]}}