{"id":21060,"date":"2025-10-28T18:19:49","date_gmt":"2025-10-28T18:19:49","guid":{"rendered":"https:\/\/sezam.svetsajtova.com\/?post_type=product&#038;p=21060"},"modified":"2025-10-28T18:20:26","modified_gmt":"2025-10-28T18:20:26","slug":"moj-prvi-gram-plava-varijanta-za-decaka","status":"publish","type":"product","link":"https:\/\/sezam.svetsajtova.com\/en\/shop\/zlato-za-poklon\/moj-prvi-gram-plava-varijanta-za-decaka\/","title":{"rendered":"Moj prvi gram \u2013 plava varijanta (za de\u010daka)"},"content":{"rendered":"<p data-start=\"119\" data-end=\"399\">Poklon koji ima posebnu vrednost i emotivnu simboliku. \u201eMoj prvi gram\u201c u plavoj varijanti namenjen je de\u010dacima, kao uspomena koja traje zauvek. U elegantnoj kartici nalazi se zlatna poluga od 1 grama najvi\u0161e \u010disto\u0107e (999,9), pa\u017eljivo upakovana i za\u0161ti\u0107ena.<\/p>\n<p data-start=\"401\" data-end=\"679\">Ovaj poklon nije samo znak pa\u017enje ve\u0107 i trajna vrednost \u2013 zlato je kroz vekove ostalo simbol sigurnosti, ljubavi i blagostanja. Roditelji, kumovi, bake i deke \u010desto biraju ovakav dar za kr\u0161tenje, ro\u0111enje ili prvi ro\u0111endan, jer spaja prakti\u010dno ulaganje i li\u010dnu emotivnu poruku.<\/p>\n<p data-start=\"681\" data-end=\"898\">Plava boja kartice i motiv uspavane bebe sa zvezdicama \u010dine ga savr\u0161enim izborom za de\u010daka. Svaki put kada pogleda svoj \u201eprvi gram\u201c, ovaj dar \u0107e ga podse\u0107ati na ljubav i pa\u017enju kojom je okru\u017een od prvih dana \u017eivota.<\/p>","protected":false},"excerpt":{"rendered":"<p>Plava kartica sa motivom uspavane bebe i zlatnim zvezdicama. U prozirnom prozoru nalazi se zlatna poluga od 1g \u010disto\u0107e 999,9. Namenjena kao poseban poklon za ro\u0111enje de\u010daka i njegov prvi gram zlata.<br data-start=\"345\" data-end=\"348\" \/><strong data-start=\"348\" data-end=\"368\">Naziv proizvoda:<\/strong> <em data-start=\"369\" data-end=\"419\">Moj prvi gram \u2013 plava kartica za de\u010daka 1g zlato<\/em><\/p>","protected":false},"featured_media":21093,"comment_status":"closed","ping_status":"closed","template":"","meta":{"_acf_changed":false},"product_brand":[],"product_cat":[145],"product_tag":[],"class_list":{"0":"post-21060","1":"product","2":"type-product","3":"status-publish","4":"has-post-thumbnail","6":"product_cat-zlato-za-poklon","8":"first","9":"instock","10":"shipping-taxable","11":"purchasable","12":"product-type-simple"},"acf":[],"_links":{"self":[{"href":"https:\/\/sezam.svetsajtova.com\/en\/wp-json\/wp\/v2\/product\/21060","targetHints":{"allow":["GET"]}}],"collection":[{"href":"https:\/\/sezam.svetsajtova.com\/en\/wp-json\/wp\/v2\/product"}],"about":[{"href":"https:\/\/sezam.svetsajtova.com\/en\/wp-json\/wp\/v2\/types\/product"}],"replies":[{"embeddable":true,"href":"https:\/\/sezam.svetsajtova.com\/en\/wp-json\/wp\/v2\/comments?post=21060"}],"version-history":[{"count":0,"href":"https:\/\/sezam.svetsajtova.com\/en\/wp-json\/wp\/v2\/product\/21060\/revisions"}],"wp:featuredmedia":[{"embeddable":true,"href":"https:\/\/sezam.svetsajtova.com\/en\/wp-json\/wp\/v2\/media\/21093"}],"wp:attachment":[{"href":"https:\/\/sezam.svetsajtova.com\/en\/wp-json\/wp\/v2\/media?parent=21060"}],"wp:term":[{"taxonomy":"product_brand","embeddable":true,"href":"https:\/\/sezam.svetsajtova.com\/en\/wp-json\/wp\/v2\/product_brand?post=21060"},{"taxonomy":"product_cat","embeddable":true,"href":"https:\/\/sezam.svetsajtova.com\/en\/wp-json\/wp\/v2\/product_cat?post=21060"},{"taxonomy":"product_tag","embeddable":true,"href":"https:\/\/sezam.svetsajtova.com\/en\/wp-json\/wp\/v2\/product_tag?post=21060"}],"curies":[{"name":"wp","href":"https:\/\/api.w.org\/{rel}","templated":true}]}}