{"id":21057,"date":"2025-10-28T18:19:49","date_gmt":"2025-10-28T18:19:49","guid":{"rendered":"https:\/\/sezam.svetsajtova.com\/?post_type=product&#038;p=21057"},"modified":"2025-10-28T18:20:22","modified_gmt":"2025-10-28T18:20:22","slug":"belgijska-kovanica-20-fr-leopold-ii-finoca-900","status":"publish","type":"product","link":"https:\/\/sezam.svetsajtova.com\/en\/shop\/investicioni-dukati\/belgijska-kovanica-20-fr-leopold-ii-finoca-900\/","title":{"rendered":"Belgijska kovanica 20 fr Leopold II fino\u0107a 900"},"content":{"rendered":"","protected":false},"excerpt":{"rendered":"<p>Dukat predstavlja jedinstven i divan poklon za mnoge prilike. Sjajem i svojom velikom vredno\u0161\u0107u opominju i podse\u0107aju one koji su ih dobili na drage ljude koji su ih poklonili.<\/p>\n<p>Zlatnike izra\u0111ujemo po porud\u017ebini, o\u010dekivan rok izrade je 2-5 radnih dana. Uz zlatnike dobijate deklaraciju o zlatu, fino\u0107i, grama\u017ei i veli\u010dini, sve zlatnike pakujemo u elegantne ukrasne kutije.<\/p>\n<p><strong>NAPOMENA:<\/strong><strong><em>\u00a0Fotografije su informativnog karaktera.\u00a0<\/em><\/strong><\/p>","protected":false},"featured_media":21087,"comment_status":"closed","ping_status":"closed","template":"","meta":{"_acf_changed":false},"product_brand":[],"product_cat":[140,141],"product_tag":[],"class_list":{"0":"post-21057","1":"product","2":"type-product","3":"status-publish","4":"has-post-thumbnail","6":"product_cat-investicioni-dukati","7":"product_cat-investiciono-zlato","9":"first","10":"instock","11":"shipping-taxable","12":"purchasable","13":"product-type-simple"},"acf":[],"_links":{"self":[{"href":"https:\/\/sezam.svetsajtova.com\/en\/wp-json\/wp\/v2\/product\/21057","targetHints":{"allow":["GET"]}}],"collection":[{"href":"https:\/\/sezam.svetsajtova.com\/en\/wp-json\/wp\/v2\/product"}],"about":[{"href":"https:\/\/sezam.svetsajtova.com\/en\/wp-json\/wp\/v2\/types\/product"}],"replies":[{"embeddable":true,"href":"https:\/\/sezam.svetsajtova.com\/en\/wp-json\/wp\/v2\/comments?post=21057"}],"version-history":[{"count":0,"href":"https:\/\/sezam.svetsajtova.com\/en\/wp-json\/wp\/v2\/product\/21057\/revisions"}],"wp:featuredmedia":[{"embeddable":true,"href":"https:\/\/sezam.svetsajtova.com\/en\/wp-json\/wp\/v2\/media\/21087"}],"wp:attachment":[{"href":"https:\/\/sezam.svetsajtova.com\/en\/wp-json\/wp\/v2\/media?parent=21057"}],"wp:term":[{"taxonomy":"product_brand","embeddable":true,"href":"https:\/\/sezam.svetsajtova.com\/en\/wp-json\/wp\/v2\/product_brand?post=21057"},{"taxonomy":"product_cat","embeddable":true,"href":"https:\/\/sezam.svetsajtova.com\/en\/wp-json\/wp\/v2\/product_cat?post=21057"},{"taxonomy":"product_tag","embeddable":true,"href":"https:\/\/sezam.svetsajtova.com\/en\/wp-json\/wp\/v2\/product_tag?post=21057"}],"curies":[{"name":"wp","href":"https:\/\/api.w.org\/{rel}","templated":true}]}}