{"id":21054,"date":"2025-10-28T18:19:49","date_gmt":"2025-10-28T18:19:49","guid":{"rendered":"https:\/\/sezam.svetsajtova.com\/?post_type=product&#038;p=21054"},"modified":"2025-10-28T18:20:19","modified_gmt":"2025-10-28T18:20:19","slug":"australijski-srebrenjak-kengur-od-1-oz","status":"publish","type":"product","link":"https:\/\/sezam.svetsajtova.com\/en\/shop\/investiciono-srebro\/australijski-srebrenjak-kengur-od-1-oz\/","title":{"rendered":"Australijski srebrenjak kengur od 1 oz"},"content":{"rendered":"<p>Australijski srebrenjak Kengur 1 oz je presti\u017ena investiciona kovanica, proizvedena od strane \u010duvene australske kova\u010dnice Perth Mint. Sa te\u017einom od 31,1 grama (1 unca) i sadr\u017eajem od 99.9% \u010distog srebra, ovaj srebrenjak je idealan izbor za investitore koji \u017eele da diversifikuju svoje portfolije plemenitih metala. Kovanica je poznata po visokom kvalitetu, a njeno ime i dizajn su me\u0111u najpoznatijima u svetu investicija u plemenite metale.<\/p>\n<p>Kao deo serije investicionih kovanica, Australijski srebrenjak Kengur je izdavan svake godine sa promenljivim dizajnom, ali s konstantnim motivom kengura, jednog od najprepoznatljivijih simbola Australije. Pre\u010dnik kovanice iznosi 40,6 mm, a debljina je standardna za kovanice od jedne unce. Svaka kovanica dolazi sa garantovanim LBMA sertifikatom, \u0161to potvr\u0111uje njenu \u010disto\u0107u i poreklo, kao i visokokvalitetnu izradu.<\/p>\n<p>Srebro je odavno prepoznato kao sigurna opcija za za\u0161titu imovine, naro\u010dito u periodima ekonomske nestabilnosti. Zbog svoje visoke likvidnosti, ova kovanica je vrlo tra\u017eena me\u0111u investitorima koji \u017eele da investiraju u plemenite metale, ali i me\u0111u kolekcionarima koji se div\u0435 atraktivnim i simboli\u010dnim dizajnom. Pored svoje investicione vrednosti. Australijski srebrenjak Kengur je popularan izbor kao poklon za posebne prilike, poput ro\u0111endana, godi\u0161njica ili poslovnih dostignu\u0107a.<\/p>\n<p>Sa svojim jedinstvenim dizajnom i kvalitetom, Australijski srebrenjak Kengur 1 oz predstavlja stabilno i sigurno ulaganje, kao i dragoceni dodatak svakoj kolekciji plemenitih metala.<\/p>\n<p>Kengur se nudi samo u jednoj varijanti \u2013 u te\u017eini od jedne fine unce ili 31,1 gram \u010distog srebra (\u010disto\u0107e .9999).\u00a0Kovanica je zakonsko sredstvo pla\u0107anja u Australiji\u00a0i ima nominalnu vrednost od jednog australijskog dolara. Pri \u010demu se i danas proizvodi u neograni\u010denim koli\u010dinama. Njen pre\u010dnik iznosi 40,9 mm, a debljina \u2013 3,5 mm.<\/p>","protected":false},"excerpt":{"rendered":"<p>Australijski srebrenjak Kengur 1 oz je kovanica od \u010distog srebra (99.9%) sa te\u017einom od 31,1 grama, proizvedena od strane Perth Mint. Prepoznatljiv dizajn sa kengurom, simbolom Australije, \u010dini je savr\u0161enim izborom za investitore i kolekcionare.<\/p>","protected":false},"featured_media":21080,"comment_status":"closed","ping_status":"closed","template":"","meta":{"_acf_changed":false},"product_brand":[],"product_cat":[142],"product_tag":[],"class_list":{"0":"post-21054","1":"product","2":"type-product","3":"status-publish","4":"has-post-thumbnail","6":"product_cat-investiciono-srebro","8":"first","9":"instock","10":"shipping-taxable","11":"purchasable","12":"product-type-simple"},"acf":[],"_links":{"self":[{"href":"https:\/\/sezam.svetsajtova.com\/en\/wp-json\/wp\/v2\/product\/21054","targetHints":{"allow":["GET"]}}],"collection":[{"href":"https:\/\/sezam.svetsajtova.com\/en\/wp-json\/wp\/v2\/product"}],"about":[{"href":"https:\/\/sezam.svetsajtova.com\/en\/wp-json\/wp\/v2\/types\/product"}],"replies":[{"embeddable":true,"href":"https:\/\/sezam.svetsajtova.com\/en\/wp-json\/wp\/v2\/comments?post=21054"}],"version-history":[{"count":0,"href":"https:\/\/sezam.svetsajtova.com\/en\/wp-json\/wp\/v2\/product\/21054\/revisions"}],"wp:featuredmedia":[{"embeddable":true,"href":"https:\/\/sezam.svetsajtova.com\/en\/wp-json\/wp\/v2\/media\/21080"}],"wp:attachment":[{"href":"https:\/\/sezam.svetsajtova.com\/en\/wp-json\/wp\/v2\/media?parent=21054"}],"wp:term":[{"taxonomy":"product_brand","embeddable":true,"href":"https:\/\/sezam.svetsajtova.com\/en\/wp-json\/wp\/v2\/product_brand?post=21054"},{"taxonomy":"product_cat","embeddable":true,"href":"https:\/\/sezam.svetsajtova.com\/en\/wp-json\/wp\/v2\/product_cat?post=21054"},{"taxonomy":"product_tag","embeddable":true,"href":"https:\/\/sezam.svetsajtova.com\/en\/wp-json\/wp\/v2\/product_tag?post=21054"}],"curies":[{"name":"wp","href":"https:\/\/api.w.org\/{rel}","templated":true}]}}