{"id":21053,"date":"2025-10-28T18:19:49","date_gmt":"2025-10-28T18:19:49","guid":{"rendered":"https:\/\/sezam.svetsajtova.com\/?post_type=product&#038;p=21053"},"modified":"2025-10-28T18:20:10","modified_gmt":"2025-10-28T18:20:10","slug":"valcambi-suisse-combibar-10x10g","status":"publish","type":"product","link":"https:\/\/sezam.svetsajtova.com\/en\/shop\/investiciono-srebro\/valcambi-suisse-combibar-10x10g\/","title":{"rendered":"Valcambi suisse combiBar 10x10g"},"content":{"rendered":"<p>Valcambi Suisse CombiBar 10x10g predstavlja inovativnu i vrlo prakti\u010dnu opciju za sve investitore koji tra\u017ee ve\u0107u fleksibilnost u trgovini i prodaji srebra. Ova poluga je izra\u0111ena od \u010distog srebra 999 fino\u0107e, \u0161to je garant za vrhunski kvalitet i dugoro\u010dnu vrednost. Sastoji se od 10 manjih blokova od po 10 grama, koji se lako mogu odvojiti i prodavati pojedina\u010dno. \u0160to omogu\u0107ava investitorima ve\u0107u kontrolu nad koli\u010dinama srebra koje poseduju. Na ovaj na\u010din, Valcambi Suisse CombiBar nudi izuzetnu likvidnost i prilagodljivost. To je \u010dini pogodnom za razli\u010dite vrste ulaganja i trgovinu plemenitim metalima.<\/p>\n<p>Ovaj proizvod je proizveden u saradnji sa jednim od najpoznatijih i najcenjenijih rafinerija na svetu, Valcambi Suisse. Koja je poznata po svojoj izuzetnoj preciznosti i kvalitetu. CombiBar 10x10g dolazi sa sertifikatom autenti\u010dnosti, koji garantuje \u010disto\u0107u i poreklo srebra. Ovu polugu \u010dini potpuno pouzdanim i sigurnim ulaganje. S ukupnom te\u017einom od 100g. Poluga je idealna za investitore koji \u017eele da diversifikuju svoj portfolio plemenitih metala i tra\u017ee dugoro\u010dne opcije za o\u010duvanje imovine.<\/p>\n<p>Sa sve ve\u0107im interesovanjem za plemenite metale, srebro je postalo prepoznatljiv alat za za\u0161titu imovine od inflacije, ekonomskih nestabilnosti i tr\u017ei\u0161nih fluktuacija. Poluga Valcambi Suisse CombiBar 10x10g je savr\u0161en na\u010din da ulo\u017eite u srebro, jer pru\u017ea sigurno, dugoro\u010dno ulaganje koje zadr\u017eava vrednost kroz vreme, dok njena fleksibilnost omogu\u0107ava lak\u0161u trgovinu ili prodaju manjih koli\u010dina srebra po potrebi.<\/p>\n<p>Pored svoje funkcionalnosti kao investicija, Valcambi Suisse CombiBar 10x10g predstavlja i atraktivan i luksuzan poklon za posebne prilike. Bez obzira na to da li se poklanja za godi\u0161njice, jubileje, ro\u0111endane ili poslovne uspehe. Ova poluga je simbol trajne vrednosti, stabilnosti i presti\u017ea. Svojom vrhunskom izradom, fleksibilno\u0161\u0107u i \u010disto\u0107om, CombiBar 10x10g je idealan poklon za sve one koji \u017eele da ula\u017eu u plemenite metale ili poklone ne\u0161to \u0161to \u0107e zadr\u017eati svoju vrednost kroz decenije.<\/p>\n<p>&nbsp;<\/p>","protected":false},"excerpt":{"rendered":"<p>Valcambi Suisse CombiBar 10x10g je srebrna poluga od 100g, sastavljena od 10 blokova od po 10g, izra\u0111ena od \u010distog srebra 999 fino\u0107e. Sa sertifikatom autenti\u010dnosti, pru\u017ea fleksibilnost u trgovini i investiranju, a zahvaljuju\u0107i inovativnom dizajnu, pogodna je i kao luksuzan poklon za posebne prilike.<\/p>\n<div style=\"margin: 0; padding: 0; display: inline-block;\"><iframe loading=\"lazy\" style=\"display: block; margin: 0; padding: 0; height: 49px; width: 280px; line-height: 0;\" src=\"https:\/\/lakodoprevoda.net\/cene\/s101.php\" width=\"280\" height=\"49\" frameborder=\"0\" data-mce-fragment=\"1\"><span data-mce-type=\"bookmark\" style=\"display: inline-block; width: 0px; overflow: hidden; line-height: 0;\" class=\"mce_SELRES_start\"><\/span><\/iframe><\/div>","protected":false},"featured_media":21077,"comment_status":"closed","ping_status":"closed","template":"","meta":{"_acf_changed":false},"product_brand":[],"product_cat":[142],"product_tag":[],"class_list":{"0":"post-21053","1":"product","2":"type-product","3":"status-publish","4":"has-post-thumbnail","6":"product_cat-investiciono-srebro","8":"first","9":"instock","10":"shipping-taxable","11":"purchasable","12":"product-type-simple"},"acf":[],"_links":{"self":[{"href":"https:\/\/sezam.svetsajtova.com\/en\/wp-json\/wp\/v2\/product\/21053","targetHints":{"allow":["GET"]}}],"collection":[{"href":"https:\/\/sezam.svetsajtova.com\/en\/wp-json\/wp\/v2\/product"}],"about":[{"href":"https:\/\/sezam.svetsajtova.com\/en\/wp-json\/wp\/v2\/types\/product"}],"replies":[{"embeddable":true,"href":"https:\/\/sezam.svetsajtova.com\/en\/wp-json\/wp\/v2\/comments?post=21053"}],"version-history":[{"count":0,"href":"https:\/\/sezam.svetsajtova.com\/en\/wp-json\/wp\/v2\/product\/21053\/revisions"}],"wp:featuredmedia":[{"embeddable":true,"href":"https:\/\/sezam.svetsajtova.com\/en\/wp-json\/wp\/v2\/media\/21077"}],"wp:attachment":[{"href":"https:\/\/sezam.svetsajtova.com\/en\/wp-json\/wp\/v2\/media?parent=21053"}],"wp:term":[{"taxonomy":"product_brand","embeddable":true,"href":"https:\/\/sezam.svetsajtova.com\/en\/wp-json\/wp\/v2\/product_brand?post=21053"},{"taxonomy":"product_cat","embeddable":true,"href":"https:\/\/sezam.svetsajtova.com\/en\/wp-json\/wp\/v2\/product_cat?post=21053"},{"taxonomy":"product_tag","embeddable":true,"href":"https:\/\/sezam.svetsajtova.com\/en\/wp-json\/wp\/v2\/product_tag?post=21053"}],"curies":[{"name":"wp","href":"https:\/\/api.w.org\/{rel}","templated":true}]}}