{"id":21050,"date":"2025-10-28T18:19:49","date_gmt":"2025-10-28T18:19:49","guid":{"rendered":"https:\/\/sezam.svetsajtova.com\/?post_type=product&#038;p=21050"},"modified":"2025-10-28T18:19:56","modified_gmt":"2025-10-28T18:19:56","slug":"srebrenjak-australijska-kokabura-1-oz","status":"publish","type":"product","link":"https:\/\/sezam.svetsajtova.com\/en\/shop\/investiciono-srebro\/srebrenjak-australijska-kokabura-1-oz\/","title":{"rendered":"Srebrenjak Australijska kokabura 1 oz"},"content":{"rendered":"<p>Srebrenjak Australijska Kokabura 1 oz je presti\u017ena investiciona kovanica proizvedena od strane renomirane australske kova\u010dnice Perth Mint. Ova kovanica, sa te\u017einom od 31,1 grama (1 unca) i \u010disto\u0107om od 99.9% srebra. Predstavlja savr\u0161en izbor za investitore koji \u017eele da diversifikuju svoje portfolije plemenitih metala. Sa svojim jedinstvenim dizajnom i visokom kvalitetom izrade. Kokabura je postala jedna od najcenjenijih kovanica na svetskom tr\u017ei\u0161tu.<\/p>\n<p>Motiv koji krasi ovu kovanicu je Kokabura, poznata ptica iz Australije, koja je simbol sre\u0107e, stabilnosti i snage. Svaka kovanica je dizajnirana sa detaljnim prikazom ove prelepe ptice u prirodnom okru\u017eenju. A dizajn se svake godine menja, \u0161to ovu seriju \u010dini posebno atraktivnom za kolekcionare. Pre\u010dnik kovanice iznosi 40,6 mm, a debljina kovanice je standardna za sve kovanice od jedne unce.<\/p>\n<p>Australijska Kokabura 1 oz dolazi sa LBMA sertifikatom, koji garantuje \u010disto\u0107u i autenti\u010dnost srebra, \u010dine\u0107i ovu kovanicu sigurnim i pouzdanim ulaganjem. Zbog svoje visoke likvidnosti i prepoznatljivosti na globalnom tr\u017ei\u0161tu. Kokabura je veoma tra\u017eena me\u0111u investitorima i kolekcionarima plemenitih metala.<\/p>\n<p>Pored toga \u0161to je izuzetna investicija, Australijska Kokabura 1 oz je i idealan poklon za posebne prilike, kao \u0161to su ro\u0111endani, godi\u0161njice ili zna\u010dajna \u017eivotna dostignu\u0107a. Sa svojim kvalitetom, unikatnim dizajnom i sna\u017enim simbolizmom, ova kovanica je odli\u010dan na\u010din da obogatite svoj portfolio plemenitih metala ili da poklonite ne\u0161to vredno i trajno.<\/p>\n<p>Srebrenjak Australijska Kokabura 1 oz je kovanica od 31,1 grama \u010distog srebra (99.9%). Sa jedinstvenim dizajnom koji prikazuje popularnu australijsku pticu. Proizvedena od strane Perth Mint, ova kovanica dolazi sa LBMA sertifikatom i predstavlja izuzetno sigurno ulaganje i dragoceni dodatak svakoj kolekciji.<\/p>","protected":false},"excerpt":{"rendered":"<p>Investiciona kovanica te\u017eine 31.1g sa 99.9% \u010distog srebra, iz serije &#8222;Australian Kookaburra&#8220;. Svake godine dolazi sa novim dizajnom kokabure, prepoznatljive ptice iz Australije. Kovanica je sertifikovana od strane LBMA, \u0161to garantuje njenu autenti\u010dnost i kvalitet. Idealna je za investitore koji \u017eele da diversifikuju svoj portifolo plemenitim metalima i osiguraju dugoro\u010dnu vrednost.<\/p>","protected":false},"featured_media":21068,"comment_status":"closed","ping_status":"closed","template":"","meta":{"_acf_changed":false},"product_brand":[],"product_cat":[142],"product_tag":[],"class_list":{"0":"post-21050","1":"product","2":"type-product","3":"status-publish","4":"has-post-thumbnail","6":"product_cat-investiciono-srebro","8":"first","9":"instock","10":"shipping-taxable","11":"purchasable","12":"product-type-simple"},"acf":[],"_links":{"self":[{"href":"https:\/\/sezam.svetsajtova.com\/en\/wp-json\/wp\/v2\/product\/21050","targetHints":{"allow":["GET"]}}],"collection":[{"href":"https:\/\/sezam.svetsajtova.com\/en\/wp-json\/wp\/v2\/product"}],"about":[{"href":"https:\/\/sezam.svetsajtova.com\/en\/wp-json\/wp\/v2\/types\/product"}],"replies":[{"embeddable":true,"href":"https:\/\/sezam.svetsajtova.com\/en\/wp-json\/wp\/v2\/comments?post=21050"}],"version-history":[{"count":0,"href":"https:\/\/sezam.svetsajtova.com\/en\/wp-json\/wp\/v2\/product\/21050\/revisions"}],"wp:featuredmedia":[{"embeddable":true,"href":"https:\/\/sezam.svetsajtova.com\/en\/wp-json\/wp\/v2\/media\/21068"}],"wp:attachment":[{"href":"https:\/\/sezam.svetsajtova.com\/en\/wp-json\/wp\/v2\/media?parent=21050"}],"wp:term":[{"taxonomy":"product_brand","embeddable":true,"href":"https:\/\/sezam.svetsajtova.com\/en\/wp-json\/wp\/v2\/product_brand?post=21050"},{"taxonomy":"product_cat","embeddable":true,"href":"https:\/\/sezam.svetsajtova.com\/en\/wp-json\/wp\/v2\/product_cat?post=21050"},{"taxonomy":"product_tag","embeddable":true,"href":"https:\/\/sezam.svetsajtova.com\/en\/wp-json\/wp\/v2\/product_tag?post=21050"}],"curies":[{"name":"wp","href":"https:\/\/api.w.org\/{rel}","templated":true}]}}