{"id":20985,"date":"2025-10-28T18:19:31","date_gmt":"2025-10-28T18:19:31","guid":{"rendered":"https:\/\/sezam.svetsajtova.com\/?post_type=product&#038;p=20985"},"modified":"2025-10-28T18:19:48","modified_gmt":"2025-10-28T18:19:48","slug":"zlatni-dukat-beli-andjeo-103-gr","status":"publish","type":"product","link":"https:\/\/sezam.svetsajtova.com\/en\/shop\/investicioni-dukati\/zlatni-dukat-beli-andjeo-103-gr\/","title":{"rendered":"Zlatni dukat &#8211; Beli An\u0111eo  1,03 gr"},"content":{"rendered":"","protected":false},"excerpt":{"rendered":"<p>&#8216;<br \/>\nDukat predstavlja jedinstven i divan poklon za mnoge prilike. Sjajem i svojom velikom vredno\u0161\u0107u opominju i podse\u0107aju one koji su ih dobili na drage ljude koji su ih poklonili.<\/p>\n<p>Zlatnike izra\u0111ujemo po porud\u017ebini, o\u010dekivan rok izrade je 2-5 radnih dana. Uz zlatnike dobijate deklaraciju o zlatu, fino\u0107i, grama\u017ei i veli\u010dini, sve zlatnike pakujemo u elegantne ukrasne kutije.<\/p>\n<p><strong>Zlatnici fino\u0107e 999 dostupan u slede\u0107im grama\u017eama:<\/strong><br \/>\n<strong>1,03 g<\/strong><\/p>\n<p><strong>NAPOMENA:<\/strong><strong><em>\u00a0Fotografije su informativnog karaktera.\u00a0<\/em><\/strong><\/p>","protected":false},"featured_media":21047,"comment_status":"closed","ping_status":"closed","template":"","meta":{"_acf_changed":false},"product_brand":[],"product_cat":[140,141],"product_tag":[],"class_list":{"0":"post-20985","1":"product","2":"type-product","3":"status-publish","4":"has-post-thumbnail","6":"product_cat-investicioni-dukati","7":"product_cat-investiciono-zlato","9":"first","10":"instock","11":"shipping-taxable","12":"product-type-simple"},"acf":[],"_links":{"self":[{"href":"https:\/\/sezam.svetsajtova.com\/en\/wp-json\/wp\/v2\/product\/20985","targetHints":{"allow":["GET"]}}],"collection":[{"href":"https:\/\/sezam.svetsajtova.com\/en\/wp-json\/wp\/v2\/product"}],"about":[{"href":"https:\/\/sezam.svetsajtova.com\/en\/wp-json\/wp\/v2\/types\/product"}],"replies":[{"embeddable":true,"href":"https:\/\/sezam.svetsajtova.com\/en\/wp-json\/wp\/v2\/comments?post=20985"}],"version-history":[{"count":0,"href":"https:\/\/sezam.svetsajtova.com\/en\/wp-json\/wp\/v2\/product\/20985\/revisions"}],"wp:featuredmedia":[{"embeddable":true,"href":"https:\/\/sezam.svetsajtova.com\/en\/wp-json\/wp\/v2\/media\/21047"}],"wp:attachment":[{"href":"https:\/\/sezam.svetsajtova.com\/en\/wp-json\/wp\/v2\/media?parent=20985"}],"wp:term":[{"taxonomy":"product_brand","embeddable":true,"href":"https:\/\/sezam.svetsajtova.com\/en\/wp-json\/wp\/v2\/product_brand?post=20985"},{"taxonomy":"product_cat","embeddable":true,"href":"https:\/\/sezam.svetsajtova.com\/en\/wp-json\/wp\/v2\/product_cat?post=20985"},{"taxonomy":"product_tag","embeddable":true,"href":"https:\/\/sezam.svetsajtova.com\/en\/wp-json\/wp\/v2\/product_tag?post=20985"}],"curies":[{"name":"wp","href":"https:\/\/api.w.org\/{rel}","templated":true}]}}