{"id":20979,"date":"2025-10-28T18:19:31","date_gmt":"2025-10-28T18:19:31","guid":{"rendered":"https:\/\/sezam.svetsajtova.com\/?post_type=product&#038;p=20979"},"modified":"2025-10-28T18:19:43","modified_gmt":"2025-10-28T18:19:43","slug":"wiener-philharmoniker-od-1-unce","status":"publish","type":"product","link":"https:\/\/sezam.svetsajtova.com\/en\/shop\/investiciono-srebro\/wiener-philharmoniker-od-1-unce\/","title":{"rendered":"Wiener Philharmoniker od 1 unce"},"content":{"rendered":"<p>Wiener Philharmoniker od 1 unce je presti\u017ena investicijska kovanica koja se smatra jednim od najcenjenijih proizvoda na tr\u017ei\u0161tu plemenitih metala. Izra\u0111ena od \u010distog srebra 999\/1000, ova kovanica je posve\u0107ena muzici, sa prelepim motivima instrumenata \u010duvenog Be\u010dkog orkestra. \u0160to joj daje jedinstven vizuelni \u0161arm i me\u0111unarodnu prepoznatljivost.<\/p>\n<p>Zahvaljuju\u0107i visokom kvalitetu i \u010disto\u0107i srebra, Wiener Philharmoniker od 1 unce predstavlja sigurno ulaganje koje zadr\u017eava svoju vrednost i stabilnost tokom vremena. Kao kovanica koja se trguje po aktuelnoj tr\u017ei\u0161noj ceni, ona je odli\u010dan izbor za investitore koji \u017eele da diversifikuju svoj portfolio plemenitih metala i izbegnu nestabilnosti tr\u017ei\u0161ta.<\/p>\n<p>Kao jedina evropska investicijska kovanica, Wiener Philharmoniker se proizvodi pod strogim standardima u Austriji. Svaki primerak dolazi sa sertifikatom autenti\u010dnosti koji garantuje poreklo i \u010disto\u0107u srebra. Osim \u0161to je atraktivna investicija, ova kovanica je i simbol presti\u017ea i kulture, te je \u010desto izbor za poklone koji imaju emotivnu vrednost.<\/p>\n<p>Bilo da je kupujete kao dugoro\u010dnu investiciju ili kao poklon za posebne prilike, Wiener Philharmoniker od 1 unce je kovanica koja donosi sigurnost, eleganciju i dugoro\u010dnu vrednost.<\/p>\n<p>Ssrebrna verzija Wiener Philharmoniker-a posve\u0107ena je muzici, jedinom jeziku koji je zaista voljen i razumljen \u0161irom sveta. Trajni muzi\u010dki motiv na kovanici sa instrumentima svetski poznatog be\u010dkog orkestra. Doprinosi me\u0111unarodnoj privla\u010dnosti ove investicijske kovanice. Dobar ugled kovanica me\u0111u investitorima, u kombinaciji sa emotivnom vredno\u0161\u0107u koju \u010desto imaju. \u010cini svakog Wiener Philharmoniker-a dragocenom investicijom za imanje jedne porodice. Kupovina Wiener Philharmoniker-a nije samo pametna investicija. Ve\u0107 mo\u017ee biti i povezano sa li\u010dnim prekretnicama, kao \u0161to su profesionalni uspeh, brak ili ro\u0111enje deteta . Poklanjanje Wiener Philharmoniker-a je izraz ljubavi i naklonosti. Srebrna investicijska kovanica koja se trguje po aktuelnoj tr\u017ei\u0161noj ceni dobra je alternativa svojim zlatnim i platinskim ro\u0111acima.<\/p>","protected":false},"excerpt":{"rendered":"<p>Wiener Philharmoniker od 1 unce je presti\u017ena investicijska kovanica koja se smatra jednim od najcenjenijih proizvoda na tr\u017ei\u0161tu plemenitih metala. Izra\u0111ena od \u010distog srebra 999\/1000, ova kovanica je posve\u0107ena muzici, sa prelepim motivima instrumenata \u010duvenog Be\u010dkog orkestra.<\/p>","protected":false},"featured_media":21033,"comment_status":"closed","ping_status":"closed","template":"","meta":{"_acf_changed":false},"product_brand":[],"product_cat":[142],"product_tag":[],"class_list":{"0":"post-20979","1":"product","2":"type-product","3":"status-publish","4":"has-post-thumbnail","6":"product_cat-investiciono-srebro","8":"first","9":"instock","10":"shipping-taxable","11":"purchasable","12":"product-type-simple"},"acf":[],"_links":{"self":[{"href":"https:\/\/sezam.svetsajtova.com\/en\/wp-json\/wp\/v2\/product\/20979","targetHints":{"allow":["GET"]}}],"collection":[{"href":"https:\/\/sezam.svetsajtova.com\/en\/wp-json\/wp\/v2\/product"}],"about":[{"href":"https:\/\/sezam.svetsajtova.com\/en\/wp-json\/wp\/v2\/types\/product"}],"replies":[{"embeddable":true,"href":"https:\/\/sezam.svetsajtova.com\/en\/wp-json\/wp\/v2\/comments?post=20979"}],"version-history":[{"count":0,"href":"https:\/\/sezam.svetsajtova.com\/en\/wp-json\/wp\/v2\/product\/20979\/revisions"}],"wp:featuredmedia":[{"embeddable":true,"href":"https:\/\/sezam.svetsajtova.com\/en\/wp-json\/wp\/v2\/media\/21033"}],"wp:attachment":[{"href":"https:\/\/sezam.svetsajtova.com\/en\/wp-json\/wp\/v2\/media?parent=20979"}],"wp:term":[{"taxonomy":"product_brand","embeddable":true,"href":"https:\/\/sezam.svetsajtova.com\/en\/wp-json\/wp\/v2\/product_brand?post=20979"},{"taxonomy":"product_cat","embeddable":true,"href":"https:\/\/sezam.svetsajtova.com\/en\/wp-json\/wp\/v2\/product_cat?post=20979"},{"taxonomy":"product_tag","embeddable":true,"href":"https:\/\/sezam.svetsajtova.com\/en\/wp-json\/wp\/v2\/product_tag?post=20979"}],"curies":[{"name":"wp","href":"https:\/\/api.w.org\/{rel}","templated":true}]}}