{"id":20960,"date":"2025-10-28T18:19:30","date_gmt":"2025-10-28T18:19:30","guid":{"rendered":"https:\/\/sezam.svetsajtova.com\/?post_type=product&#038;p=20960"},"modified":"2025-10-28T18:19:33","modified_gmt":"2025-10-28T18:19:33","slug":"narukvica-iv","status":"publish","type":"product","link":"https:\/\/sezam.svetsajtova.com\/en\/shop\/narukvice\/narukvica-iv\/","title":{"rendered":"Narukvica IV"},"content":{"rendered":"","protected":false},"excerpt":{"rendered":"<p>Narukvice su vi\u0161e od samo komada nakita; one su simbol stila, osobnosti i posebnih trenutaka. Svaka narukvica nosi sa sobom pri\u010du, bilo da je to poklon od dragih osoba ili suvenir s nekog putovanja.<\/p>\n<p>Neka vam svaka perla, svaki privjesak ili svaki pleteni detalj na narukvici budu podsjetnik na posebne trenutke u va\u0161em \u017eivotu. Nosite svoje narukvice s ponosom, jer one su nevidljiva nit koja povezuje pro\u0161lost, sada\u0161njost i budu\u0107nost na jedinstven i poseban na\u010din.<\/p>","protected":false},"featured_media":20995,"comment_status":"closed","ping_status":"closed","template":"","meta":{"_acf_changed":false},"product_brand":[],"product_cat":[144],"product_tag":[],"class_list":{"0":"post-20960","1":"product","2":"type-product","3":"status-publish","4":"has-post-thumbnail","6":"product_cat-narukvice","8":"first","9":"instock","10":"shipping-taxable","11":"product-type-simple"},"acf":[],"_links":{"self":[{"href":"https:\/\/sezam.svetsajtova.com\/en\/wp-json\/wp\/v2\/product\/20960","targetHints":{"allow":["GET"]}}],"collection":[{"href":"https:\/\/sezam.svetsajtova.com\/en\/wp-json\/wp\/v2\/product"}],"about":[{"href":"https:\/\/sezam.svetsajtova.com\/en\/wp-json\/wp\/v2\/types\/product"}],"replies":[{"embeddable":true,"href":"https:\/\/sezam.svetsajtova.com\/en\/wp-json\/wp\/v2\/comments?post=20960"}],"version-history":[{"count":0,"href":"https:\/\/sezam.svetsajtova.com\/en\/wp-json\/wp\/v2\/product\/20960\/revisions"}],"wp:featuredmedia":[{"embeddable":true,"href":"https:\/\/sezam.svetsajtova.com\/en\/wp-json\/wp\/v2\/media\/20995"}],"wp:attachment":[{"href":"https:\/\/sezam.svetsajtova.com\/en\/wp-json\/wp\/v2\/media?parent=20960"}],"wp:term":[{"taxonomy":"product_brand","embeddable":true,"href":"https:\/\/sezam.svetsajtova.com\/en\/wp-json\/wp\/v2\/product_brand?post=20960"},{"taxonomy":"product_cat","embeddable":true,"href":"https:\/\/sezam.svetsajtova.com\/en\/wp-json\/wp\/v2\/product_cat?post=20960"},{"taxonomy":"product_tag","embeddable":true,"href":"https:\/\/sezam.svetsajtova.com\/en\/wp-json\/wp\/v2\/product_tag?post=20960"}],"curies":[{"name":"wp","href":"https:\/\/api.w.org\/{rel}","templated":true}]}}