{"id":20893,"date":"2025-10-28T18:19:18","date_gmt":"2025-10-28T18:19:18","guid":{"rendered":"https:\/\/sezam.svetsajtova.com\/?post_type=product&#038;p=20893"},"modified":"2025-10-28T18:19:28","modified_gmt":"2025-10-28T18:19:28","slug":"srebrna-poluga-1000g","status":"publish","type":"product","link":"https:\/\/sezam.svetsajtova.com\/en\/shop\/investiciono-srebro\/srebrna-poluga-1000g\/","title":{"rendered":"Srebrna poluga 1000g"},"content":{"rendered":"<p>Srebrna poluga od 1000g, izra\u0111ena od \u010distog srebra 999 fino\u0107e. Predstavlja vrhunski izbor za investitore koji \u017eele da ula\u017eu u ve\u0107e koli\u010dine plemenitih metala. Ova poluga nudi izuzetnu vrednost, kvalitet i sigurnost, \u010dine\u0107i je idealnim sredstvom za za\u0161titu imovine u nestabilnim ekonomskim uslovima. Sa sertifikatom autenti\u010dnosti, koji garantuje njen sastav i poreklo, poluga je pouzdana investicija koja zadr\u017eava svoju vrednost kroz vreme.<\/p>\n<p>Srebro je prepoznato kao dugoro\u010dno sigurna opcija za za\u0161titu od inflacije i tr\u017ei\u0161nih fluktuacija. A srebrne poluge poput ove od 1000g nude ve\u0107u stabilnost i vrednost. \u0160to ih \u010dini savr\u0161enim izborom za diversifikaciju investicija. S obzirom na svoju te\u017einu, poluga je pogodna za dugoro\u010dno \u010duvanje i mo\u017ee se lako prodati ili zameniti na tr\u017ei\u0161tu plemenitih metala.<\/p>\n<p>Pored toga, srebrna poluga od 1000g je luksuzan i presti\u017ean poklon koji \u0107e odu\u0161eviti svakog kolekcionara ili investitora. Svojom impozantnom veli\u010dinom, vrhunskom izradom i \u010disto\u0107om, ona je simbol stabilnosti i dugoro\u010dne vrednosti. Idealna je za posebne prilike kao \u0161to su jubileji, ven\u010danja ili poslovni uspesi.<\/p>\n<p>Srebrne poluge iz na\u0161eg asortimana proizvode se u rafinerijama svetskog renomea, po najvi\u0161im standardima koje postavlja London Bullion Market Association (LBMA). Svaka poluga je pa\u017eljivo upakovana u sigurnosni blister paket, zajedno sa sertifikatom koji potvr\u0111uje njen kvalitet i poreklo. Ove poluge predstavljaju pouzdano ulaganje u plemenite metale. Istra\u017eite na\u0161u ponudu i investirajte u srebro.<\/p>","protected":false},"excerpt":{"rendered":"<p>Srebrna poluga od 100g , izra\u0111ena od \u010distog srebra 999 fino\u0107e, savr\u0161en je izbor za ozbiljna ulaganja i kolekcionare. Ova poluga dolazi sa sertifikatom autenti\u010dnosti, koji garantuje njen kvalitet i poreklo. Svojim presti\u017enim izgledom i zna\u010dajnom te\u017einom, idealna je za one koji \u017eele da za\u0161tite svoju imovinu od inflacije ili pro\u0161ire svoju kolekciju plemenitih metala. Tako\u0111e, mo\u017ee biti i izuzetan poklon za posebne prilike, poput ven\u010danja, jubileja ili drugih zna\u010dajnih doga\u0111aja.<\/p>","protected":false},"featured_media":20951,"comment_status":"closed","ping_status":"closed","template":"","meta":{"_acf_changed":false},"product_brand":[],"product_cat":[142],"product_tag":[],"class_list":{"0":"post-20893","1":"product","2":"type-product","3":"status-publish","4":"has-post-thumbnail","6":"product_cat-investiciono-srebro","8":"first","9":"instock","10":"shipping-taxable","11":"purchasable","12":"product-type-simple"},"acf":[],"_links":{"self":[{"href":"https:\/\/sezam.svetsajtova.com\/en\/wp-json\/wp\/v2\/product\/20893","targetHints":{"allow":["GET"]}}],"collection":[{"href":"https:\/\/sezam.svetsajtova.com\/en\/wp-json\/wp\/v2\/product"}],"about":[{"href":"https:\/\/sezam.svetsajtova.com\/en\/wp-json\/wp\/v2\/types\/product"}],"replies":[{"embeddable":true,"href":"https:\/\/sezam.svetsajtova.com\/en\/wp-json\/wp\/v2\/comments?post=20893"}],"version-history":[{"count":0,"href":"https:\/\/sezam.svetsajtova.com\/en\/wp-json\/wp\/v2\/product\/20893\/revisions"}],"wp:featuredmedia":[{"embeddable":true,"href":"https:\/\/sezam.svetsajtova.com\/en\/wp-json\/wp\/v2\/media\/20951"}],"wp:attachment":[{"href":"https:\/\/sezam.svetsajtova.com\/en\/wp-json\/wp\/v2\/media?parent=20893"}],"wp:term":[{"taxonomy":"product_brand","embeddable":true,"href":"https:\/\/sezam.svetsajtova.com\/en\/wp-json\/wp\/v2\/product_brand?post=20893"},{"taxonomy":"product_cat","embeddable":true,"href":"https:\/\/sezam.svetsajtova.com\/en\/wp-json\/wp\/v2\/product_cat?post=20893"},{"taxonomy":"product_tag","embeddable":true,"href":"https:\/\/sezam.svetsajtova.com\/en\/wp-json\/wp\/v2\/product_tag?post=20893"}],"curies":[{"name":"wp","href":"https:\/\/api.w.org\/{rel}","templated":true}]}}