{"id":20892,"date":"2025-10-28T18:19:18","date_gmt":"2025-10-28T18:19:18","guid":{"rendered":"https:\/\/sezam.svetsajtova.com\/?post_type=product&#038;p=20892"},"modified":"2025-10-28T18:19:27","modified_gmt":"2025-10-28T18:19:27","slug":"srebrna-poluga-500g","status":"publish","type":"product","link":"https:\/\/sezam.svetsajtova.com\/en\/shop\/investiciono-srebro\/srebrna-poluga-500g\/","title":{"rendered":"Srebrna poluga 500g"},"content":{"rendered":"<p>Srebrna poluga od 500g, izra\u0111ena od \u010distog srebra 999 fino\u0107e. Predstavlja vrhunski izbor za investitore koji \u017eele da zna\u010dajno diversifikuju svoj portfolio plemenitih metala. Ova poluga je izuzetno vredna i dolazi sa sertifikatom autenti\u010dnosti, koji garantuje njen kvalitet i poreklo. Sa te\u017einom od 500g, poluga nudi ve\u0107u vrednost i stabilnost, \u010dine\u0107i je odli\u010dnim sredstvom za o\u010duvanje imovine i za\u0161titu od inflacije i tr\u017ei\u0161nih fluktuacija.<\/p>\n<p>Srebro je poznato kao sigurna opcija za dugoro\u010dno ulaganje. A srebrne poluge poput ove od 500g su idealne za one koji \u017eele da ula\u017eu u plemenite metale u ve\u0107im koli\u010dinama. S obzirom na njenu te\u017einu, ova poluga je pogodna za skladi\u0161tenje i prodaju, pru\u017eaju\u0107i stabilnost i sigurnost \u010dak i u nesigurnim ekonomskim vremenima.<\/p>\n<p>Poluga od 500g je i luksuzan poklon koji simbolizuje presti\u017e i dugoro\u010dnu vrednost. S obzirom na njenu veli\u010dinu i \u010disto\u0107u. Ona je savr\u0161en poklon za posebne prilike kao \u0161to su ven\u010danja, jubileji ili va\u017eni poslovni trenuci. Pored toga, njena vrhunska izrada i autenti\u010dnost \u010dine je atraktivnim elementom svake kolekcije plemenitih metala.<\/p>\n<p>Srebrne poluge iz na\u0161eg asortimana proizvode se u rafinerijama svetskog renomea, po najvi\u0161im standardima koje postavlja London Bullion Market Association (LBMA). Svaka poluga je pa\u017eljivo upakovana u sigurnosni blister paket, zajedno sa sertifikatom koji potvr\u0111uje njen kvalitet i poreklo. Ove poluge predstavljaju pouzdano ulaganje u plemenite metale. Istra\u017eite na\u0161u ponudu i investirajte u srebro.<\/p>","protected":false},"excerpt":{"rendered":"<p>Srebrna poluga od 100g , izra\u0111ena od \u010distog srebra 999 fino\u0107e, savr\u0161en je izbor za ozbiljna ulaganja i kolekcionare. Ova poluga dolazi sa sertifikatom autenti\u010dnosti, koji garantuje njen kvalitet i poreklo. Svojim presti\u017enim izgledom i zna\u010dajnom te\u017einom, idealna je za one koji \u017eele da za\u0161tite svoju imovinu od inflacije ili pro\u0161ire svoju kolekciju plemenitih metala. Tako\u0111e, mo\u017ee biti i izuzetan poklon za posebne prilike, poput ven\u010danja, jubileja ili drugih zna\u010dajnih doga\u0111aja.<\/p>","protected":false},"featured_media":20949,"comment_status":"closed","ping_status":"closed","template":"","meta":{"_acf_changed":false},"product_brand":[],"product_cat":[142],"product_tag":[],"class_list":{"0":"post-20892","1":"product","2":"type-product","3":"status-publish","4":"has-post-thumbnail","6":"product_cat-investiciono-srebro","8":"first","9":"instock","10":"shipping-taxable","11":"purchasable","12":"product-type-simple"},"acf":[],"_links":{"self":[{"href":"https:\/\/sezam.svetsajtova.com\/en\/wp-json\/wp\/v2\/product\/20892","targetHints":{"allow":["GET"]}}],"collection":[{"href":"https:\/\/sezam.svetsajtova.com\/en\/wp-json\/wp\/v2\/product"}],"about":[{"href":"https:\/\/sezam.svetsajtova.com\/en\/wp-json\/wp\/v2\/types\/product"}],"replies":[{"embeddable":true,"href":"https:\/\/sezam.svetsajtova.com\/en\/wp-json\/wp\/v2\/comments?post=20892"}],"version-history":[{"count":0,"href":"https:\/\/sezam.svetsajtova.com\/en\/wp-json\/wp\/v2\/product\/20892\/revisions"}],"wp:featuredmedia":[{"embeddable":true,"href":"https:\/\/sezam.svetsajtova.com\/en\/wp-json\/wp\/v2\/media\/20949"}],"wp:attachment":[{"href":"https:\/\/sezam.svetsajtova.com\/en\/wp-json\/wp\/v2\/media?parent=20892"}],"wp:term":[{"taxonomy":"product_brand","embeddable":true,"href":"https:\/\/sezam.svetsajtova.com\/en\/wp-json\/wp\/v2\/product_brand?post=20892"},{"taxonomy":"product_cat","embeddable":true,"href":"https:\/\/sezam.svetsajtova.com\/en\/wp-json\/wp\/v2\/product_cat?post=20892"},{"taxonomy":"product_tag","embeddable":true,"href":"https:\/\/sezam.svetsajtova.com\/en\/wp-json\/wp\/v2\/product_tag?post=20892"}],"curies":[{"name":"wp","href":"https:\/\/api.w.org\/{rel}","templated":true}]}}