{"id":20891,"date":"2025-10-28T18:19:18","date_gmt":"2025-10-28T18:19:18","guid":{"rendered":"https:\/\/sezam.svetsajtova.com\/?post_type=product&#038;p=20891"},"modified":"2025-10-28T18:19:27","modified_gmt":"2025-10-28T18:19:27","slug":"srebrna-poluga-10-oz-311-03g","status":"publish","type":"product","link":"https:\/\/sezam.svetsajtova.com\/en\/shop\/investiciono-srebro\/srebrna-poluga-10-oz-311-03g\/","title":{"rendered":"Srebrna poluga 10 Oz (311.03g)"},"content":{"rendered":"<p>Srebrna poluga od 10 Oz (311.03g), izra\u0111ena od \u010distog srebra 999 fino\u0107e, predstavlja savr\u0161en izbor za investitore i kolekcionare plemenitih metala. Ova poluga nudi izuzetnu vrednost, vrhunski kvalitet i dugoro\u010dnu stabilnost. \u0160to je \u010dini idealnim sredstvom za o\u010duvanje imovine u nestabilnim ekonomskim vremenima. Sa sertifikatom autenti\u010dnosti koji garantuje njen sastav i poreklo. Ova poluga je pouzdana investicija koja zadr\u017eava svoju vrednost kroz vreme.<\/p>\n<p>Srebro je prepoznato kao sigurna opcija za dugoro\u010dna ulaganja, posebno u periodima inflacije i tr\u017ei\u0161nih fluktuacija. Srebrna poluga od 10 Oz pru\u017ea savr\u0161enu ravnote\u017eu izme\u0111u ve\u0107e vrednosti i prakti\u010dnosti. \u010cine\u0107i je pogodnom za investitore koji \u017eele da diversifikuju svoj portfolio plemenitih metala. S obzirom na njenu te\u017einu, poluga je jednostavna za skladi\u0161tenje. Njena vrednost i likvidnost \u010dine je atraktivnim elementom svake kolekcije.<\/p>\n<p>Pored toga, srebrna poluga od 10 Oz predstavlja presti\u017ean i luksuzan poklon za posebne prilike, kao \u0161to su ven\u010danja, jubileji, godi\u0161njice ili zna\u010dajni poslovni uspesi. Njena veli\u010dina, vrhunska izrada i \u010disto\u0107a \u010dine je simbolom trajne vrednosti i presti\u017ea, idealnom za one koji \u017eele da ula\u017eu u plemenite metale ili da daruju ne\u0161to zaista posebno.<\/p>\n<p>Srebrne poluge iz na\u0161eg asortimana proizvode se u rafinerijama svetskog renomea, po najvi\u0161im standardima koje postavlja London Bullion Market Association (LBMA). Svaka poluga je pa\u017eljivo upakovana u sigurnosni blister paket, zajedno sa sertifikatom koji potvr\u0111uje njen kvalitet i poreklo. Ove poluge predstavljaju pouzdano ulaganje u plemenite metale. Istra\u017eite na\u0161u ponudu i investirajte u srebro.<\/p>","protected":false},"excerpt":{"rendered":"<p>Srebrna poluga od 100g , izra\u0111ena od \u010distog srebra 999 fino\u0107e, savr\u0161en je izbor za ozbiljna ulaganja i kolekcionare. Ova poluga dolazi sa sertifikatom autenti\u010dnosti, koji garantuje njen kvalitet i poreklo. Svojim presti\u017enim izgledom i zna\u010dajnom te\u017einom, idealna je za one koji \u017eele da za\u0161tite svoju imovinu od inflacije ili pro\u0161ire svoju kolekciju plemenitih metala. Tako\u0111e, mo\u017ee biti i izuzetan poklon za posebne prilike, poput ven\u010danja, jubileja ili drugih zna\u010dajnih doga\u0111aja.<\/p>\n<div style=\"margin: 0; padding: 0; display: inline-block;\"><iframe loading=\"lazy\" style=\"display: block; margin: 0; padding: 0; height: 49px; width: 280px; line-height: 0;\" src=\"https:\/\/lakodoprevoda.net\/cene\/s10o.php\" width=\"280\" height=\"49\" frameborder=\"0\" data-mce-fragment=\"1\"><span data-mce-type=\"bookmark\" style=\"display: inline-block; width: 0px; overflow: hidden; line-height: 0;\" class=\"mce_SELRES_start\"><\/span><span data-mce-type=\"bookmark\" style=\"display: inline-block; width: 0px; overflow: hidden; line-height: 0;\" class=\"mce_SELRES_start\"><\/span><span data-mce-type=\"bookmark\" style=\"display: inline-block; width: 0px; overflow: hidden; line-height: 0;\" class=\"mce_SELRES_start\"><\/span><span data-mce-type=\"bookmark\" style=\"display: inline-block; width: 0px; overflow: hidden; line-height: 0;\" class=\"mce_SELRES_start\"><\/span><span data-mce-type=\"bookmark\" style=\"display: inline-block; width: 0px; overflow: hidden; line-height: 0;\" class=\"mce_SELRES_start\"><\/span><span data-mce-type=\"bookmark\" style=\"display: inline-block; width: 0px; overflow: hidden; line-height: 0;\" class=\"mce_SELRES_start\"><\/span><\/iframe><\/div>","protected":false},"featured_media":20947,"comment_status":"closed","ping_status":"closed","template":"","meta":{"_acf_changed":false},"product_brand":[],"product_cat":[142],"product_tag":[],"class_list":{"0":"post-20891","1":"product","2":"type-product","3":"status-publish","4":"has-post-thumbnail","6":"product_cat-investiciono-srebro","8":"first","9":"instock","10":"shipping-taxable","11":"product-type-simple"},"acf":[],"_links":{"self":[{"href":"https:\/\/sezam.svetsajtova.com\/en\/wp-json\/wp\/v2\/product\/20891","targetHints":{"allow":["GET"]}}],"collection":[{"href":"https:\/\/sezam.svetsajtova.com\/en\/wp-json\/wp\/v2\/product"}],"about":[{"href":"https:\/\/sezam.svetsajtova.com\/en\/wp-json\/wp\/v2\/types\/product"}],"replies":[{"embeddable":true,"href":"https:\/\/sezam.svetsajtova.com\/en\/wp-json\/wp\/v2\/comments?post=20891"}],"version-history":[{"count":0,"href":"https:\/\/sezam.svetsajtova.com\/en\/wp-json\/wp\/v2\/product\/20891\/revisions"}],"wp:featuredmedia":[{"embeddable":true,"href":"https:\/\/sezam.svetsajtova.com\/en\/wp-json\/wp\/v2\/media\/20947"}],"wp:attachment":[{"href":"https:\/\/sezam.svetsajtova.com\/en\/wp-json\/wp\/v2\/media?parent=20891"}],"wp:term":[{"taxonomy":"product_brand","embeddable":true,"href":"https:\/\/sezam.svetsajtova.com\/en\/wp-json\/wp\/v2\/product_brand?post=20891"},{"taxonomy":"product_cat","embeddable":true,"href":"https:\/\/sezam.svetsajtova.com\/en\/wp-json\/wp\/v2\/product_cat?post=20891"},{"taxonomy":"product_tag","embeddable":true,"href":"https:\/\/sezam.svetsajtova.com\/en\/wp-json\/wp\/v2\/product_tag?post=20891"}],"curies":[{"name":"wp","href":"https:\/\/api.w.org\/{rel}","templated":true}]}}