{"id":20890,"date":"2025-10-28T18:19:18","date_gmt":"2025-10-28T18:19:18","guid":{"rendered":"https:\/\/sezam.svetsajtova.com\/?post_type=product&#038;p=20890"},"modified":"2025-10-28T18:19:26","modified_gmt":"2025-10-28T18:19:26","slug":"srebrna-poluga-250g","status":"publish","type":"product","link":"https:\/\/sezam.svetsajtova.com\/en\/shop\/investiciono-srebro\/srebrna-poluga-250g\/","title":{"rendered":"Srebrna poluga 250g"},"content":{"rendered":"<p>Srebrna poluga 250g je izvrstan izbor za ozbiljne investitore i kolekcionare plemenitih metala koji \u017eele da diversifikuju svoj portfolio. Izra\u0111ena od \u010distog srebra sa fino\u0107om 999\/1000, ova poluga nudi izuzetnu vrednost, kvalitet i pouzdanost. Poluga dolazi sa sertifikatom autenti\u010dnosti koji garantuje njen sastav i poreklo. \u0160to je \u010dini sigurnim ulaganjem koje zadr\u017eava svoju vrednost tokom vremena.<\/p>\n<p>Srebro je prepoznatljivo kao stabilno i sigurno ulaganje, posebno u periodima ekonomske nestabilnosti i inflacije. Zbog \u010dega srebrne poluge od 250g predstavljaju pametan na\u010din za o\u010duvanje imovine. Njena te\u017eina omogu\u0107ava dodatnu stabilnost i pru\u017ea ve\u0107u vrednost u odnosu na manje poluge, \u010dine\u0107i je odli\u010dnim sredstvom za dugoro\u010dno ulaganje.<\/p>\n<p>Srebrna poluga od 250g je i atraktivan poklon za posebne prilike, kao \u0161to su ven\u010danja, jubileji, godi\u0161njice ili zna\u010dajni poslovni uspesi. Svojim impozantnim izgledom i vrhunskom izradom, ona predstavlja simbol presti\u017ea i trajne vrednosti, koja \u0107e se ceniti i \u010duvati godinama.<\/p>\n<p>Njena veli\u010dina i \u010distota \u010dine je prakti\u010dnom za skladi\u0161tenje i jednostavnom za prodaju ili zamenu na tr\u017ei\u0161tu plemenitih metala. Bilo da je \u010duvate kao investiciju ili je darujete kao luksuzni poklon, srebrna poluga od 250g pru\u017ea dugoro\u010dnu sigurnost i eleganciju.<\/p>\n<p>Srebrne poluge iz na\u0161eg asortimana proizvode se u pogonu rafinerija svetskog renomea u skladu sa visokim standardima Udru\u017eenja u\u010desnika tr\u017ei\u0161ta dragocenih metala iz Londona (\u201eLondon Bullion Market Association\u201c ili \u201eLBMA\u201c). Sve srebrne poluge dolaze u sigurnosnom blister pakovanju u kom su pohranjeni relevantni sertifikati o kvalitetu proizvodnje. Istra\u017eite na\u0161u ponudu i ulo\u017eite u srebro.<\/p>","protected":false},"excerpt":{"rendered":"<p>Srebrna poluga od 250g, izra\u0111ena od \u010distog srebra 999 fino\u0107e, idealna je za ozbiljna ulaganja i kolekcionare. Sa sertifikatom autenti\u010dnosti, garantuje vrhunski kvalitet i dugoro\u010dnu vrednost, a mo\u017ee biti i luksuzan poklon za posebne prilike.<\/p>","protected":false},"featured_media":20945,"comment_status":"closed","ping_status":"closed","template":"","meta":{"_acf_changed":false},"product_brand":[],"product_cat":[142],"product_tag":[],"class_list":{"0":"post-20890","1":"product","2":"type-product","3":"status-publish","4":"has-post-thumbnail","6":"product_cat-investiciono-srebro","8":"first","9":"instock","10":"shipping-taxable","11":"purchasable","12":"product-type-simple"},"acf":[],"_links":{"self":[{"href":"https:\/\/sezam.svetsajtova.com\/en\/wp-json\/wp\/v2\/product\/20890","targetHints":{"allow":["GET"]}}],"collection":[{"href":"https:\/\/sezam.svetsajtova.com\/en\/wp-json\/wp\/v2\/product"}],"about":[{"href":"https:\/\/sezam.svetsajtova.com\/en\/wp-json\/wp\/v2\/types\/product"}],"replies":[{"embeddable":true,"href":"https:\/\/sezam.svetsajtova.com\/en\/wp-json\/wp\/v2\/comments?post=20890"}],"version-history":[{"count":0,"href":"https:\/\/sezam.svetsajtova.com\/en\/wp-json\/wp\/v2\/product\/20890\/revisions"}],"wp:featuredmedia":[{"embeddable":true,"href":"https:\/\/sezam.svetsajtova.com\/en\/wp-json\/wp\/v2\/media\/20945"}],"wp:attachment":[{"href":"https:\/\/sezam.svetsajtova.com\/en\/wp-json\/wp\/v2\/media?parent=20890"}],"wp:term":[{"taxonomy":"product_brand","embeddable":true,"href":"https:\/\/sezam.svetsajtova.com\/en\/wp-json\/wp\/v2\/product_brand?post=20890"},{"taxonomy":"product_cat","embeddable":true,"href":"https:\/\/sezam.svetsajtova.com\/en\/wp-json\/wp\/v2\/product_cat?post=20890"},{"taxonomy":"product_tag","embeddable":true,"href":"https:\/\/sezam.svetsajtova.com\/en\/wp-json\/wp\/v2\/product_tag?post=20890"}],"curies":[{"name":"wp","href":"https:\/\/api.w.org\/{rel}","templated":true}]}}