{"id":20889,"date":"2025-10-28T18:19:18","date_gmt":"2025-10-28T18:19:18","guid":{"rendered":"https:\/\/sezam.svetsajtova.com\/?post_type=product&#038;p=20889"},"modified":"2025-10-28T18:19:26","modified_gmt":"2025-10-28T18:19:26","slug":"srebrna-poluga-5-oz","status":"publish","type":"product","link":"https:\/\/sezam.svetsajtova.com\/en\/shop\/investiciono-srebro\/srebrna-poluga-5-oz\/","title":{"rendered":"Srebrna poluga 5 Oz"},"content":{"rendered":"<p>Srebrna poluga 5 Oz (155,5g) predstavlja izuzetnu opciju za sve ozbiljne investitore i kolekcionare plemenitih metala. Izra\u0111ena od \u010distog srebra sa fino\u0107om 999\/1000 .Pooluga nudi vrhunski kvalitet i dugoro\u010dnu vrednost. Sa sertifikatom autenti\u010dnosti. Koji garantuje njen sastav i poreklo, ova poluga je siguran na\u010din za\u0161tite imovine i o\u010duvanja vrednosti kroz vreme.<\/p>\n<p>Srebro je tradicionalno prepoznato kao sigurno ulaganje, a srebrne poluge poput ove od 5 Oz . Postale su popularne me\u0111u investitorima koji \u017eele da diversifikuju svoje portfolije. Te\u017eina poluge \u010dini je idealnim izborom za ozbiljnija ulaganja, pru\u017eaju\u0107i stabilnost i sigurnost koja je klju\u010dna u neizvesnim tr\u017ei\u0161nim uslovima. S obzirom na njenu vrednost i te\u017einu, poluga je jednostavna za \u010duvanje, ali i pogodna za prodaju ili zamenu na globalnom tr\u017ei\u0161tu plemenitih metala.<\/p>\n<p>Srebrna poluga od 5 Oz je tako\u0111e prelep poklon za posebne prilike, kao \u0161to su ven\u010danja, jubileji, ili ro\u0111endani. Njena impresivna veli\u010dina i \u010disto\u0107a \u010dine je simbolom presti\u017ea i trajne vrednosti, koja se ne samo poklanja, ve\u0107 se i \u010duva s pa\u017enjom kroz godine.<\/p>\n<p>Njena prakti\u010dna veli\u010dina i izuzetna izrada \u010dine je savr\u0161enim dodatkom svakoj kolekciji plemenitih metala. Bilo da je koristite kao investiciju, za\u0161titu od inflacije ili kao presti\u017ean poklon, srebrna poluga od 5 Oz donosi sigurnost, stabilnost i eleganciju.<\/p>\n<p>Srebrne poluge iz na\u0161eg asortimana proizvode se u pogonu rafinerija svetskog renomea u skladu sa visokim standardima Udru\u017eenja u\u010desnika tr\u017ei\u0161ta dragocenih metala iz Londona (\u201eLondon Bullion Market Association\u201c ili \u201eLBMA\u201c). Sve srebrne poluge dolaze u sigurnosnom blister pakovanju u kom su pohranjeni relevantni sertifikati o kvalitetu proizvodnje. Istra\u017eite na\u0161u ponudu i ulo\u017eite u srebro.<\/p>","protected":false},"excerpt":{"rendered":"<p>Srebrna poluga od 5 Oz (155,5g), izra\u0111ena od \u010distog srebra 999 fino\u0107e, savr\u0161en je izbor za ozbiljna ulaganja i kolekcionare. Dolazi sa sertifikatom autenti\u010dnosti, \u0161to garantuje njen kvalitet i poreklo. Idealna je i kao presti\u017ean poklon za posebne prilike.<\/p>","protected":false},"featured_media":20943,"comment_status":"closed","ping_status":"closed","template":"","meta":{"_acf_changed":false},"product_brand":[],"product_cat":[142],"product_tag":[],"class_list":{"0":"post-20889","1":"product","2":"type-product","3":"status-publish","4":"has-post-thumbnail","6":"product_cat-investiciono-srebro","8":"first","9":"instock","10":"shipping-taxable","11":"purchasable","12":"product-type-simple"},"acf":[],"_links":{"self":[{"href":"https:\/\/sezam.svetsajtova.com\/en\/wp-json\/wp\/v2\/product\/20889","targetHints":{"allow":["GET"]}}],"collection":[{"href":"https:\/\/sezam.svetsajtova.com\/en\/wp-json\/wp\/v2\/product"}],"about":[{"href":"https:\/\/sezam.svetsajtova.com\/en\/wp-json\/wp\/v2\/types\/product"}],"replies":[{"embeddable":true,"href":"https:\/\/sezam.svetsajtova.com\/en\/wp-json\/wp\/v2\/comments?post=20889"}],"version-history":[{"count":0,"href":"https:\/\/sezam.svetsajtova.com\/en\/wp-json\/wp\/v2\/product\/20889\/revisions"}],"wp:featuredmedia":[{"embeddable":true,"href":"https:\/\/sezam.svetsajtova.com\/en\/wp-json\/wp\/v2\/media\/20943"}],"wp:attachment":[{"href":"https:\/\/sezam.svetsajtova.com\/en\/wp-json\/wp\/v2\/media?parent=20889"}],"wp:term":[{"taxonomy":"product_brand","embeddable":true,"href":"https:\/\/sezam.svetsajtova.com\/en\/wp-json\/wp\/v2\/product_brand?post=20889"},{"taxonomy":"product_cat","embeddable":true,"href":"https:\/\/sezam.svetsajtova.com\/en\/wp-json\/wp\/v2\/product_cat?post=20889"},{"taxonomy":"product_tag","embeddable":true,"href":"https:\/\/sezam.svetsajtova.com\/en\/wp-json\/wp\/v2\/product_tag?post=20889"}],"curies":[{"name":"wp","href":"https:\/\/api.w.org\/{rel}","templated":true}]}}