{"id":20777,"date":"2025-10-28T18:18:18","date_gmt":"2025-10-28T18:18:18","guid":{"rendered":"https:\/\/sezam.svetsajtova.com\/?post_type=product&#038;p=20777"},"modified":"2025-10-28T18:19:04","modified_gmt":"2025-10-28T18:19:04","slug":"burme-ii","status":"publish","type":"product","link":"https:\/\/sezam.svetsajtova.com\/en\/shop\/burme\/burme-ii\/","title":{"rendered":"Burme II"},"content":{"rendered":"","protected":false},"excerpt":{"rendered":"<p>Ne\u017ean prsten , mo\u017ee zablistati na va\u0161oj ruci.<\/p>\n<p>Svako do\u017eivljava druga\u010diji prsten na prstu kao udoban i prijatan za no\u0161enje. Koji je pravi prsten za vas najbolji na\u010din da saznate od Zlatare Sezam , gde mo\u017eete isprobati razli\u010dite burme u razlicitim veli\u010dinama i razli\u010ditog dizajna.<\/p>\n<p>Prikazana burma dostupna je u brojnim varijantama.<br \/>\nPored boje zlata, tako\u0111e se mogu odabrati boja , povr\u0161ina, \u0161irina i kvalitet cirkona<br \/>\nili\u00a0 dijamanata koji se mogu dodati.<\/p>","protected":false},"featured_media":20862,"comment_status":"closed","ping_status":"closed","template":"","meta":{"_acf_changed":false},"product_brand":[],"product_cat":[143],"product_tag":[],"class_list":{"0":"post-20777","1":"product","2":"type-product","3":"status-publish","4":"has-post-thumbnail","6":"product_cat-burme","8":"first","9":"instock","10":"shipping-taxable","11":"product-type-simple"},"acf":[],"_links":{"self":[{"href":"https:\/\/sezam.svetsajtova.com\/en\/wp-json\/wp\/v2\/product\/20777","targetHints":{"allow":["GET"]}}],"collection":[{"href":"https:\/\/sezam.svetsajtova.com\/en\/wp-json\/wp\/v2\/product"}],"about":[{"href":"https:\/\/sezam.svetsajtova.com\/en\/wp-json\/wp\/v2\/types\/product"}],"replies":[{"embeddable":true,"href":"https:\/\/sezam.svetsajtova.com\/en\/wp-json\/wp\/v2\/comments?post=20777"}],"version-history":[{"count":0,"href":"https:\/\/sezam.svetsajtova.com\/en\/wp-json\/wp\/v2\/product\/20777\/revisions"}],"wp:featuredmedia":[{"embeddable":true,"href":"https:\/\/sezam.svetsajtova.com\/en\/wp-json\/wp\/v2\/media\/20862"}],"wp:attachment":[{"href":"https:\/\/sezam.svetsajtova.com\/en\/wp-json\/wp\/v2\/media?parent=20777"}],"wp:term":[{"taxonomy":"product_brand","embeddable":true,"href":"https:\/\/sezam.svetsajtova.com\/en\/wp-json\/wp\/v2\/product_brand?post=20777"},{"taxonomy":"product_cat","embeddable":true,"href":"https:\/\/sezam.svetsajtova.com\/en\/wp-json\/wp\/v2\/product_cat?post=20777"},{"taxonomy":"product_tag","embeddable":true,"href":"https:\/\/sezam.svetsajtova.com\/en\/wp-json\/wp\/v2\/product_tag?post=20777"}],"curies":[{"name":"wp","href":"https:\/\/api.w.org\/{rel}","templated":true}]}}