{"id":20775,"date":"2025-10-28T18:18:18","date_gmt":"2025-10-28T18:18:18","guid":{"rendered":"https:\/\/sezam.svetsajtova.com\/?post_type=product&#038;p=20775"},"modified":"2025-10-28T18:19:03","modified_gmt":"2025-10-28T18:19:03","slug":"zlatna-poluga-10x1-g-argor-heraeus","status":"publish","type":"product","link":"https:\/\/sezam.svetsajtova.com\/en\/shop\/cene\/zlatna-poluga-10x1-g-argor-heraeus\/","title":{"rendered":"Zlatna poluga 10&#215;1 g Argor Heraeus"},"content":{"rendered":"<p>Zlatna poluga 10&#215;1 g Argor Heraeus predstavlja vrhunski proizvod \u0161vajcarske preciznosti. Namenjen kako iskusnim investitorima, tako i onima koji \u017eele da diversifikuju svoj portfelj ulaganjem u plemenite metale. Svaka poluga je pa\u017eljivo izra\u0111ena od \u010distog zlata sa sadr\u017eajem od 999,9\/1000. Sto zna\u010di da je u pitanju zlato najvi\u0161e mogu\u0107e \u010disto\u0107e, koje zadovoljava najstro\u017ee me\u0111unarodne standarde.<\/p>\n<p>Proizvo\u0111a\u010d, Argor Heraeus, jedan je od najpoznatijih i najpo\u0161tovanijih brendova u industriji plemenitih metala. Kompanija ima dugogodi\u0161nju tradiciju i prepoznatljivost u proizvodnji zlatnih poluga. Njeni proizvodi su \u0161iroko prihva\u0107eni na globalnim tr\u017ei\u0161tima. Sto \u010dini ovu polugu izuzetno likvidnom i lako prenosivom u investicione krugove. Zlatne poluge Argor Heraeus se \u010desto koriste u investicijama i trgovini zbog svoje vrhunske kvalitete i pouzdanosti.<\/p>\n<p>Ova poluga je podeljena na deset manjih komada, od po 1 gram, \u0161to je \u010dini idealnim izborom za one koji \u017eele da investiraju u zlato, a pri tom zadr\u017ee fleksibilnost u obavljanju manjih transakcija. Svaka od ovih manjih poluga dolazi sa jedinstvenim serijskim brojem, \u0161to omogu\u0107ava jednostavno pra\u0107enje i proveru autenti\u010dnosti proizvoda. Poluge su pa\u017eljivo pakovane u za\u0161titu koja osigurava o\u010duvanje njihove vrednosti i integriteta, \u0161to je \u010dini pogodnom i za dugoro\u010dno skladi\u0161tenje.<\/p>\n<p>Zlatna poluga 10&#215;1 g Argor Heraeus nije samo odli\u010dna investicija u plemenite metale, ve\u0107 i luksuzni predmet koji mo\u017ee biti savr\u0161en poklon za specijalne prilike. Kao \u0161to su ro\u0111endani, jubileji ili druge va\u017ene \u017eivotne proslave. Osim toga, njena vrednost vremenom raste,. Sto je \u010dini sigurnim i stabilnim ulaganjima, \u010dak i u periodima ekonomske nestabilnosti.<\/p>\n<p>Ova poluga je savr\u0161en izbor za sve one koji \u017eele da ula\u017eu u zlato na prakti\u010dan i siguran na\u010din, u\u017eivaju\u0107i u stabilnom rastu vrednosti svog ulaganja.Dok istovremeno imaju proizvod koji je lako prenosiv i dugoro\u010dno siguran.<\/p>","protected":false},"excerpt":{"rendered":"<p>Zlatna poluga 10&#215;1 g Argor Heraeus je visoko \u010dista poluga od 10 grama (1 g po poluzi), proizvedena od strane renomiranog \u0161vajcarskog brenda. Idealna je za investicije i kao luksuzni poklon, sa jedinstvenim serijskim brojem za potvrdu autenti\u010dnosti.<\/p>","protected":false},"featured_media":20858,"comment_status":"closed","ping_status":"closed","template":"","meta":{"_acf_changed":false},"product_brand":[],"product_cat":[133],"product_tag":[],"class_list":{"0":"post-20775","1":"product","2":"type-product","3":"status-publish","4":"has-post-thumbnail","6":"product_cat-cene","8":"first","9":"instock","10":"shipping-taxable","11":"purchasable","12":"product-type-simple"},"acf":[],"_links":{"self":[{"href":"https:\/\/sezam.svetsajtova.com\/en\/wp-json\/wp\/v2\/product\/20775","targetHints":{"allow":["GET"]}}],"collection":[{"href":"https:\/\/sezam.svetsajtova.com\/en\/wp-json\/wp\/v2\/product"}],"about":[{"href":"https:\/\/sezam.svetsajtova.com\/en\/wp-json\/wp\/v2\/types\/product"}],"replies":[{"embeddable":true,"href":"https:\/\/sezam.svetsajtova.com\/en\/wp-json\/wp\/v2\/comments?post=20775"}],"version-history":[{"count":0,"href":"https:\/\/sezam.svetsajtova.com\/en\/wp-json\/wp\/v2\/product\/20775\/revisions"}],"wp:featuredmedia":[{"embeddable":true,"href":"https:\/\/sezam.svetsajtova.com\/en\/wp-json\/wp\/v2\/media\/20858"}],"wp:attachment":[{"href":"https:\/\/sezam.svetsajtova.com\/en\/wp-json\/wp\/v2\/media?parent=20775"}],"wp:term":[{"taxonomy":"product_brand","embeddable":true,"href":"https:\/\/sezam.svetsajtova.com\/en\/wp-json\/wp\/v2\/product_brand?post=20775"},{"taxonomy":"product_cat","embeddable":true,"href":"https:\/\/sezam.svetsajtova.com\/en\/wp-json\/wp\/v2\/product_cat?post=20775"},{"taxonomy":"product_tag","embeddable":true,"href":"https:\/\/sezam.svetsajtova.com\/en\/wp-json\/wp\/v2\/product_tag?post=20775"}],"curies":[{"name":"wp","href":"https:\/\/api.w.org\/{rel}","templated":true}]}}