{"id":20771,"date":"2025-10-28T18:18:18","date_gmt":"2025-10-28T18:18:18","guid":{"rendered":"https:\/\/sezam.svetsajtova.com\/?post_type=product&#038;p=20771"},"modified":"2025-10-28T18:18:58","modified_gmt":"2025-10-28T18:18:58","slug":"zlatna-poluga-1000g-argor-heraeus","status":"publish","type":"product","link":"https:\/\/sezam.svetsajtova.com\/en\/shop\/cene\/zlatna-poluga-1000g-argor-heraeus\/","title":{"rendered":"Zlatna poluga 1000g \u2013 ARGOR HERAEUS"},"content":{"rendered":"<p>Zlatne poluge od 1000 grama ili jedan kilogram mogu se po veli\u010dini uporediti sa manjim mobilnim ure\u0111ajem. Iako se s obzirom na vrednost zlata radi o zna\u010dajnoj sumi novca, kilogram zlatne poluge je ipak dovoljno kompaktan da se mo\u017ee diskretno i bez pote\u0161koc\u0301a \u010duvati.<\/p>\n<p>Kao i sve velike poluge proizvedene tehnikom livenja, zlatne poluge od 1000 grama izgledaju \u010dvrste, robusne i pouzdane. Svaka poluga ima jedinstven serijski broj koji omoguc\u0301ava jedinstvenu identifikaciju svake poluge i dodelu vlasni\u0161tva.<\/p>\n<h4>Proizvo\u0111a\u010di investicionih zlatnih poluga od 1000 grama<\/h4>\n<p>U ponudi imamo investicone zlatne poluge od 1000\u00a0 grama vode\u0107ih europskih i svetskih kovnica plemenitih kovina:<\/p>\n<ul>\n<li>Argor Heraeus<\/li>\n<li>Heraues<\/li>\n<li>Valcambi<\/li>\n<li>M\u00fcnze \u00d6sterreich<\/li>\n<li>Umicore<\/li>\n<\/ul>","protected":false},"excerpt":{"rendered":"<p>Zlatna poluga 1000 g ARGOR HERAEUS je visoko kvalitetna zlatna poluga te\u017eine 1 kilogram, sa \u010disto\u0107om 999,9\/1000, proizvedena od strane \u0161vajcarske kompanije Argor Heraeus. Ova poluga je savr\u0161en izbor za ozbiljne investitore koji \u017eele dugoro\u010dno ulaganje u zlato, sa potvr\u0111enom autenti\u010dno\u0161\u0107u putem serijskog broja. Idealna je za one koji \u017eele zna\u010dajnu koli\u010dinu kapitala u sigurnom obliku, kao i za luksuzni poklon za specijalne prilike.<\/p>","protected":false},"featured_media":20849,"comment_status":"closed","ping_status":"closed","template":"","meta":{"_acf_changed":false},"product_brand":[],"product_cat":[133],"product_tag":[],"class_list":{"0":"post-20771","1":"product","2":"type-product","3":"status-publish","4":"has-post-thumbnail","6":"product_cat-cene","8":"first","9":"instock","10":"shipping-taxable","11":"purchasable","12":"product-type-simple"},"acf":[],"_links":{"self":[{"href":"https:\/\/sezam.svetsajtova.com\/en\/wp-json\/wp\/v2\/product\/20771","targetHints":{"allow":["GET"]}}],"collection":[{"href":"https:\/\/sezam.svetsajtova.com\/en\/wp-json\/wp\/v2\/product"}],"about":[{"href":"https:\/\/sezam.svetsajtova.com\/en\/wp-json\/wp\/v2\/types\/product"}],"replies":[{"embeddable":true,"href":"https:\/\/sezam.svetsajtova.com\/en\/wp-json\/wp\/v2\/comments?post=20771"}],"version-history":[{"count":0,"href":"https:\/\/sezam.svetsajtova.com\/en\/wp-json\/wp\/v2\/product\/20771\/revisions"}],"wp:featuredmedia":[{"embeddable":true,"href":"https:\/\/sezam.svetsajtova.com\/en\/wp-json\/wp\/v2\/media\/20849"}],"wp:attachment":[{"href":"https:\/\/sezam.svetsajtova.com\/en\/wp-json\/wp\/v2\/media?parent=20771"}],"wp:term":[{"taxonomy":"product_brand","embeddable":true,"href":"https:\/\/sezam.svetsajtova.com\/en\/wp-json\/wp\/v2\/product_brand?post=20771"},{"taxonomy":"product_cat","embeddable":true,"href":"https:\/\/sezam.svetsajtova.com\/en\/wp-json\/wp\/v2\/product_cat?post=20771"},{"taxonomy":"product_tag","embeddable":true,"href":"https:\/\/sezam.svetsajtova.com\/en\/wp-json\/wp\/v2\/product_tag?post=20771"}],"curies":[{"name":"wp","href":"https:\/\/api.w.org\/{rel}","templated":true}]}}