{"id":20769,"date":"2025-10-28T18:18:18","date_gmt":"2025-10-28T18:18:18","guid":{"rendered":"https:\/\/sezam.svetsajtova.com\/?post_type=product&#038;p=20769"},"modified":"2025-10-28T18:18:55","modified_gmt":"2025-10-28T18:18:55","slug":"zlatna-poluga-100g-argor-heraeus","status":"publish","type":"product","link":"https:\/\/sezam.svetsajtova.com\/en\/shop\/cene\/zlatna-poluga-100g-argor-heraeus\/","title":{"rendered":"Zlatna poluga 100g \u2013 ARGOR HERAEUS"},"content":{"rendered":"<p>Zlatna poluga od 100 grama predstavlja ozbiljan i dugoro\u010dan na\u010din ulaganja u plemenite metale, izra\u0111ena je od \u010distog zlata sa \u010disto\u0107om od 999,9, \u0161to garantuje vrhunski kvalitet. Ova poluga dolazi sa sertifikatom autenti\u010dnosti, koji potvr\u0111uje njen poreklo i kvalitet, \u010dine\u0107i je sigurnim i pouzdanim sredstvom za o\u010duvanje kapitala. Ulaganje u zlato je ve\u0107 vekovima prepoznato kao na\u010din za\u0161tite imovine od inflacije i tr\u017ei\u0161nih fluktuacija, a poluga od 100 grama predstavlja savr\u0161en alat za diversifikaciju investicionog portfolija.<\/p>\n<p>Zlatna poluga od 100 grama nudi zna\u010dajnu vrednost, a istovremeno je lako prenosiva i mo\u017ee se jednostavno skladi\u0161titi ili likvidirati prema potrebi. Njena likvidnost \u010dini je pogodnom za konverziju u gotovinu u bilo kojem trenutku, bilo gde u svetu, a njena vrednost raste tokom vremena, \u0161to je \u010dini dugoro\u010dnom i sigurnom investicijom. Zlato je univerzalna valuta koja je uvek priznata na tr\u017ei\u0161tu, a s obzirom na svoju stabilnost, ova poluga je odli\u010dno re\u0161enje za sve koji \u017eele da sa\u010duvaju svoju imovinu i za\u0161tite je od ekonomskih neizvesnosti.<\/p>\n<p>Pored toga, zlatna poluga od 100 grama predstavlja i luksuzan simbol presti\u017ea, \u0161to je \u010dini savr\u0161enim poklonom za posebne prilike kao \u0161to su ven\u010danja, godi\u0161njice, ro\u0111endani ili poslovni pokloni. Ovaj luksuzni predmet ostavlja sna\u017ean utisak i ujedno predstavlja vrednost koja se prenosi kroz generacije. Zlatna poluga je ne samo investicija, ve\u0107 i objekt koji ima trajnu vrednost, \u0161to je \u010dini izuzetnim izborom za kolekcionare plemenitih metala.<\/p>\n<p>Zahvaljuju\u0107i svojoj te\u017eini, poluga od 100 grama je idealna za ozbiljne investitore koji \u017eele da pro\u0161ire svoj portfelj plemenitih metala i obezbede dugoro\u010dnu finansijsku stabilnost. Njen zna\u010daj, rast vrednosti i jednostavnost u \u010duvanju i likvidaciji \u010dine je savr\u0161enim izborom za svakoga ko tra\u017ei siguran na\u010din ulaganja.<\/p>","protected":false},"excerpt":{"rendered":"<p>Zlatna poluga od 100 grama izra\u0111ena je od \u010distog zlata sa \u010disto\u0107om od 999,9 i dolazi sa sertifikatom autenti\u010dnosti, \u0161to garantuje njen visok kvalitet i poreklo. Ova poluga predstavlja idealan na\u010din za za\u0161titu imovine od inflacije i tr\u017ei\u0161nih oscilacija, kao i odli\u010dnu investiciju za dugoro\u010dnu \u0161tednju. Zbog svoje veli\u010dine, pru\u017ea zna\u010dajnu vrednost, a istovremeno je lako prenosiva i skladi\u0161ljiva. Tako\u0111e, savr\u0161en je poklon za posebne prilike, poput ro\u0111endana, godi\u0161njica ili ven\u010danja, simbolizuju\u0107i presti\u017e i sigurnost.<\/p>","protected":false},"featured_media":20844,"comment_status":"closed","ping_status":"closed","template":"","meta":{"_acf_changed":false},"product_brand":[],"product_cat":[133,134],"product_tag":[],"class_list":{"0":"post-20769","1":"product","2":"type-product","3":"status-publish","4":"has-post-thumbnail","6":"product_cat-cene","7":"product_cat-zlatne-poluge","9":"first","10":"instock","11":"shipping-taxable","12":"purchasable","13":"product-type-simple"},"acf":[],"_links":{"self":[{"href":"https:\/\/sezam.svetsajtova.com\/en\/wp-json\/wp\/v2\/product\/20769","targetHints":{"allow":["GET"]}}],"collection":[{"href":"https:\/\/sezam.svetsajtova.com\/en\/wp-json\/wp\/v2\/product"}],"about":[{"href":"https:\/\/sezam.svetsajtova.com\/en\/wp-json\/wp\/v2\/types\/product"}],"replies":[{"embeddable":true,"href":"https:\/\/sezam.svetsajtova.com\/en\/wp-json\/wp\/v2\/comments?post=20769"}],"version-history":[{"count":0,"href":"https:\/\/sezam.svetsajtova.com\/en\/wp-json\/wp\/v2\/product\/20769\/revisions"}],"wp:featuredmedia":[{"embeddable":true,"href":"https:\/\/sezam.svetsajtova.com\/en\/wp-json\/wp\/v2\/media\/20844"}],"wp:attachment":[{"href":"https:\/\/sezam.svetsajtova.com\/en\/wp-json\/wp\/v2\/media?parent=20769"}],"wp:term":[{"taxonomy":"product_brand","embeddable":true,"href":"https:\/\/sezam.svetsajtova.com\/en\/wp-json\/wp\/v2\/product_brand?post=20769"},{"taxonomy":"product_cat","embeddable":true,"href":"https:\/\/sezam.svetsajtova.com\/en\/wp-json\/wp\/v2\/product_cat?post=20769"},{"taxonomy":"product_tag","embeddable":true,"href":"https:\/\/sezam.svetsajtova.com\/en\/wp-json\/wp\/v2\/product_tag?post=20769"}],"curies":[{"name":"wp","href":"https:\/\/api.w.org\/{rel}","templated":true}]}}