{"id":20767,"date":"2025-10-28T18:18:17","date_gmt":"2025-10-28T18:18:17","guid":{"rendered":"https:\/\/sezam.svetsajtova.com\/?post_type=product&#038;p=20767"},"modified":"2025-10-28T18:18:38","modified_gmt":"2025-10-28T18:18:38","slug":"zlatna-poluga-1-unca-argor-heraeus","status":"publish","type":"product","link":"https:\/\/sezam.svetsajtova.com\/en\/shop\/cene\/zlatna-poluga-1-unca-argor-heraeus\/","title":{"rendered":"Zlatna poluga 1 unca \u2013 ARGOR HERAEUS"},"content":{"rendered":"<p>Zlatna poluga 1 unca (31,1 grama) predstavlja vrhunski izbor za investitore koji tra\u017ee dugoro\u010dnu sigurnost i za\u0161titu imovine. Izra\u0111ena je od \u010distog zlata sa \u010disto\u0107om od 999,9, \u0161to garantuje njen visok kvalitet i dugotrajan vek trajanja. Svaka poluga dolazi sa sertifikatom autenti\u010dnosti, potvr\u0111uju\u0107i njen poreklo i kvalitet, \u0161to je \u010dini idealnim sredstvom za investicije, kao i luksuznim poklonom.<\/p>\n<p>Zlatna poluga od 1 unce jedno je od najpopularnijih ulaganja u plemenite metale. Njena likvidnost i prepoznatljivost na globalnom tr\u017ei\u0161tu omogu\u0107avaju jednostavnu konverziju u gotovinu u bilo kojem trenutku i bilo gde u svetu. Zlato je poznato po svojoj sposobnosti da o\u010duva vrednost tokom vremena, \u010dine\u0107i ovu polugu sigurnim alatom za za\u0161titu od inflacije, tr\u017ei\u0161nih fluktuacija i ekonomskih neizvesnosti.<\/p>\n<p>Zbog svoje veli\u010dine i vrednosti, poluga od 1 unce \u010desto je izbor iskusnih investitora, ali i onih koji \u017eele da investiraju u plemenite metale, kao i poklon za posebne prilike. Bilo da se koristi kao dugoro\u010dna investicija, sigurnosni fond ili luksuzan poklon, ova zlatna poluga je pravi izbor za one koji \u017eele da uve\u0107aju i sa\u010duvaju svoju imovinu.<\/p>\n<p>S obzirom na stabilnost vrednosti zlata, zlatna poluga od 1 unce predstavlja i simbol presti\u017ea i sigurnosti. Bez obzira na tr\u017ei\u0161ne uslove, njena vrednost raste i stabilizuje se, pru\u017eaju\u0107i sigurno uto\u010di\u0161te za kapital i garantuju\u0107i dugoro\u010dnu finansijsku stabilnost.<\/p>","protected":false},"excerpt":{"rendered":"<p>Zlatna poluga Argor Heraeus od 31 grama dolazi zape\u010dac\u0301ena u sertikat kako bi se spre\u010dilo o\u0161tec\u0301enje. Na vrhu poluge nalazi se logo Argor Heraeus, a zatim te\u017eina, finoc\u0301a i serijski broj poluge. Sve zlatne poluge Argor Heraeus sadr\u017ee 999,99% \u010distog investicionog zlata u polugama.<\/p>","protected":false},"featured_media":20821,"comment_status":"closed","ping_status":"closed","template":"","meta":{"_acf_changed":false},"product_brand":[],"product_cat":[133,134],"product_tag":[],"class_list":{"0":"post-20767","1":"product","2":"type-product","3":"status-publish","4":"has-post-thumbnail","6":"product_cat-cene","7":"product_cat-zlatne-poluge","9":"first","10":"instock","11":"shipping-taxable","12":"purchasable","13":"product-type-simple"},"acf":[],"_links":{"self":[{"href":"https:\/\/sezam.svetsajtova.com\/en\/wp-json\/wp\/v2\/product\/20767","targetHints":{"allow":["GET"]}}],"collection":[{"href":"https:\/\/sezam.svetsajtova.com\/en\/wp-json\/wp\/v2\/product"}],"about":[{"href":"https:\/\/sezam.svetsajtova.com\/en\/wp-json\/wp\/v2\/types\/product"}],"replies":[{"embeddable":true,"href":"https:\/\/sezam.svetsajtova.com\/en\/wp-json\/wp\/v2\/comments?post=20767"}],"version-history":[{"count":0,"href":"https:\/\/sezam.svetsajtova.com\/en\/wp-json\/wp\/v2\/product\/20767\/revisions"}],"wp:featuredmedia":[{"embeddable":true,"href":"https:\/\/sezam.svetsajtova.com\/en\/wp-json\/wp\/v2\/media\/20821"}],"wp:attachment":[{"href":"https:\/\/sezam.svetsajtova.com\/en\/wp-json\/wp\/v2\/media?parent=20767"}],"wp:term":[{"taxonomy":"product_brand","embeddable":true,"href":"https:\/\/sezam.svetsajtova.com\/en\/wp-json\/wp\/v2\/product_brand?post=20767"},{"taxonomy":"product_cat","embeddable":true,"href":"https:\/\/sezam.svetsajtova.com\/en\/wp-json\/wp\/v2\/product_cat?post=20767"},{"taxonomy":"product_tag","embeddable":true,"href":"https:\/\/sezam.svetsajtova.com\/en\/wp-json\/wp\/v2\/product_tag?post=20767"}],"curies":[{"name":"wp","href":"https:\/\/api.w.org\/{rel}","templated":true}]}}