{"id":20766,"date":"2025-10-28T18:18:17","date_gmt":"2025-10-28T18:18:17","guid":{"rendered":"https:\/\/sezam.svetsajtova.com\/?post_type=product&#038;p=20766"},"modified":"2025-10-28T18:18:36","modified_gmt":"2025-10-28T18:18:36","slug":"srebrna-poluga-100g","status":"publish","type":"product","link":"https:\/\/sezam.svetsajtova.com\/en\/shop\/investiciono-srebro\/srebrna-poluga-100g\/","title":{"rendered":"Srebrna poluga 100g"},"content":{"rendered":"<p>Srebrna poluga od 100g predstavlja idealan izbor za investitore koji tra\u017ee sigurno ulaganje u plemenite metale i za kolekcionare koji \u017eele da obogate svoje kolekcije. Izra\u0111ena od \u010distog srebra sa fino\u0107om 999\/1000. Ova poluga garantuje vrhunski kvalitet i dugoro\u010dnu pouzdanost. Sa sertifikatom autenti\u010dnosti koji potvr\u0111uje njenu \u010disto\u0107u i poreklo. Poluga je sigurna investicija koja zadr\u017eava vrednost kroz vreme, \u010dak i u periodima ekonomske nestabilnosti i inflacije.<\/p>\n<p>Srebro je jedan od najcenjenijih plemenitih metala i koristi se kao za\u0161tita od inflacije, ekonomskih fluktuacija i drugih tr\u017ei\u0161nih nesigurnosti. Srebrne poluge poput ove od 100g nude stabilnost i pouzdano \u010duvanje vrednosti u du\u017eem vremenskom periodu. Koli\u010dina srebra u ovoj poluzi \u010dini je odli\u010dnim sredstvom za diversifikaciju portfolija, \u0161to je \u010dini popularnim izborom me\u0111u iskusnim investitorima. S obzirom na njen te\u017einski format, ova poluga je tako\u0111e lako prenosiva. Dok njena vrednost \u010dini je pogodnom za prodaju ili zamenu, ukoliko to bude potrebno.<\/p>\n<p>Osim \u0161to je pametan finansijski potez, srebrna poluga od 100g je i elegantan poklon za posebne prilike. Bilo da je re\u010d o ven\u010danju, godi\u0161njici, ro\u0111endanu ili jubileju, ona predstavlja simbol trajne vrednosti i presti\u017ea, koji \u0107e biti cenjen i \u010duvan godinama. Prelep dizajn poluge, pa\u017eljivo gravirane oznake te\u017eine i fino\u0107e, \u010dine je atraktivnim i luksuznim poklonom koji \u0107e se ceniti u svakom trenutku.<\/p>\n<p>Poluga je prakti\u010dna za skladi\u0161tenje zahvaljuju\u0107i svom kompaktnom obliku. A\u00a0 istovremeno \u010dini izuzetnu vizuelnu privla\u010dnost kao deo svake kolekcije. Bilo da je dr\u017eite kao dugoro\u010dnu investiciju, sigurno ulaganje ili poklon za posebne trenutke, srebrna poluga od 100g donosi dugoro\u010dnu sigurnost i eleganciju, \u0161to je \u010dini izuzetnim izborom za sve ljubitelje plemenitih metala.<\/p>","protected":false},"excerpt":{"rendered":"<p>Srebrna poluga od 100g , izra\u0111ena od \u010distog srebra 999 fino\u0107e, savr\u0161en je izbor za ozbiljna ulaganja i kolekcionare. Ova poluga dolazi sa sertifikatom autenti\u010dnosti, koji garantuje njen kvalitet i poreklo. Svojim presti\u017enim izgledom i zna\u010dajnom te\u017einom, idealna je za one koji \u017eele da za\u0161tite svoju imovinu od inflacije ili pro\u0161ire svoju kolekciju plemenitih metala. Tako\u0111e, mo\u017ee biti i izuzetan poklon za posebne prilike, poput ven\u010danja, jubileja ili drugih zna\u010dajnih doga\u0111aja.<\/p>","protected":false},"featured_media":20819,"comment_status":"closed","ping_status":"closed","template":"","meta":{"_acf_changed":false},"product_brand":[],"product_cat":[142],"product_tag":[],"class_list":{"0":"post-20766","1":"product","2":"type-product","3":"status-publish","4":"has-post-thumbnail","6":"product_cat-investiciono-srebro","8":"first","9":"instock","10":"shipping-taxable","11":"purchasable","12":"product-type-simple"},"acf":[],"_links":{"self":[{"href":"https:\/\/sezam.svetsajtova.com\/en\/wp-json\/wp\/v2\/product\/20766","targetHints":{"allow":["GET"]}}],"collection":[{"href":"https:\/\/sezam.svetsajtova.com\/en\/wp-json\/wp\/v2\/product"}],"about":[{"href":"https:\/\/sezam.svetsajtova.com\/en\/wp-json\/wp\/v2\/types\/product"}],"replies":[{"embeddable":true,"href":"https:\/\/sezam.svetsajtova.com\/en\/wp-json\/wp\/v2\/comments?post=20766"}],"version-history":[{"count":0,"href":"https:\/\/sezam.svetsajtova.com\/en\/wp-json\/wp\/v2\/product\/20766\/revisions"}],"wp:featuredmedia":[{"embeddable":true,"href":"https:\/\/sezam.svetsajtova.com\/en\/wp-json\/wp\/v2\/media\/20819"}],"wp:attachment":[{"href":"https:\/\/sezam.svetsajtova.com\/en\/wp-json\/wp\/v2\/media?parent=20766"}],"wp:term":[{"taxonomy":"product_brand","embeddable":true,"href":"https:\/\/sezam.svetsajtova.com\/en\/wp-json\/wp\/v2\/product_brand?post=20766"},{"taxonomy":"product_cat","embeddable":true,"href":"https:\/\/sezam.svetsajtova.com\/en\/wp-json\/wp\/v2\/product_cat?post=20766"},{"taxonomy":"product_tag","embeddable":true,"href":"https:\/\/sezam.svetsajtova.com\/en\/wp-json\/wp\/v2\/product_tag?post=20766"}],"curies":[{"name":"wp","href":"https:\/\/api.w.org\/{rel}","templated":true}]}}