{"id":20760,"date":"2025-10-28T18:18:17","date_gmt":"2025-10-28T18:18:17","guid":{"rendered":"https:\/\/sezam.svetsajtova.com\/?post_type=product&#038;p=20760"},"modified":"2025-10-28T18:18:33","modified_gmt":"2025-10-28T18:18:33","slug":"srebrna-poluga-2-5g","status":"publish","type":"product","link":"https:\/\/sezam.svetsajtova.com\/en\/shop\/investiciono-srebro\/srebrna-poluga-2-5g\/","title":{"rendered":"Srebrna poluga\u200f\u200f\u200e \u200e\u200f\u200f\u200e\u200f2.5g"},"content":{"rendered":"<p>Srebrna poluga 2.5g je visokokvalitetan proizvod sa 99.9% \u010distog srebra. Koji nudi odli\u010dnu priliku za ulaganje u plemenite metale. Proizvedena od strane renomiranih rafinerija koje se pridr\u017eavaju najstro\u017eih industrijskih standarda. Ova poluga pru\u017ea sigurnost i pouzdanost. Sertifikovana od strane<a href=\"https:\/\/en.wikipedia.org\/wiki\/London_Bullion_Market_Association\" target=\"_blank\" rel=\"noopener\"> London Bullion Market Association<\/a> (LBMA). Poluga je garantovana za svoju autenti\u010dnost i kvalitet, \u0161to je od klju\u010dne va\u017enosti za sve investitore i kolekcionare.<\/p>\n<p>Zbog svoje te\u017eine od 2,5 grama, srebrna poluga je lako prenosiva i jednostavna za skladi\u0161tenje, a pru\u017ea dovoljnu vrednost za sigurno ulaganje. Manja te\u017eina \u010dini je idealnom za po\u010detnike koji \u017eele zapo\u010deti ulaganje u plemenite metale. Dok ve\u0107a \u010disto\u0107a i vrednost omogu\u0107avaju dugoro\u010dnu stabilnost portfolija. Srebrne poluge, kao i ovaj proizvod, \u010desto se koriste kao sredstvo za za\u0161titu kapitala od inflacije, nestabilnosti tr\u017ei\u0161ta i ekonomskih turbulencija.<\/p>\n<p>Ovaj proizvod je pakovan u za\u0161titu koja osigurava sigurnost tokom transporta i skladi\u0161tenja.\u010cine\u0107i ga prakti\u010dnim za upotrebu i za\u0161titu vrednosti. Pored toga, njegova mala dimenzija omogu\u0107ava lako trgovanje ili razmenu na tr\u017ei\u0161tu plemenitih metala. Zbog svoje prakti\u010dnosti, srebrna poluga 2,5g mo\u017ee biti i savr\u0161en poklon za specijalne prilike, kao \u0161to su ro\u0111endani, jubileji ili kr\u0161tenja, jer simbolizuje dugoro\u010dnu vrednost i prosperitet.<\/p>\n<p>Investitori koji \u017eele da diversifikuju svoj portfelj u plemenite metale bi\u0107e sigurni u dugoro\u010dnu stabilnost i potencijal za rast svoje imovine. Srebrna poluga 2.5g nudi sve prednosti koje srebro kao plemeniti metal pru\u017ea \u2013 stabilnost. Za\u0161titu od inflacije, likvidnost i sigurnost ulaganja. Ova poluga je savr\u0161en na\u010din za ulaganje u srebro, bilo da ste po\u010detnik ili iskusan investitor.<\/p>","protected":false},"excerpt":{"rendered":"<p>Srebrna poluga te\u017eine 2.5 grama, proizvedena od strane renomirane kompanije IGR (International Gold Refinery), sa \u010distim srebrom (99.9%). Poluga je sertifikovana i pakovana u sigurnu za\u0161titu, \u0161to garantuje njenu autenti\u010dnost i visok kvalitet. Idealna za investitore koji \u017eele kompaktnu i likvidnu opciju za ulaganje u srebro, kao i za kolekcionare ili poklon za posebne prilike.<\/p>","protected":false},"featured_media":20807,"comment_status":"closed","ping_status":"closed","template":"","meta":{"_acf_changed":false},"product_brand":[],"product_cat":[142],"product_tag":[],"class_list":{"0":"post-20760","1":"product","2":"type-product","3":"status-publish","4":"has-post-thumbnail","6":"product_cat-investiciono-srebro","8":"first","9":"instock","10":"shipping-taxable","11":"purchasable","12":"product-type-simple"},"acf":[],"_links":{"self":[{"href":"https:\/\/sezam.svetsajtova.com\/en\/wp-json\/wp\/v2\/product\/20760","targetHints":{"allow":["GET"]}}],"collection":[{"href":"https:\/\/sezam.svetsajtova.com\/en\/wp-json\/wp\/v2\/product"}],"about":[{"href":"https:\/\/sezam.svetsajtova.com\/en\/wp-json\/wp\/v2\/types\/product"}],"replies":[{"embeddable":true,"href":"https:\/\/sezam.svetsajtova.com\/en\/wp-json\/wp\/v2\/comments?post=20760"}],"version-history":[{"count":0,"href":"https:\/\/sezam.svetsajtova.com\/en\/wp-json\/wp\/v2\/product\/20760\/revisions"}],"wp:featuredmedia":[{"embeddable":true,"href":"https:\/\/sezam.svetsajtova.com\/en\/wp-json\/wp\/v2\/media\/20807"}],"wp:attachment":[{"href":"https:\/\/sezam.svetsajtova.com\/en\/wp-json\/wp\/v2\/media?parent=20760"}],"wp:term":[{"taxonomy":"product_brand","embeddable":true,"href":"https:\/\/sezam.svetsajtova.com\/en\/wp-json\/wp\/v2\/product_brand?post=20760"},{"taxonomy":"product_cat","embeddable":true,"href":"https:\/\/sezam.svetsajtova.com\/en\/wp-json\/wp\/v2\/product_cat?post=20760"},{"taxonomy":"product_tag","embeddable":true,"href":"https:\/\/sezam.svetsajtova.com\/en\/wp-json\/wp\/v2\/product_tag?post=20760"}],"curies":[{"name":"wp","href":"https:\/\/api.w.org\/{rel}","templated":true}]}}