{"id":20690,"date":"2025-10-28T18:17:55","date_gmt":"2025-10-28T18:17:55","guid":{"rendered":"https:\/\/sezam.svetsajtova.com\/?post_type=product&#038;p=20690"},"modified":"2025-10-28T18:18:28","modified_gmt":"2025-10-28T18:18:28","slug":"dukat-wiener-philharmoniker-1-2-unce","status":"publish","type":"product","link":"https:\/\/sezam.svetsajtova.com\/en\/shop\/cene\/dukat-wiener-philharmoniker-1-2-unce\/","title":{"rendered":"Dukat Wiener Philharmoniker 1\/2 unce"},"content":{"rendered":"<p><strong>Dukat\u00a0 Wiener Philharmoniker<\/strong> na reversu sadr\u017ei instrumente filharmonije \u2013 violinu, violu, harfu, rog i violon\u010delo \u2013 koji simbolizuju Be\u010dku filharmoniju, uglednu Austrijsku instituciju.<br \/>\nNa prednjem delu dukata, u\u00a0 krugu oko orgulja ispisan je tekst \u201cRepublik Osterreich\u201d, dok je na dnu navedena masa \u010distoga zlata u uncama koje kovanica sadr\u017ei, \u010disto\u0107a zlata od kojega je zlatnik izra\u0111en, te nominala vrednost zlatnika.<br \/>\nInvesticoni dukat Wiener Philharmoniker proizvodi se u veli\u010dinama od jedne desetine unce (3,11 grama), jedne \u010detvrtine unce (7,77 grama), jedne polovine unce (15,55 grama) i jedne unce (31,103 grama).<\/p>\n<p>Uvo\u0111enjem eura, nominale na zlatnicima Wiener Philharmoniker su izmenjene. Zlatnik od desetine unce danas ima nominalu od 10 eura, \u010detvrtina unce 25 eura, polovina unce 50 eura i jedna unca 100 eura.<\/p>\n<p>Kupovina investicionog dukata\u00a0 Wiener Philharmoniker<\/p>\n<p>Prodaja zlata u obliku investiconih zlatnika i zlatnih poluga obavlja se u na\u0161em poslovnom prostoru u Novom Sadu. Zahvaljuju\u0107i vi\u0161egodi\u0161njem iskustvu i tradiciji na regionalnom tr\u017ei\u0161tu, Zlatara Sezam vam osigurava kvalitetnu i pouzdanu uslugu prodaje zlata koje se smatra investicionim proizvodima.<\/p>\n<p>Zatra\u017eite ponudu putem interneta, email adrese ili pozivom na broj . Prodaja zlata robne marke Zlatare Sezam\u00a0 vr\u0161i se u skladu s najvi\u0161im europskim standardima. Kupac uz\u00a0 svaki proizvod dobija sertifikat o autenti\u010dnosti investicionog proizvoda, kojim se garantuje integritet i \u010disto\u0107a zlata svakog proizvoda u skladu s proizvo\u0111a\u010dkom specifikacijom.<\/p>","protected":false},"excerpt":{"rendered":"<h4 class=\"price\"><\/h4>\n<table class=\"table\">\n<tbody>\n<tr>\n<td><strong>Proizvod<\/strong><\/td>\n<td>Wiener Philharmoniker 1\/2 oz<\/td>\n<\/tr>\n<tr>\n<td><strong>Te\u017eina u gramima<\/strong><\/td>\n<td>15.5g<\/td>\n<\/tr>\n<tr>\n<td><strong>Fino\u0107a zlata<\/strong><\/td>\n<td>999.99 (24K)<\/td>\n<\/tr>\n<tr>\n<td><strong>Proizvo\u0111a\u010d<\/strong><\/td>\n<td>M\u00fcnze \u00d6sterreich<\/td>\n<\/tr>\n<tr class=\"size-weight\">\n<td><strong>Pre\u010dnik<\/strong><\/td>\n<td>28 mm<\/td>\n<\/tr>\n<tr>\n<td><strong>LBMA sertifikat<\/strong><\/td>\n<td>Da<\/td>\n<\/tr>\n<tr>\n<td><strong>Zemlja porekla<\/strong><\/td>\n<td>Austrija<\/td>\n<\/tr>\n<\/tbody>\n<\/table>","protected":false},"featured_media":20796,"comment_status":"closed","ping_status":"closed","template":"","meta":{"_acf_changed":false},"product_brand":[],"product_cat":[133,140,141],"product_tag":[],"class_list":{"0":"post-20690","1":"product","2":"type-product","3":"status-publish","4":"has-post-thumbnail","6":"product_cat-cene","7":"product_cat-investicioni-dukati","8":"product_cat-investiciono-zlato","10":"first","11":"instock","12":"shipping-taxable","13":"purchasable","14":"product-type-simple"},"acf":[],"_links":{"self":[{"href":"https:\/\/sezam.svetsajtova.com\/en\/wp-json\/wp\/v2\/product\/20690","targetHints":{"allow":["GET"]}}],"collection":[{"href":"https:\/\/sezam.svetsajtova.com\/en\/wp-json\/wp\/v2\/product"}],"about":[{"href":"https:\/\/sezam.svetsajtova.com\/en\/wp-json\/wp\/v2\/types\/product"}],"replies":[{"embeddable":true,"href":"https:\/\/sezam.svetsajtova.com\/en\/wp-json\/wp\/v2\/comments?post=20690"}],"version-history":[{"count":0,"href":"https:\/\/sezam.svetsajtova.com\/en\/wp-json\/wp\/v2\/product\/20690\/revisions"}],"wp:featuredmedia":[{"embeddable":true,"href":"https:\/\/sezam.svetsajtova.com\/en\/wp-json\/wp\/v2\/media\/20796"}],"wp:attachment":[{"href":"https:\/\/sezam.svetsajtova.com\/en\/wp-json\/wp\/v2\/media?parent=20690"}],"wp:term":[{"taxonomy":"product_brand","embeddable":true,"href":"https:\/\/sezam.svetsajtova.com\/en\/wp-json\/wp\/v2\/product_brand?post=20690"},{"taxonomy":"product_cat","embeddable":true,"href":"https:\/\/sezam.svetsajtova.com\/en\/wp-json\/wp\/v2\/product_cat?post=20690"},{"taxonomy":"product_tag","embeddable":true,"href":"https:\/\/sezam.svetsajtova.com\/en\/wp-json\/wp\/v2\/product_tag?post=20690"}],"curies":[{"name":"wp","href":"https:\/\/api.w.org\/{rel}","templated":true}]}}