{"id":20687,"date":"2025-10-28T18:17:55","date_gmt":"2025-10-28T18:17:55","guid":{"rendered":"https:\/\/sezam.svetsajtova.com\/?post_type=product&#038;p=20687"},"modified":"2025-10-28T18:18:22","modified_gmt":"2025-10-28T18:18:22","slug":"dukat-franc-jozef-jednostruki","status":"publish","type":"product","link":"https:\/\/sezam.svetsajtova.com\/en\/shop\/cene\/dukat-franc-jozef-jednostruki\/","title":{"rendered":"Dukat Franc Jozef jednostruki"},"content":{"rendered":"<blockquote><p>Dukati su prvi put kovani u Veneciji u 13. veku. Odatle su se pro\u0161irili po Evropi, a po\u010detkom 16. veka do\u0161li su i u Austriju. I jednostruki i \u010detvorostruki dukat ovde su bili slu\u017ebeno sredstvo plac\u0301anja do 1858. godine.<\/p><\/blockquote>\n<p>Do 1915. dukati su se zvani\u010dno proizvodili kao trgova\u010dki zlatnici. 1915. godina tako\u0111e se mo\u017ee videti na svim savremenim restrikovima, kao i car Franc Jozef i dvoglavi orao. Ovaj dizajn je prvi put kori\u0161c\u0301en 1872. Franc Jozef je bio na \u010delu Austro-Ugarske monarhije 68 godina, \u0161to ga \u010dini jednim od monarha sa najdu\u017eim sta\u017eom modernog vremena.<\/p>\n<p>Jednostruki zlatni dukat ima pre\u010dnik 19,75 milimetara, \u010detvorostruki zlatni dukat je ta\u010dno duplo vec\u0301i sa 39,5 milimetara. Obe varijante vrednog komada su tako\u0111e dostupne u elegantnoj somotnoj kutiji i odgovarajuc\u0301oj poklon ambala\u017ei. Postoji ne\u0161to za svaku priliku i sva\u010dijii ukus.<\/p>\n<p><strong>Kupovina investicionog dukata\u00a0 Franc Jozef jednostruki<\/strong><\/p>\n<p>Prodaja zlata u obliku investiconih zlatnika i zlatnih poluga obavlja se u na\u0161em poslovnom prostoru u Novom Sadu. Zahvaljuju\u0107i vi\u0161egodi\u0161njem iskustvu i tradiciji na regionalnom tr\u017ei\u0161tu, Zlatara Sezam vam osigurava kvalitetnu i pouzdanu uslugu prodaje zlata koje se smatra investicionim proizvodima.<\/p>\n<p>Zatra\u017eite ponudu putem interneta, email adrese ili pozivom na broj . Prodaja zlata robne marke Zlatare Sezam\u00a0 vr\u0161i se u skladu s najvi\u0161im europskim standardima. Kupac uz\u00a0 svaki proizvod dobija sertifikat o autenti\u010dnosti investicionog proizvoda, kojim se garantuje integritet i \u010disto\u0107a zlata svakog proizvoda u skladu s proizvo\u0111a\u010dkom specifikacijom.<\/p>","protected":false},"excerpt":{"rendered":"<table class=\"table\" style=\"color: #333333; font-size: 16px;\">\n<tbody>\n<tr>\n<td><strong>Proizvod<\/strong><\/td>\n<td>Franc Jozef jednostruki<\/td>\n<\/tr>\n<tr>\n<td><strong>Te\u017eina u gramima<\/strong><\/td>\n<td>3.49g<\/td>\n<\/tr>\n<tr>\n<td><strong>Fino\u0107a zlata<\/strong><\/td>\n<td>986 (24K)<\/td>\n<\/tr>\n<tr>\n<td><strong>Proizvo\u0111a\u010d<\/strong><\/td>\n<td>M\u00fcnze \u00d6sterreich<\/td>\n<\/tr>\n<tr class=\"size-weight\">\n<td><strong>Pre\u010dnik<\/strong><\/td>\n<td>19.75 mm<\/td>\n<\/tr>\n<tr>\n<td><strong>LBMA sertifikat<\/strong><\/td>\n<td>Da<\/td>\n<\/tr>\n<tr>\n<td><strong>Dostupan za isporuku<\/strong><\/td>\n<td>Da<\/td>\n<\/tr>\n<tr>\n<td><strong>Zemlja porekla<\/strong><\/td>\n<td>Austrija<\/td>\n<\/tr>\n<\/tbody>\n<\/table>","protected":false},"featured_media":20787,"comment_status":"closed","ping_status":"closed","template":"","meta":{"_acf_changed":false},"product_brand":[],"product_cat":[133,139,140,141],"product_tag":[],"class_list":{"0":"post-20687","1":"product","2":"type-product","3":"status-publish","4":"has-post-thumbnail","6":"product_cat-cene","7":"product_cat-franc-jozef","8":"product_cat-investicioni-dukati","9":"product_cat-investiciono-zlato","11":"first","12":"instock","13":"shipping-taxable","14":"purchasable","15":"product-type-simple"},"acf":[],"_links":{"self":[{"href":"https:\/\/sezam.svetsajtova.com\/en\/wp-json\/wp\/v2\/product\/20687","targetHints":{"allow":["GET"]}}],"collection":[{"href":"https:\/\/sezam.svetsajtova.com\/en\/wp-json\/wp\/v2\/product"}],"about":[{"href":"https:\/\/sezam.svetsajtova.com\/en\/wp-json\/wp\/v2\/types\/product"}],"replies":[{"embeddable":true,"href":"https:\/\/sezam.svetsajtova.com\/en\/wp-json\/wp\/v2\/comments?post=20687"}],"version-history":[{"count":0,"href":"https:\/\/sezam.svetsajtova.com\/en\/wp-json\/wp\/v2\/product\/20687\/revisions"}],"wp:featuredmedia":[{"embeddable":true,"href":"https:\/\/sezam.svetsajtova.com\/en\/wp-json\/wp\/v2\/media\/20787"}],"wp:attachment":[{"href":"https:\/\/sezam.svetsajtova.com\/en\/wp-json\/wp\/v2\/media?parent=20687"}],"wp:term":[{"taxonomy":"product_brand","embeddable":true,"href":"https:\/\/sezam.svetsajtova.com\/en\/wp-json\/wp\/v2\/product_brand?post=20687"},{"taxonomy":"product_cat","embeddable":true,"href":"https:\/\/sezam.svetsajtova.com\/en\/wp-json\/wp\/v2\/product_cat?post=20687"},{"taxonomy":"product_tag","embeddable":true,"href":"https:\/\/sezam.svetsajtova.com\/en\/wp-json\/wp\/v2\/product_tag?post=20687"}],"curies":[{"name":"wp","href":"https:\/\/api.w.org\/{rel}","templated":true}]}}