{"id":20591,"date":"2025-10-28T18:17:33","date_gmt":"2025-10-28T18:17:33","guid":{"rendered":"https:\/\/sezam.svetsajtova.com\/?post_type=product&#038;p=20591"},"modified":"2025-10-28T18:17:59","modified_gmt":"2025-10-28T18:17:59","slug":"foto-zlatnik-miki-maus","status":"publish","type":"product","link":"https:\/\/sezam.svetsajtova.com\/en\/shop\/dukati\/foto-zlatnici\/foto-zlatnik-miki-maus\/","title":{"rendered":"Foto zlatnik &#8211; Miki Maus"},"content":{"rendered":"","protected":false},"excerpt":{"rendered":"<p>Dukat predstavlja jedinstven i divan poklon za mnoge prilike. Sjajem i svojom velikom vredno\u0161\u0107u opominju i podse\u0107aju one koji su ih dobili na drage ljude koji su ih poklonili. Ti trenuci darivanja nikada se ne zaborave.<\/p>\n<p>Preno\u0161enje tradicije sa kolena na koleno poklanjanjem zlatnika je jedna od retkih kulturnih i istorijskih vrednosti koje na\u0161i potomci dobijaju u nasledstvo.<\/p>\n<p>Zlatnike izra\u0111ujemo po porud\u017ebini, o\u010dekivan rok izrade je 2-5 radnih dana. Uz zlatnike dobijate deklaraciju o zlatu, fino\u0107i, grama\u017ei i veli\u010dini, sve zlatnike pakujemo u elegantne ukrasne kutije.<\/p>\n<p><strong>NAPOMENA:<\/strong><strong><em>\u00a0Fotografije su informativnog karaktera.\u00a0<\/em><\/strong><\/p>","protected":false},"featured_media":20702,"comment_status":"closed","ping_status":"closed","template":"","meta":{"_acf_changed":false},"product_brand":[],"product_cat":[135,137],"product_tag":[],"class_list":{"0":"post-20591","1":"product","2":"type-product","3":"status-publish","4":"has-post-thumbnail","6":"product_cat-dukati","7":"product_cat-foto-zlatnici","9":"first","10":"instock","11":"shipping-taxable","12":"product-type-simple"},"acf":[],"_links":{"self":[{"href":"https:\/\/sezam.svetsajtova.com\/en\/wp-json\/wp\/v2\/product\/20591","targetHints":{"allow":["GET"]}}],"collection":[{"href":"https:\/\/sezam.svetsajtova.com\/en\/wp-json\/wp\/v2\/product"}],"about":[{"href":"https:\/\/sezam.svetsajtova.com\/en\/wp-json\/wp\/v2\/types\/product"}],"replies":[{"embeddable":true,"href":"https:\/\/sezam.svetsajtova.com\/en\/wp-json\/wp\/v2\/comments?post=20591"}],"version-history":[{"count":0,"href":"https:\/\/sezam.svetsajtova.com\/en\/wp-json\/wp\/v2\/product\/20591\/revisions"}],"wp:featuredmedia":[{"embeddable":true,"href":"https:\/\/sezam.svetsajtova.com\/en\/wp-json\/wp\/v2\/media\/20702"}],"wp:attachment":[{"href":"https:\/\/sezam.svetsajtova.com\/en\/wp-json\/wp\/v2\/media?parent=20591"}],"wp:term":[{"taxonomy":"product_brand","embeddable":true,"href":"https:\/\/sezam.svetsajtova.com\/en\/wp-json\/wp\/v2\/product_brand?post=20591"},{"taxonomy":"product_cat","embeddable":true,"href":"https:\/\/sezam.svetsajtova.com\/en\/wp-json\/wp\/v2\/product_cat?post=20591"},{"taxonomy":"product_tag","embeddable":true,"href":"https:\/\/sezam.svetsajtova.com\/en\/wp-json\/wp\/v2\/product_tag?post=20591"}],"curies":[{"name":"wp","href":"https:\/\/api.w.org\/{rel}","templated":true}]}}