{"id":20581,"date":"2025-10-28T18:17:32","date_gmt":"2025-10-28T18:17:32","guid":{"rendered":"https:\/\/sezam.svetsajtova.com\/?post_type=product&#038;p=20581"},"modified":"2025-10-28T18:17:49","modified_gmt":"2025-10-28T18:17:49","slug":"zlatni-dukat-patrijarh-pavle","status":"publish","type":"product","link":"https:\/\/sezam.svetsajtova.com\/en\/shop\/dukati\/klasicni-kovani\/zlatni-dukat-patrijarh-pavle\/","title":{"rendered":"Zlatni dukat &#8211; Patrijarh Pavle"},"content":{"rendered":"","protected":false},"excerpt":{"rendered":"<p>Dukat je mnogo vi\u0161e od poklona \u2013 on je simbol ljubavi, po\u0161tovanja i trajne vrednosti. Svojim sjajem i neprolaznom lepotom, zlatnici nose pri\u010du koja se prenosi generacijama, podse\u0107aju\u0107i na posebne trenutke i drage ljude koji su ih darovali.<\/p>\n<h4>Personalizovan i ekskluzivan poklon<\/h4>\n<p>Na\u0161i zlatnici izra\u0111uju se po porud\u017ebini, pa\u017eljivo i s puno posve\u0107enosti, kako bi svaki komad bio savr\u0161en. Rok izrade je 2-5 radnih dana, a uz svaki zlatnik dolazi sertifikat o autenti\u010dnosti sa svim detaljima: fino\u0107om zlata, te\u017einom i dimenzijama. Zlatnici su upakovani u elegantne ukrasne kutije koje dodatno nagla\u0161avaju njihov luksuz i vrednost.<\/p>","protected":false},"featured_media":20647,"comment_status":"closed","ping_status":"closed","template":"","meta":{"_acf_changed":false},"product_brand":[],"product_cat":[135,136],"product_tag":[],"class_list":{"0":"post-20581","1":"product","2":"type-product","3":"status-publish","4":"has-post-thumbnail","6":"product_cat-dukati","7":"product_cat-klasicni-kovani","9":"first","10":"instock","11":"shipping-taxable","12":"product-type-simple"},"acf":[],"_links":{"self":[{"href":"https:\/\/sezam.svetsajtova.com\/en\/wp-json\/wp\/v2\/product\/20581","targetHints":{"allow":["GET"]}}],"collection":[{"href":"https:\/\/sezam.svetsajtova.com\/en\/wp-json\/wp\/v2\/product"}],"about":[{"href":"https:\/\/sezam.svetsajtova.com\/en\/wp-json\/wp\/v2\/types\/product"}],"replies":[{"embeddable":true,"href":"https:\/\/sezam.svetsajtova.com\/en\/wp-json\/wp\/v2\/comments?post=20581"}],"version-history":[{"count":0,"href":"https:\/\/sezam.svetsajtova.com\/en\/wp-json\/wp\/v2\/product\/20581\/revisions"}],"wp:featuredmedia":[{"embeddable":true,"href":"https:\/\/sezam.svetsajtova.com\/en\/wp-json\/wp\/v2\/media\/20647"}],"wp:attachment":[{"href":"https:\/\/sezam.svetsajtova.com\/en\/wp-json\/wp\/v2\/media?parent=20581"}],"wp:term":[{"taxonomy":"product_brand","embeddable":true,"href":"https:\/\/sezam.svetsajtova.com\/en\/wp-json\/wp\/v2\/product_brand?post=20581"},{"taxonomy":"product_cat","embeddable":true,"href":"https:\/\/sezam.svetsajtova.com\/en\/wp-json\/wp\/v2\/product_cat?post=20581"},{"taxonomy":"product_tag","embeddable":true,"href":"https:\/\/sezam.svetsajtova.com\/en\/wp-json\/wp\/v2\/product_tag?post=20581"}],"curies":[{"name":"wp","href":"https:\/\/api.w.org\/{rel}","templated":true}]}}