{"id":20576,"date":"2025-10-28T18:17:32","date_gmt":"2025-10-28T18:17:32","guid":{"rendered":"https:\/\/sezam.svetsajtova.com\/?post_type=product&#038;p=20576"},"modified":"2025-10-28T18:17:47","modified_gmt":"2025-10-28T18:17:47","slug":"zlatni-dukat-isus-hrist","status":"publish","type":"product","link":"https:\/\/sezam.svetsajtova.com\/en\/shop\/dukati\/klasicni-kovani\/zlatni-dukat-isus-hrist\/","title":{"rendered":"Zlatni dukat &#8211; Isus Hrist"},"content":{"rendered":"","protected":false},"excerpt":{"rendered":"<p>Dukat predstavlja jedinstven i divan poklon za mnoge prilike. Sjajem i svojom velikom vredno\u0161\u0107u opominju i podse\u0107aju one koji su ih dobili na drage ljude koji su ih poklonili.<\/p>\n<p>Zlatnike izra\u0111ujemo po porud\u017ebini, o\u010dekivan rok izrade je 2-5 radnih dana. Uz zlatnike dobijate deklaraciju o zlatu, fino\u0107i, grama\u017ei i veli\u010dini, sve zlatnike pakujemo u elegantne ukrasne kutije.<\/p>\n<p><strong>Zlatnici fino\u0107e 900\/1000 dostupni su u slede\u0107im grama\u017eama:<\/strong><br \/>\n<strong>3,50 g<\/strong><\/p>\n<p><strong>NAPOMENA:<\/strong><strong><em>\u00a0Fotografije su informativnog karaktera.\u00a0<\/em><\/strong><\/p>","protected":false},"featured_media":20632,"comment_status":"closed","ping_status":"closed","template":"","meta":{"_acf_changed":false},"product_brand":[],"product_cat":[135,136],"product_tag":[],"class_list":{"0":"post-20576","1":"product","2":"type-product","3":"status-publish","4":"has-post-thumbnail","6":"product_cat-dukati","7":"product_cat-klasicni-kovani","9":"first","10":"instock","11":"shipping-taxable","12":"product-type-simple"},"acf":[],"_links":{"self":[{"href":"https:\/\/sezam.svetsajtova.com\/en\/wp-json\/wp\/v2\/product\/20576","targetHints":{"allow":["GET"]}}],"collection":[{"href":"https:\/\/sezam.svetsajtova.com\/en\/wp-json\/wp\/v2\/product"}],"about":[{"href":"https:\/\/sezam.svetsajtova.com\/en\/wp-json\/wp\/v2\/types\/product"}],"replies":[{"embeddable":true,"href":"https:\/\/sezam.svetsajtova.com\/en\/wp-json\/wp\/v2\/comments?post=20576"}],"version-history":[{"count":0,"href":"https:\/\/sezam.svetsajtova.com\/en\/wp-json\/wp\/v2\/product\/20576\/revisions"}],"wp:featuredmedia":[{"embeddable":true,"href":"https:\/\/sezam.svetsajtova.com\/en\/wp-json\/wp\/v2\/media\/20632"}],"wp:attachment":[{"href":"https:\/\/sezam.svetsajtova.com\/en\/wp-json\/wp\/v2\/media?parent=20576"}],"wp:term":[{"taxonomy":"product_brand","embeddable":true,"href":"https:\/\/sezam.svetsajtova.com\/en\/wp-json\/wp\/v2\/product_brand?post=20576"},{"taxonomy":"product_cat","embeddable":true,"href":"https:\/\/sezam.svetsajtova.com\/en\/wp-json\/wp\/v2\/product_cat?post=20576"},{"taxonomy":"product_tag","embeddable":true,"href":"https:\/\/sezam.svetsajtova.com\/en\/wp-json\/wp\/v2\/product_tag?post=20576"}],"curies":[{"name":"wp","href":"https:\/\/api.w.org\/{rel}","templated":true}]}}