{"id":20566,"date":"2025-10-28T18:17:31","date_gmt":"2025-10-28T18:17:31","guid":{"rendered":"https:\/\/sezam.svetsajtova.com\/?post_type=product&#038;p=20566"},"modified":"2025-10-28T18:17:41","modified_gmt":"2025-10-28T18:17:41","slug":"zlatna-poluga-20g-argor-heraeus","status":"publish","type":"product","link":"https:\/\/sezam.svetsajtova.com\/en\/shop\/cene\/zlatna-poluga-20g-argor-heraeus\/","title":{"rendered":"Zlatna poluga 20g \u2013 ARGOR HERAEUS"},"content":{"rendered":"<blockquote><p>Zlatna poluga 20g predstavlja visokokvalitetnu investiciju, izra\u0111enu od \u010distog zlata sa \u010disto\u0107om od 999,9. Ova poluga dolazi sa sertifikatom autenti\u010dnosti koji garantuje njenu pravost, kvalitet i poreklo. Pru\u017eaju\u0107i sigurnost svakom investitoru. Zahvaljuju\u0107i svojoj te\u017eini i vrednosti, poluga od 20 grama je idealan na\u010din da diversifikujete svoj investicioni portfolio. I za\u0161titite svoju imovinu od inflacije i tr\u017ei\u0161nih oscilacija.<\/p><\/blockquote>\n<p>Zlato je vekovima priznato kao sigurno uto\u010di\u0161te za kapital, a zlatna poluga od 20 grama donosi dugoro\u010dnu stabilnost i rast vrednosti, \u0161to je \u010dini odli\u010dnim alatom za o\u010duvanje imovine. Pored toga, zlato je globalno priznata valuta, \u0161to ovu polugu \u010dini lako likvidnom i pogodnom za konverziju u gotovinu bilo gde u svetu.<\/p>\n<p>Zlatna poluga 20g\u00a0 nije samo investicija, ve\u0107 i simbol presti\u017ea, luksuza i dugotrajnog blagostanja. Zbog svoje veli\u010dine i zna\u010dajne vrednosti, predstavlja savr\u0161en poklon za posebne prilike poput ven\u010danja, godi\u0161njica, ro\u0111endana ili kr\u0161tenja. Ovaj luksuzni predmet odu\u0161evi\u0107e svakog poklonika zlata i plemenitih metala, ostavljaju\u0107i sna\u017ean utisak.<\/p>\n<p>Ova poluga je tako\u0111e izuzetno pogodna za iskusne investitore koji \u017eele da pro\u0161ire svoj portfelj plemenitih metala, ali i za one koji tek zapo\u010dinju svoje ulaganje u zlato. Njena dugoro\u010dna vrednost i likvidnost omogu\u0107avaju sigurnost i fleksibilnost u svim tr\u017ei\u0161nim uslovima. Investiranje u zlatnu polugu od 20 grama predstavlja pametan i siguran korak ka o\u010duvanju imovine i za\u0161titi od ekonomskih turbulencija<\/p>","protected":false},"excerpt":{"rendered":"<p>Zlatna poluga od 20 grama izra\u0111ena je od \u010distog zlata sa \u010disto\u0107om od 999,9 i dolazi sa sertifikatom autenti\u010dnosti, \u0161to garantuje njen visok kvalitet i poreklo. Ova poluga predstavlja idealan na\u010din za za\u0161titu imovine od inflacije i tr\u017ei\u0161nih oscilacija, kao i odli\u010dnu investiciju za dugoro\u010dnu \u0161tednju. Zbog svoje veli\u010dine, pru\u017ea zna\u010dajnu vrednost, a istovremeno je lako prenosiva i skladi\u0161ljiva. Tako\u0111e, savr\u0161en je poklon za posebne prilike, poput ro\u0111endana, godi\u0161njica ili ven\u010danja, simbolizuju\u0107i presti\u017e i sigurnost.<\/p>","protected":false},"featured_media":20602,"comment_status":"closed","ping_status":"closed","template":"","meta":{"_acf_changed":false},"product_brand":[],"product_cat":[133,134],"product_tag":[],"class_list":{"0":"post-20566","1":"product","2":"type-product","3":"status-publish","4":"has-post-thumbnail","6":"product_cat-cene","7":"product_cat-zlatne-poluge","9":"first","10":"instock","11":"shipping-taxable","12":"purchasable","13":"product-type-simple"},"acf":[],"_links":{"self":[{"href":"https:\/\/sezam.svetsajtova.com\/en\/wp-json\/wp\/v2\/product\/20566","targetHints":{"allow":["GET"]}}],"collection":[{"href":"https:\/\/sezam.svetsajtova.com\/en\/wp-json\/wp\/v2\/product"}],"about":[{"href":"https:\/\/sezam.svetsajtova.com\/en\/wp-json\/wp\/v2\/types\/product"}],"replies":[{"embeddable":true,"href":"https:\/\/sezam.svetsajtova.com\/en\/wp-json\/wp\/v2\/comments?post=20566"}],"version-history":[{"count":0,"href":"https:\/\/sezam.svetsajtova.com\/en\/wp-json\/wp\/v2\/product\/20566\/revisions"}],"wp:featuredmedia":[{"embeddable":true,"href":"https:\/\/sezam.svetsajtova.com\/en\/wp-json\/wp\/v2\/media\/20602"}],"wp:attachment":[{"href":"https:\/\/sezam.svetsajtova.com\/en\/wp-json\/wp\/v2\/media?parent=20566"}],"wp:term":[{"taxonomy":"product_brand","embeddable":true,"href":"https:\/\/sezam.svetsajtova.com\/en\/wp-json\/wp\/v2\/product_brand?post=20566"},{"taxonomy":"product_cat","embeddable":true,"href":"https:\/\/sezam.svetsajtova.com\/en\/wp-json\/wp\/v2\/product_cat?post=20566"},{"taxonomy":"product_tag","embeddable":true,"href":"https:\/\/sezam.svetsajtova.com\/en\/wp-json\/wp\/v2\/product_tag?post=20566"}],"curies":[{"name":"wp","href":"https:\/\/api.w.org\/{rel}","templated":true}]}}