{"id":20565,"date":"2025-10-28T18:17:31","date_gmt":"2025-10-28T18:17:31","guid":{"rendered":"https:\/\/sezam.svetsajtova.com\/?post_type=product&#038;p=20565"},"modified":"2025-10-28T18:17:39","modified_gmt":"2025-10-28T18:17:39","slug":"zlatna-poluga-10g-argor-heraeus","status":"publish","type":"product","link":"https:\/\/sezam.svetsajtova.com\/en\/shop\/cene\/zlatna-poluga-10g-argor-heraeus\/","title":{"rendered":"Zlatna poluga 10g \u2013 ARGOR HERAEUS"},"content":{"rendered":"<p>Zahvaljujuc\u0301i svom diskretnom dizajnu, predstavljaju odli\u010dno sredstvo za preno\u0161enje vrednosti kroz prostor i vreme. \u010cak i bogatiji investitori \u2013 koji imaju tendenciju da kupuju vec\u0301e poluge \u2013 balansiraju svoje portfelje sa investicionim proizvodima sa manjim kapitalom iz prakti\u010dnih razloga. Zlatne poluge od 10 grama odli\u010dno obavljaju ovu funkciju.<\/p>\n<p>Zlatne poluge od 10 grama mogu se koristiti i kao poklon za posebne prilike. U ovom slu\u010daju, mogu se isporu\u010diti i u ekskluzivnim poklon kutijama. Svojom po\u017eeljno\u0161c\u0301u ostavic\u0301e sna\u017ean utisak na primaoca.<\/p>\n<p>Iako je vrednost zlatne poluge od 10 grama znatno vec\u0301a od vrednosti velikog broja svakodnevnih transakcija, to ne zna\u010di da se poluge od 10 grama ne mogu koristiti kao sredstvo za pretvaranje trajnih sredstava u likvidna sredstva. Ako je potrebno, poluga se mo\u017ee lako unov\u010diti.<\/p>\n<h4>Proizvo\u0111a\u010di investicionih zlatnih poluga od 10 grama<\/h4>\n<p>U ponudi imamo investicone zlatne poluge od 10\u00a0 grama vode\u0107ih europskih i svetskih kovnica plemenitih kovina:<\/p>\n<ul>\n<li>Argor Heraeus<\/li>\n<li>Heraues<\/li>\n<li>Valcambi<\/li>\n<li>M\u00fcnze \u00d6sterreich<\/li>\n<li>Umicore<\/li>\n<\/ul>","protected":false},"excerpt":{"rendered":"<p>Zlatna poluga od 10 grama izra\u0111ena je od \u010distog zlata sa \u010disto\u0107om od 999,9 i dolazi sa sertifikatom autenti\u010dnosti, \u0161to garantuje njen visok kvalitet i poreklo. Ova poluga predstavlja idealan na\u010din za za\u0161titu imovine od inflacije i tr\u017ei\u0161nih oscilacija, kao i odli\u010dnu investiciju za dugoro\u010dnu \u0161tednju. Zbog svoje veli\u010dine, pru\u017ea zna\u010dajnu vrednost, a istovremeno je lako prenosiva i skladi\u0161ljiva. Tako\u0111e, savr\u0161en je poklon za posebne prilike, poput ro\u0111endana, godi\u0161njica ili ven\u010danja, simbolizuju\u0107i presti\u017e i sigurnost.<\/p>","protected":false},"featured_media":20599,"comment_status":"closed","ping_status":"closed","template":"","meta":{"_acf_changed":false},"product_brand":[],"product_cat":[133,134],"product_tag":[],"class_list":{"0":"post-20565","1":"product","2":"type-product","3":"status-publish","4":"has-post-thumbnail","6":"product_cat-cene","7":"product_cat-zlatne-poluge","9":"first","10":"instock","11":"shipping-taxable","12":"purchasable","13":"product-type-simple"},"acf":[],"_links":{"self":[{"href":"https:\/\/sezam.svetsajtova.com\/en\/wp-json\/wp\/v2\/product\/20565","targetHints":{"allow":["GET"]}}],"collection":[{"href":"https:\/\/sezam.svetsajtova.com\/en\/wp-json\/wp\/v2\/product"}],"about":[{"href":"https:\/\/sezam.svetsajtova.com\/en\/wp-json\/wp\/v2\/types\/product"}],"replies":[{"embeddable":true,"href":"https:\/\/sezam.svetsajtova.com\/en\/wp-json\/wp\/v2\/comments?post=20565"}],"version-history":[{"count":0,"href":"https:\/\/sezam.svetsajtova.com\/en\/wp-json\/wp\/v2\/product\/20565\/revisions"}],"wp:featuredmedia":[{"embeddable":true,"href":"https:\/\/sezam.svetsajtova.com\/en\/wp-json\/wp\/v2\/media\/20599"}],"wp:attachment":[{"href":"https:\/\/sezam.svetsajtova.com\/en\/wp-json\/wp\/v2\/media?parent=20565"}],"wp:term":[{"taxonomy":"product_brand","embeddable":true,"href":"https:\/\/sezam.svetsajtova.com\/en\/wp-json\/wp\/v2\/product_brand?post=20565"},{"taxonomy":"product_cat","embeddable":true,"href":"https:\/\/sezam.svetsajtova.com\/en\/wp-json\/wp\/v2\/product_cat?post=20565"},{"taxonomy":"product_tag","embeddable":true,"href":"https:\/\/sezam.svetsajtova.com\/en\/wp-json\/wp\/v2\/product_tag?post=20565"}],"curies":[{"name":"wp","href":"https:\/\/api.w.org\/{rel}","templated":true}]}}